{"id":96,"date":"2012-12-02T14:50:59","date_gmt":"2012-12-02T14:50:59","guid":{"rendered":"http:\/\/www2156.vu.lt\/?page_id=96"},"modified":"2026-03-10T15:55:13","modified_gmt":"2026-03-10T13:55:13","slug":"akademiniai","status":"publish","type":"page","link":"https:\/\/www.vokes.vilnius.lm.lt\/?page_id=96","title":{"rendered":"Akademiniai"},"content":{"rendered":"<div class=\"entry\">\n<p><span style=\"font-size: 14pt;\"><strong><span style=\"font-family: times new roman,times,serif;\">2025-2026 M. M.<\/span><\/strong><\/span><\/p>\n<p><a title=\"TARPMOKYKLIN\u0116 VIKTORINA \u201eATRASK LIETUV\u0104\u201c\" href=\"https:\/\/www.vokes.vilnius.lm.lt\/?p=27021\"><span style=\"font-family: 'times new roman', times, serif; font-size: 14pt;\">TARPMOKYKLIN\u0116 VIKTORINA \u201eATRASK LIETUV\u0104\u201c<\/span><\/a><\/p>\n<p><a title=\"PASIEKIMAI BIOLOGIJOS OLIMPIADOSE\" href=\"https:\/\/www.vokes.vilnius.lm.lt\/?p=26997\"><span style=\"font-family: 'times new roman', times, serif; font-size: 14pt;\">PASIEKIMAI BIOLOGIJOS OLIMPIADOSE<\/span><\/a><\/p>\n<p><span style=\"font-size: 14pt;\"><strong><span style=\"font-family: times new roman,times,serif;\">2024-2025 M. M.<\/span><\/strong><\/span><\/p>\n<p><span style=\"font-family: 'times new roman', times, serif; font-size: 14pt;\"><a href=\"http:\/\/www.vokes.vilnius.lm.lt\/?p=25240\">Biologijos olimpiados laim\u0117tojai<\/a><\/span><\/p>\n<p style=\"text-align: justify;\"><span style=\"font-family: 'times new roman', times, serif; font-size: 14pt;\">Kaip ir kasmet m\u016bs\u0173 gimnazijos 5-8, 9-12 klasi\u0173 mokiniai dalyvauja\u00a0 biologijos olimpiadose.\u00a0 \u0160iemet\u00a0XVIII Lietuvos 5\u20138 klasi\u0173 mokini\u0173 biologijos olimpiadoje dalyvavo daugiau kaip 3000 moksleivi\u0173 i\u0161 54 Lietuvos savivaldybi\u0173. Labai d\u017eiaugiam\u0117s ir sveikiname 8b kl. mokin\u0119 Gust\u0119 Eglynait\u0119, Vilniaus miesto etape laim\u0117jusi\u0105 III viet\u0105, kuri buvo pakviesta dalyvauti ir\u00a0 respublikiniame etape. Mokin\u0119 ruo\u0161\u0117 biologijos mokytoja metodinin\u0117 Agn\u0117 Avi\u017eienien\u0117. Taip pat sveikiname 5b kl. mokin\u012f Juli\u0173 Kalnik\u0105 u\u017e puikius rezultatus\u00a0 biologijos olimpiados Vilniaus miesto etape. Mokin\u012f ruo\u0161\u0117 chemijos vyresnioji mokytoja Ina Razmislevi\u010dien\u0117.<\/span><\/p>\n<p style=\"text-align: justify;\"><span style=\"font-family: 'times new roman', times, serif; font-size: 14pt;\">XII klas\u0117s mokinys Mantas Gruzdzevi\u010dius (mokyt. J\u016brat\u0117 Bendoraityt\u0117) tapo geriausiu matematiku Vilniaus Trak\u0173 Vok\u0117s gimnazijoje. Pad\u0117k\u0105 \u012fteik\u0117 Kauno technologijos universiteto matematikos ir gamtos moksl\u0173 fakulteto dekanas doc. dr. K\u0119stutis Luk\u0161ys.<\/span><\/p>\n<p><span style=\"font-family: 'times new roman', times, serif; font-size: 14pt;\">Vilniaus miesto 3-4 klasi\u0173 mokini\u0173 diktanto konkurse \u201eMa\u017e\u0173j\u0173 diktantas\u201d, 3b klas\u0117s mokin\u0117\u00a0Evita Plauskait\u0117\u00a0laim\u0117jo I-\u0105 viet\u0105 (mokytoja Edita \u017dalien\u0117).<\/span><\/p>\n<p><span style=\"font-family: 'times new roman', times, serif; font-size: 14pt;\">5-IV KLASI\u0172 MOKINIAI,\u00a0<\/span><span style=\"font-family: 'times new roman', times, serif; font-size: 14pt;\">I PUSMET\u012e BAIG\u0118 LABAI GERAIS PA\u017dYMIAIS:<\/span><\/p>\n<p><span style=\"font-family: 'times new roman', times, serif; font-size: 14pt;\">1. Deimant\u0117 Da\u0161kevi\u010di\u016bt\u0117 \u2013 5a kl.<\/span><br \/>\n<span style=\"font-family: 'times new roman', times, serif; font-size: 14pt;\">2. Greta Zinkevi\u010di\u016bt\u0117 \u2013 5a kl.<\/span><br \/>\n<span style=\"font-family: 'times new roman', times, serif; font-size: 14pt;\">3. Mantas Zalieckas \u2013 5a kl.<\/span><br \/>\n<span style=\"font-family: 'times new roman', times, serif; font-size: 14pt;\">4. Julius Kalnikas \u2013 5b kl.<\/span><br \/>\n<span style=\"font-family: 'times new roman', times, serif; font-size: 14pt;\">5. Emilis Bak\u0161ys \u2013 5b kl.<\/span><br \/>\n<span style=\"font-family: 'times new roman', times, serif; font-size: 14pt;\">6. Aust\u0117ja Malinauskait\u0117 \u2013 5b kl.<\/span><br \/>\n<span style=\"font-family: 'times new roman', times, serif; font-size: 14pt;\">7. Gust\u0117 \u0160imanskyt\u0117 \u2013 6a kl.<\/span><br \/>\n<span style=\"font-family: 'times new roman', times, serif; font-size: 14pt;\">8. Liepa Veselkait\u0117 \u2013 6a kl.<\/span><br \/>\n<span style=\"font-family: 'times new roman', times, serif; font-size: 14pt;\">9. Sol\u0117ja Gutmonait\u0117 \u2013 6b kl.<\/span><br \/>\n<span style=\"font-family: 'times new roman', times, serif; font-size: 14pt;\">10. Laurynas Petkevi\u010dius \u2013 6b kl.<\/span><br \/>\n<span style=\"font-family: 'times new roman', times, serif; font-size: 14pt;\">11. Milda Rinkevi\u010di\u016bt\u0117 \u2013 7a kl.<\/span><br \/>\n<span style=\"font-family: 'times new roman', times, serif; font-size: 14pt;\">12. Eivil\u0117 Pusva\u0161kyt\u0117 \u2013 7a kl.<\/span><br \/>\n<span style=\"font-family: 'times new roman', times, serif; font-size: 14pt;\">13. Lukas Petkevi\u010dius \u2013 8a kl.<\/span><br \/>\n<span style=\"font-family: 'times new roman', times, serif; font-size: 14pt;\">14. Migl\u0117 Savickait\u0117 \u2013 8b kl.<\/span><br \/>\n<span style=\"font-family: 'times new roman', times, serif; font-size: 14pt;\">15. Gust\u0117 Eglynait\u0117 \u2013 8b kl.<\/span><br \/>\n<span style=\"font-family: 'times new roman', times, serif; font-size: 14pt;\">16. Indr\u0117 Ven\u010dkauskait\u0117 \u2013 8b kl.<\/span><br \/>\n<span style=\"font-family: 'times new roman', times, serif; font-size: 14pt;\">17. Adrija \u017dibelyt\u0117 \u2013 Ib kl.<\/span><br \/>\n<span style=\"font-family: 'times new roman', times, serif; font-size: 14pt;\">18. Gabija Morozait\u0117 \u2013 Ib kl.<\/span><br \/>\n<span style=\"font-family: 'times new roman', times, serif; font-size: 14pt;\">19. Ieva Rudokait\u0117 \u2013 Ib kl.<\/span><br \/>\n<span style=\"font-family: 'times new roman', times, serif; font-size: 14pt;\">20. Agn\u0117 Savickait\u0117 \u2013 IIa kl.<\/span><br \/>\n<span style=\"font-family: 'times new roman', times, serif; font-size: 14pt;\">21. Agn\u0117 Kala\u0161nikovait\u0117 \u2013 IIb kl.<\/span><br \/>\n<span style=\"font-family: 'times new roman', times, serif; font-size: 14pt;\">22. Kamila Nevero \u2013 IIb kl.<\/span><br \/>\n<span style=\"font-family: 'times new roman', times, serif; font-size: 14pt;\">23. Lukas Delnickas \u2013 III kl.<\/span><br \/>\n<span style=\"font-family: 'times new roman', times, serif; font-size: 14pt;\">24. Mantas Gruzdzevi\u010dius \u2013 IV kl.<\/span><\/p>\n<p><span style=\"font-size: 14pt;\"><strong><span style=\"font-family: times new roman,times,serif;\">2023-2024 M. M.<\/span><\/strong><\/span><\/p>\n<p style=\"text-align: justify;\"><span style=\"font-family: 'times new roman', times, serif; font-size: 14pt;\">Norime pasid\u017eiaugti m\u016bs\u0173 2022-2023 met\u0173 abiturient\u0173 pasiekimais. \u0160alies reiting\u0173 lentel\u0117je tarp 60 geriausiai i\u0161mokan\u010di\u0173 angl\u0173 kalbos, gimnazija yra 45 vietoje (mokytoja Jolanta Chludokien\u0117), istorijos (14 vieta) mokytoja Reda Na\u0161li\u016bnien\u0117 , biologijos (49 vieta)\u00a0 mokytoja Agn\u0117 Avi\u017eienien\u0117, rus\u0173 (52 vieta) mokytoja Tatjana Jan\u010denko. Gimnazij\u0173 reitingas buvo sudarytas pagal valstybini\u0173 egzamin\u0173 rezultatus.<\/span><br \/>\n<span style=\"font-family: 'times new roman', times, serif; font-size: 14pt;\">Viena abiturient\u0117 i\u0161 lietuvi\u0173 kalbos (mokytoja Albina Korablikovien\u0117) ir angl\u0173 kalbos (mokytoja Jolanta Chludokien\u0117) gavo po 100 bal\u0173. Dar du gimnazistai gavo po vien\u0105 \u0161imtuk\u0105 i\u0161 angl\u0173 kalbos ir lietuvi\u0173 kalbos. (mokytojos Jolanta Chludokien\u0117 ir Albina Korablikovien\u0117).<\/span><br \/>\n<span style=\"font-family: 'times new roman', times, serif; font-size: 14pt;\">Vilniaus Trak\u0173 Vok\u0117s gimnazija 2023-2024 m.m. gali pasid\u017eiaugti ne tik brandos egzamin\u0173 rezultatais, bet ir akademiniais, meniniais, sportiniais pasiekimais.<\/span><\/p>\n<ul>\n<li><span style=\"font-family: 'times new roman', times, serif; font-size: 14pt;\">III klas\u0117s mokinys Mantas Gruzdzevi\u010dius (mokytoja Kristina \u010ciapien\u0117) Vilniaus miesto angl\u0173 kalbos olimpiadoje u\u017e\u0117m\u0117 II viet\u0105.<\/span><\/li>\n<li style=\"text-align: justify;\"><span style=\"font-family: 'times new roman', times, serif; font-size: 14pt;\">Ib klas\u0117s mokin\u0117 Kamila Nevero (mokytoja Agn\u0117 Avi\u017eienien\u0117) Vilniaus miesto biologijos olimpiadoje u\u017e\u0117m\u0117 III viet\u0105.<\/span><\/li>\n<li style=\"text-align: justify;\"><span style=\"font-family: 'times new roman', times, serif; font-size: 14pt;\">1-4 klasi\u0173 mokiniai puikiai pasirod\u0117 Vilniaus P. Vilei\u0161io progimnazijoje vykusiame respublikiniame \u0161oki\u0173 konkurse ,,Vilei\u0161io taur\u0117 -2024 . 30 mokini\u0173 u\u017e\u0117m\u0117 pirmas vietas, 27 mokiniai &#8211; II\u00a0 ir 20 mokini\u0173-\u00a0 III vietas. (mokytoja J\u016brat\u0117 Tomkuvien\u0117).<\/span><\/li>\n<li style=\"text-align: justify;\"><span style=\"font-family: 'times new roman', times, serif; font-size: 14pt;\">6b klas\u0117s mokin\u0117 Sofija Urliuk tapybos darb\u0173 plenere ,,Medeinos globoje 2023 \u00a0(mokytojas Justas V\u0117bra).<\/span><\/li>\n<li style=\"text-align: justify;\"><span style=\"font-family: 'times new roman', times, serif; font-size: 14pt;\">Gimnazijos l\u0117k\u0161\u010diasvyd\u017eio komanda (mokytojas K\u0119stutis Ba\u010dkis) Lietuvos jaunimo l\u0117k\u0161\u010diasvyd\u017eio \u010dempionate iki 14 met\u0173, vaikinai ir merginos u\u017e\u0117m\u0117 I vietas. Merginos am\u017eiaus grup\u0117 iki 19 met\u0173 u\u017e\u0117m\u0117 I viet\u0105, vaikinai am\u017eiaus grup\u0117je iki 16 met\u0173 u\u017e\u0117m\u0117 III viet\u0105. Vaikinai am\u017eiaus grup\u0117je iki 19 met\u0173 u\u017e\u0117m\u0117 II viet\u0105.<\/span><\/li>\n<li style=\"text-align: justify;\"><span style=\"font-family: 'times new roman', times, serif; font-size: 14pt;\">III gimnazin\u0117s klas\u0117s mokinys Alen Urliuk laim\u0117jo II viet\u0105 Vilniaus miesto informatikos olimpiadoje, o Mantas Gruzdzevi\u010dius &#8211; III viet\u0105 (mokytoja Romena Amos\u0117jevait\u0117).<\/span><\/li>\n<li style=\"text-align: justify;\"><span style=\"font-family: 'times new roman', times, serif; font-size: 14pt;\">5b klas\u0117s mokin\u0117 Sol\u0117ja Gutmonait\u0117 Vilniaus miesto 5-8 klasi\u0173 mokini\u0173 biologijos olimpiadoje u\u017e\u0117m\u0117 I viet\u0105 (mokyt. Agn\u0117 Avi\u017eienien\u0117).\u00a0<\/span><span style=\"font-family: 'times new roman', times, serif; font-size: 14pt;\">7a klas\u0117s mokinys Lukas Petkevi\u010dius Vilniaus miesto 5-8 klasi\u0173 mokini\u0173 biologijos olimpiadoje u\u017e\u0117m\u0117 II viet\u0105. (mokyt. Agn\u0117 Avi\u017eienien\u0117).<\/span><\/li>\n<\/ul>\n<\/div>\n","protected":false},"excerpt":{"rendered":"<p>2025-2026 M. M. TARPMOKYKLIN\u0116 VIKTORINA \u201eATRASK LIETUV\u0104\u201c PASIEKIMAI BIOLOGIJOS OLIMPIADOSE 2024-2025 M. M. Biologijos olimpiados laim\u0117tojai Kaip ir kasmet m\u016bs\u0173 gimnazijos 5-8, 9-12 klasi\u0173 mokiniai dalyvauja\u00a0 biologijos olimpiadose.\u00a0 \u0160iemet\u00a0XVIII Lietuvos 5\u20138 klasi\u0173 mokini\u0173 biologijos olimpiadoje dalyvavo daugiau kaip 3000 moksleivi\u0173 i\u0161 54 Lietuvos savivaldybi\u0173. Labai d\u017eiaugiam\u0117s ir sveikiname 8b kl. mokin\u0119 Gust\u0119 Eglynait\u0119, Vilniaus miesto &#8230;<\/p>\n","protected":false},"author":1,"featured_media":0,"parent":18,"menu_order":0,"comment_status":"closed","ping_status":"closed","template":"","meta":{"footnotes":""},"class_list":["post-96","page","type-page","status-publish"],"_links":{"self":[{"href":"https:\/\/www.vokes.vilnius.lm.lt\/index.php?rest_route=\/wp\/v2\/pages\/96","targetHints":{"allow":["GET"]}}],"collection":[{"href":"https:\/\/www.vokes.vilnius.lm.lt\/index.php?rest_route=\/wp\/v2\/pages"}],"about":[{"href":"https:\/\/www.vokes.vilnius.lm.lt\/index.php?rest_route=\/wp\/v2\/types\/page"}],"author":[{"embeddable":true,"href":"https:\/\/www.vokes.vilnius.lm.lt\/index.php?rest_route=\/wp\/v2\/users\/1"}],"replies":[{"embeddable":true,"href":"https:\/\/www.vokes.vilnius.lm.lt\/index.php?rest_route=%2Fwp%2Fv2%2Fcomments&post=96"}],"version-history":[{"count":114,"href":"https:\/\/www.vokes.vilnius.lm.lt\/index.php?rest_route=\/wp\/v2\/pages\/96\/revisions"}],"predecessor-version":[{"id":27185,"href":"https:\/\/www.vokes.vilnius.lm.lt\/index.php?rest_route=\/wp\/v2\/pages\/96\/revisions\/27185"}],"up":[{"embeddable":true,"href":"https:\/\/www.vokes.vilnius.lm.lt\/index.php?rest_route=\/wp\/v2\/pages\/18"}],"wp:attachment":[{"href":"https:\/\/www.vokes.vilnius.lm.lt\/index.php?rest_route=%2Fwp%2Fv2%2Fmedia&parent=96"}],"curies":[{"name":"wp","href":"https:\/\/api.w.org\/{rel}","templated":true}]}}