{"id":43,"date":"2012-12-02T14:08:43","date_gmt":"2012-12-02T14:08:43","guid":{"rendered":"http:\/\/www2156.vu.lt\/?page_id=43"},"modified":"2026-01-07T11:23:00","modified_gmt":"2026-01-07T09:23:00","slug":"prasymai","status":"publish","type":"page","link":"https:\/\/www.vokes.vilnius.lm.lt\/?page_id=43","title":{"rendered":"Pra\u0161ymai"},"content":{"rendered":"<div class=\"entry\">\n<ul>\n<li><span style=\"font-family: 'times new roman', times, serif; font-size: 14pt;\"><a href=\"http:\/\/www.vokes.vilnius.lm.lt\/wp-content\/uploads\/2025\/04\/PRASYMAS-MOKINIO-PAZYM.pdf\" target=\"_blank\" rel=\"noopener noreferrer\">Pra\u0161ymas d\u0117l mokinio pa\u017eym\u0117jimo i\u0161davimo<\/a><\/span><\/li>\n<\/ul>\n<ul>\n<li><span style=\"font-size: 14pt; font-family: 'times new roman', times, serif;\"><a href=\"http:\/\/www.vokes.vilnius.lm.lt\/wp-content\/uploads\/2026\/01\/PRASYMas-del-DORINIO-pasirinkimo-mokiniui.pdf\" target=\"_blank\" rel=\"noopener noreferrer\">Pra\u0161ymas d\u0117l dorinio pasirinkimo (mokiniui)<\/a><\/span><\/li>\n<\/ul>\n<ul>\n<li><span style=\"font-size: 14pt; font-family: 'times new roman', times, serif;\"><a href=\"http:\/\/www.vokes.vilnius.lm.lt\/wp-content\/uploads\/2026\/01\/Prasymas_del_DORINIO.pdf\" target=\"_blank\" rel=\"noopener noreferrer\">Pra\u0161ymas d\u0117l dorinio pasirinkimo<\/a><\/span><\/li>\n<\/ul>\n<ul>\n<li><span style=\"font-size: 14pt; font-family: 'times new roman', times, serif;\"><a href=\"http:\/\/www.vokes.vilnius.lm.lt\/wp-content\/uploads\/2025\/04\/Prasymas_del_II_uzsienio_klb.pdf\" target=\"_blank\" rel=\"noopener noreferrer\">Pra\u0161ymas d\u0117l II u\u017esienio kalbos<\/a><\/span><\/li>\n<\/ul>\n<ul>\n<li><span style=\"font-size: 14pt; font-family: 'times new roman', times, serif;\"><a href=\"http:\/\/www.vokes.vilnius.lm.lt\/wp-content\/uploads\/2025\/04\/Prasymas-ISVYKAI.pdf\" target=\"_blank\" rel=\"noopener noreferrer\">Pra\u0161ymas d\u0117l i\u0161vykos su mokiniais<\/a><\/span><\/li>\n<\/ul>\n<p>&nbsp;<\/p>\n<p>&nbsp;<\/p>\n<p>&nbsp;<\/p>\n<p>&nbsp;<\/p>\n<p>&nbsp;<\/p>\n<p>&nbsp;<\/p>\n<p>&nbsp;<\/p>\n<\/div>\n","protected":false},"excerpt":{"rendered":"<p>Pra\u0161ymas d\u0117l mokinio pa\u017eym\u0117jimo i\u0161davimo Pra\u0161ymas d\u0117l dorinio pasirinkimo (mokiniui) Pra\u0161ymas d\u0117l dorinio pasirinkimo Pra\u0161ymas d\u0117l II u\u017esienio kalbos Pra\u0161ymas d\u0117l i\u0161vykos su mokiniais &nbsp; &nbsp; &nbsp; &nbsp; &nbsp; &nbsp; &nbsp;<\/p>\n","protected":false},"author":1,"featured_media":0,"parent":41,"menu_order":0,"comment_status":"closed","ping_status":"closed","template":"","meta":{"footnotes":""},"class_list":["post-43","page","type-page","status-publish"],"_links":{"self":[{"href":"https:\/\/www.vokes.vilnius.lm.lt\/index.php?rest_route=\/wp\/v2\/pages\/43","targetHints":{"allow":["GET"]}}],"collection":[{"href":"https:\/\/www.vokes.vilnius.lm.lt\/index.php?rest_route=\/wp\/v2\/pages"}],"about":[{"href":"https:\/\/www.vokes.vilnius.lm.lt\/index.php?rest_route=\/wp\/v2\/types\/page"}],"author":[{"embeddable":true,"href":"https:\/\/www.vokes.vilnius.lm.lt\/index.php?rest_route=\/wp\/v2\/users\/1"}],"replies":[{"embeddable":true,"href":"https:\/\/www.vokes.vilnius.lm.lt\/index.php?rest_route=%2Fwp%2Fv2%2Fcomments&post=43"}],"version-history":[{"count":43,"href":"https:\/\/www.vokes.vilnius.lm.lt\/index.php?rest_route=\/wp\/v2\/pages\/43\/revisions"}],"predecessor-version":[{"id":26422,"href":"https:\/\/www.vokes.vilnius.lm.lt\/index.php?rest_route=\/wp\/v2\/pages\/43\/revisions\/26422"}],"up":[{"embeddable":true,"href":"https:\/\/www.vokes.vilnius.lm.lt\/index.php?rest_route=\/wp\/v2\/pages\/41"}],"wp:attachment":[{"href":"https:\/\/www.vokes.vilnius.lm.lt\/index.php?rest_route=%2Fwp%2Fv2%2Fmedia&parent=43"}],"curies":[{"name":"wp","href":"https:\/\/api.w.org\/{rel}","templated":true}]}}