{"id":3882,"date":"2015-11-30T14:56:05","date_gmt":"2015-11-30T14:56:05","guid":{"rendered":"http:\/\/www.vokes.vilnius.lm.lt\/?page_id=3882"},"modified":"2026-05-14T12:02:10","modified_gmt":"2026-05-14T10:02:10","slug":"pradinuku-renginiai","status":"publish","type":"page","link":"https:\/\/www.vokes.vilnius.lm.lt\/?page_id=3882","title":{"rendered":"Pradinuk\u0173 renginiai"},"content":{"rendered":"<div class=\"entry\">\n<p><span style=\"text-decoration: underline;\"><strong><span style=\"font-family: 'times new roman', times, serif; font-size: 14pt;\">2025-2026 m. m.<\/span><\/strong><\/span><\/p>\n<ul>\n<li><a href=\"https:\/\/www.vokes.vilnius.lm.lt\/?p=27560\"><span style=\"font-family: 'times new roman', times, serif; font-size: 14pt;\">Mokom\u0117s i\u0161 t\u0117veli\u0173<\/span><\/a><\/li>\n<li><span style=\"font-size: 14pt;\"><a href=\"https:\/\/www.vokes.vilnius.lm.lt\/?p=27402\"><span style=\"font-family: 'times new roman', times, serif;\">Mokom\u0117s i\u0161 t\u0117veli\u0173<\/span><\/a><\/span><\/li>\n<\/ul>\n<p><span style=\"text-decoration: underline; font-size: 14pt;\"><span style=\"font-family: 'times new roman', times, serif;\"><strong>2024-2025 m. m.<\/strong><\/span><\/span><\/p>\n<ul>\n<li><span style=\"font-size: 14pt;\"><a href=\"http:\/\/www.vokes.vilnius.lm.lt\/?p=25340\"><span style=\"font-family: 'times new roman', times, serif;\">Vaik\u0173 vasaros stovykla \u201eVilnius ve\u017ea \u012f atostogas\u201d<\/span><\/a><\/span><\/li>\n<li><span style=\"font-size: 14pt;\"><a href=\"http:\/\/www.vokes.vilnius.lm.lt\/?p=24198\"><span style=\"font-family: 'times new roman', times, serif;\">Sausio 13\u2013oji<\/span><\/a><\/span><\/li>\n<li><span style=\"font-size: 14pt;\"><a href=\"http:\/\/www.vokes.vilnius.lm.lt\/?p=24041\"><span style=\"font-family: 'times new roman', times, serif;\">\u0160okio spektaklis<\/span><\/a><\/span><\/li>\n<\/ul>\n<p><span style=\"text-decoration: underline; font-size: 14pt;\"><span style=\"font-family: 'times new roman', times, serif;\"><strong>2023-2024 m. m.<\/strong><\/span><\/span><\/p>\n<ul>\n<li><span style=\"font-size: 14pt;\"><a href=\"http:\/\/www.vokes.vilnius.lm.lt\/?p=23090\"><span style=\"font-family: 'times new roman', times, serif;\">Gamtamokslin\u0117 konferencija \u201eEksperimentomanija\u201c<\/span><\/a><\/span><\/li>\n<li><span style=\"font-size: 14pt;\"><a href=\"http:\/\/www.vokes.vilnius.lm.lt\/?p=22884\"><span style=\"font-family: 'times new roman', times, serif;\">Gimnazijoje sve\u010diavosi Vilniaus universiteto Vaikyst\u0117s pedagogikos studij\u0173 programos student\u0117s <\/span><\/a><\/span><\/li>\n<li><span style=\"font-size: 14pt;\"><a href=\"http:\/\/www.vokes.vilnius.lm.lt\/?p=21657\"><span style=\"font-family: 'times new roman', times, serif;\">Meninio skaitymo kunkurso I etapas<\/span><\/a><\/span><\/li>\n<\/ul>\n<\/div>\n","protected":false},"excerpt":{"rendered":"<p>2025-2026 m. m. Mokom\u0117s i\u0161 t\u0117veli\u0173 Mokom\u0117s i\u0161 t\u0117veli\u0173 2024-2025 m. m. Vaik\u0173 vasaros stovykla \u201eVilnius ve\u017ea \u012f atostogas\u201d Sausio 13\u2013oji \u0160okio spektaklis 2023-2024 m. m. Gamtamokslin\u0117 konferencija \u201eEksperimentomanija\u201c Gimnazijoje sve\u010diavosi Vilniaus universiteto Vaikyst\u0117s pedagogikos studij\u0173 programos student\u0117s Meninio skaitymo kunkurso I etapas<\/p>\n","protected":false},"author":1,"featured_media":0,"parent":20,"menu_order":0,"comment_status":"closed","ping_status":"closed","template":"","meta":{"footnotes":""},"class_list":["post-3882","page","type-page","status-publish"],"_links":{"self":[{"href":"https:\/\/www.vokes.vilnius.lm.lt\/index.php?rest_route=\/wp\/v2\/pages\/3882","targetHints":{"allow":["GET"]}}],"collection":[{"href":"https:\/\/www.vokes.vilnius.lm.lt\/index.php?rest_route=\/wp\/v2\/pages"}],"about":[{"href":"https:\/\/www.vokes.vilnius.lm.lt\/index.php?rest_route=\/wp\/v2\/types\/page"}],"author":[{"embeddable":true,"href":"https:\/\/www.vokes.vilnius.lm.lt\/index.php?rest_route=\/wp\/v2\/users\/1"}],"replies":[{"embeddable":true,"href":"https:\/\/www.vokes.vilnius.lm.lt\/index.php?rest_route=%2Fwp%2Fv2%2Fcomments&post=3882"}],"version-history":[{"count":222,"href":"https:\/\/www.vokes.vilnius.lm.lt\/index.php?rest_route=\/wp\/v2\/pages\/3882\/revisions"}],"predecessor-version":[{"id":27562,"href":"https:\/\/www.vokes.vilnius.lm.lt\/index.php?rest_route=\/wp\/v2\/pages\/3882\/revisions\/27562"}],"up":[{"embeddable":true,"href":"https:\/\/www.vokes.vilnius.lm.lt\/index.php?rest_route=\/wp\/v2\/pages\/20"}],"wp:attachment":[{"href":"https:\/\/www.vokes.vilnius.lm.lt\/index.php?rest_route=%2Fwp%2Fv2%2Fmedia&parent=3882"}],"curies":[{"name":"wp","href":"https:\/\/api.w.org\/{rel}","templated":true}]}}