{"id":3873,"date":"2015-11-25T06:40:46","date_gmt":"2015-11-25T06:40:46","guid":{"rendered":"http:\/\/www.vokes.vilnius.lm.lt\/?page_id=3873"},"modified":"2017-04-10T13:27:40","modified_gmt":"2017-04-10T11:27:40","slug":"apie-mokykla","status":"publish","type":"page","link":"https:\/\/www.vokes.vilnius.lm.lt\/?page_id=3873","title":{"rendered":"Apie mus ra\u0161o"},"content":{"rendered":"<div class=\"entry\">\n<ul>\n<li>\n<div><a href=\"http:\/\/leu.lt\/lt\/leu_naujienos\/susitikimai-ir-vizitai\/traku-vokes-gimnazija.html\"><span style=\"font-family: 'times new roman', times, serif; font-size: 14pt;\">http:\/\/leu.lt\/lt\/leu_naujienos\/susitikimai-ir-vizitai\/traku-vokes-gimnazija.html&nbsp;&nbsp;<\/span><\/a><\/div>\n<\/li>\n<li><a href=\"https:\/\/leu.lt\/lt\/umf_ugdymo_pagrindu_katedra\/upk_naujienos\/ii-kurso-studentu-38mc.html\"><span style=\"font-family: 'times new roman', times, serif; font-size: 14pt;\">https:\/\/leu.lt\/lt\/umf_ugdymo_pagrindu_katedra\/upk_naujienos\/ii-kurso-studentu-38mc.html<\/span><\/a><\/li>\n<li><span style=\"font-size: 14pt; font-family: 'times new roman', times, serif;\"><a href=\"http:\/\/www.trakubiblioteka.lt\/lt\/2508-molyje-gyvenanti-siluma\" target=\"_blank\">http:\/\/www.trakubiblioteka.lt\/<wbr>lt\/2508-molyje-gyvenanti-<wbr>siluma<\/a><\/span><\/li>\n<li><span style=\"font-size: 14pt; font-family: 'times new roman', times, serif;\"><a href=\"http:\/\/www.lmnsc.lt\/lt\/naujienos\/1633\">http:\/\/www.lmnsc.lt\/lt\/naujienos\/1633<\/a><\/span><\/li>\n<li><span style=\"font-size: 14pt; font-family: 'times new roman', times, serif;\"><a href=\"http:\/\/www.trakaisc.lt\/naujienos-vilnijos_krastas.php\">http:\/\/www.trakaisc.lt\/naujienos-vilnijos_krastas.php<\/a><\/span><\/li>\n<li><span style=\"font-size: 14pt; font-family: 'times new roman', times, serif;\"><a href=\"https:\/\/www.goethe.de\/ins\/lt\/lt\/ver.cfm?fuseaction=events.detail&amp;event_id=20574994\">https:\/\/www.goethe.de\/ins\/lt\/lt\/ver.cfm?fuseaction=events.detail&amp;event_id=20574994<\/a><\/span><\/li>\n<li><span style=\"font-size: 14pt; font-family: 'times new roman', times, serif;\"><a href=\"http:\/\/www.vvsb.lt\/gausus-burys-vilniaus-miesto-vilniaus-ir-salcininku-rajonu-mokiniu-varzesi-ziniu-ir-mastymo-zaidime-protmusyje-protonautai\/\">http:\/\/www.vvsb.lt\/gausus-burys-vilniaus-miesto-vilniaus-ir-salcininku-rajonu-mokiniu-varzesi-ziniu-ir-mastymo-zaidime-protmusyje-protonautai\/<\/a><\/span><\/li>\n<li><span style=\"font-size: 14pt; font-family: 'times new roman', times, serif;\"><a href=\"http:\/\/www.lmnsc.lt\/lt\/naujienos\/1813\" target=\"_blank\">http:\/\/www.lmnsc.lt\/lt\/<wbr>naujienos\/1813<\/a><\/span><\/li>\n<li><span style=\"font-size: 14pt; font-family: 'times new roman', times, serif;\"><a href=\"http:\/\/sk-ardas.blogspot.lt\/2015\/01\/kaledinis-sk-ardo-vaiku-zoles-riedulio.html\">Kal\u0117dinis SK \u201eArdo\u201c vaik\u0173 \u017eol\u0117s riedulio turnyras<\/a><\/span><\/li>\n<li><span style=\"font-size: 14pt; font-family: 'times new roman', times, serif;\"><a href=\"http:\/\/www.masioto.lt\/?tag=konferencija-kuo-didziuojasi-mano-mokykla-sekminga-veikla\">Konferencija \u201eKuo did\u017eiuojasi mano mokykla. S\u0117kminga veikla<\/a><\/span><\/li>\n<li><span style=\"font-size: 14pt; font-family: 'times new roman', times, serif;\"><a href=\"http:\/\/www.versme.lt\/konkursas2014.htm\">Konkursas \u201eRa\u0161au Lietuvos vard\u0105\u201c<\/a><\/span><\/li>\n<li><span style=\"font-size: 14pt; font-family: 'times new roman', times, serif;\"><a href=\"http:\/\/www.bernardinai.lt\/straipsnis\/2015-11-19-nuvilnijo-7-8-kl-moksleiviu-konkursas-sostines-ismincius\/137458\">Nuvilnijo 7-8 kl. moksleivi\u0173 konkuras \u201eSostin\u0117s i\u0161min\u010dius\u201c<\/a><\/span><\/li>\n<li><span style=\"font-size: 14pt; font-family: 'times new roman', times, serif;\"><a href=\"http:\/\/www.sportomokykla.lt\/puikus-vilniaus-rajono-savivaldybes-sporto-mokyklos-zoles-riedulininku-pasirodymas-u-12-lygos-varzybose\/\">Puikus Vilniaus rajono savivaldyb\u0117s sporto mokyklos \u017eol\u0117s riedulinink\u0173 pasirodymas U-12 var\u017eybose<\/a><\/span><\/li>\n<li><span style=\"font-size: 14pt; font-family: 'times new roman', times, serif;\"><a href=\"https:\/\/sites.google.com\/site\/klaipedoskonkursai\/piesiniu-konkursas-papuosk-puodeli\">5-12 klasi\u0173 mokini\u0173 kompiuterini\u0173 pie\u0161ini\u0173 konkursas \u201ePapuo\u0161k puodel\u012f: Mano \u0161eima\u201c <\/a><\/span><\/li>\n<li><span style=\"font-size: 14pt; font-family: 'times new roman', times, serif;\"><a href=\"http:\/\/www.vvsb.lt\/demesio-skelbiami-konkurso-labai-paprastas-konkursas-2015-laimetojai\/\">Skelbiami konkurso \u201eLabai paprastas konkuras 2015\u201c laim\u0117tojai<\/a><\/span><\/li>\n<li><span style=\"font-size: 14pt; font-family: 'times new roman', times, serif;\"><a href=\"http:\/\/www.zoles-riedulys.lt\/component\/content\/article\/26-naujiena\/610-skleidzia-zoles-riedulio-virusa\">Skleid\u017eia \u017eol\u0117s riedulio virus\u0105<\/a><\/span><\/li>\n<li><span style=\"font-size: 14pt; font-family: 'times new roman', times, serif;\"><a href=\"http:\/\/kaledos.nkkm.lt\/\">Konkurso \u201e\u017diemos fantazija\u201c atviruk\u0173 kolekcija<\/a><\/span><\/li>\n<li><span style=\"font-size: 14pt; font-family: 'times new roman', times, serif;\"><a href=\"http:\/\/www.peliukai.lt\/\">http:\/\/www.peliukai.lt\/<\/a><\/span><\/li>\n<li><span style=\"font-size: 14pt; font-family: 'times new roman', times, serif;\"><a href=\"http:\/\/www.lvat.lt\/lt\/naujienos\/visos-naujienos\/teismo-darbuotoju-dovanotos-4738.html\">Teismo darbuotoj\u0173 dovanotos knygos \u2013 mokyklos bibliotekai<\/a><\/span><\/li>\n<li><span style=\"font-size: 14pt; font-family: 'times new roman', times, serif;\"><a href=\"http:\/\/news.komisija.lt\/rugsejis.pdf\">\u201eNaujienlai\u0161kis\u201c&nbsp; Tarptautin\u0117 komisija naci\u0173 ir sovietinio okupacini\u0173 re\u017eim\u0173 nusikaltimams Lietuvoje \u012fvertinti<\/a><\/span><\/li>\n<li><span style=\"font-size: 14pt; font-family: 'times new roman', times, serif;\"><a href=\"http:\/\/oaji.net\/articles\/2014\/513-1413445391.pdf\">Mokykla lyg skruzd\u0117lynas<\/a><\/span><\/li>\n<li><span style=\"font-size: 14pt; font-family: 'times new roman', times, serif;\"><a href=\"http:\/\/www.zuv.lt\/index.php?2577700679\">\u017duvininkyst\u0117s tarnyba prie Lietuvos Respublikos \u017eem\u0117s \u016bkio ministerijos &#8211; Naujienos:Trak\u0173 Vok\u0117s poskyryje sve\u010diavosi Trak\u0173 Vok\u0117s gimnazijos moksleiviai ir mokytojai <\/a><\/span><\/li>\n<\/ul>\n<\/div>\n","protected":false},"excerpt":{"rendered":"<p>http:\/\/leu.lt\/lt\/leu_naujienos\/susitikimai-ir-vizitai\/traku-vokes-gimnazija.html&nbsp;&nbsp; https:\/\/leu.lt\/lt\/umf_ugdymo_pagrindu_katedra\/upk_naujienos\/ii-kurso-studentu-38mc.html http:\/\/www.trakubiblioteka.lt\/lt\/2508-molyje-gyvenanti-siluma http:\/\/www.lmnsc.lt\/lt\/naujienos\/1633 http:\/\/www.trakaisc.lt\/naujienos-vilnijos_krastas.php https:\/\/www.goethe.de\/ins\/lt\/lt\/ver.cfm?fuseaction=events.detail&amp;event_id=20574994 http:\/\/www.vvsb.lt\/gausus-burys-vilniaus-miesto-vilniaus-ir-salcininku-rajonu-mokiniu-varzesi-ziniu-ir-mastymo-zaidime-protmusyje-protonautai\/ http:\/\/www.lmnsc.lt\/lt\/naujienos\/1813 Kal\u0117dinis SK \u201eArdo\u201c vaik\u0173 \u017eol\u0117s riedulio turnyras Konferencija \u201eKuo did\u017eiuojasi mano mokykla. S\u0117kminga veikla Konkursas \u201eRa\u0161au Lietuvos vard\u0105\u201c Nuvilnijo 7-8 kl. moksleivi\u0173 konkuras \u201eSostin\u0117s i\u0161min\u010dius\u201c Puikus Vilniaus rajono savivaldyb\u0117s sporto mokyklos \u017eol\u0117s riedulinink\u0173 pasirodymas U-12 var\u017eybose 5-12 klasi\u0173 mokini\u0173 kompiuterini\u0173 pie\u0161ini\u0173 konkursas \u201ePapuo\u0161k puodel\u012f: Mano \u0161eima\u201c Skelbiami &#8230;<\/p>\n","protected":false},"author":1,"featured_media":0,"parent":25,"menu_order":0,"comment_status":"closed","ping_status":"closed","template":"","meta":{"footnotes":""},"class_list":["post-3873","page","type-page","status-publish"],"_links":{"self":[{"href":"https:\/\/www.vokes.vilnius.lm.lt\/index.php?rest_route=\/wp\/v2\/pages\/3873","targetHints":{"allow":["GET"]}}],"collection":[{"href":"https:\/\/www.vokes.vilnius.lm.lt\/index.php?rest_route=\/wp\/v2\/pages"}],"about":[{"href":"https:\/\/www.vokes.vilnius.lm.lt\/index.php?rest_route=\/wp\/v2\/types\/page"}],"author":[{"embeddable":true,"href":"https:\/\/www.vokes.vilnius.lm.lt\/index.php?rest_route=\/wp\/v2\/users\/1"}],"replies":[{"embeddable":true,"href":"https:\/\/www.vokes.vilnius.lm.lt\/index.php?rest_route=%2Fwp%2Fv2%2Fcomments&post=3873"}],"version-history":[{"count":22,"href":"https:\/\/www.vokes.vilnius.lm.lt\/index.php?rest_route=\/wp\/v2\/pages\/3873\/revisions"}],"predecessor-version":[{"id":6476,"href":"https:\/\/www.vokes.vilnius.lm.lt\/index.php?rest_route=\/wp\/v2\/pages\/3873\/revisions\/6476"}],"up":[{"embeddable":true,"href":"https:\/\/www.vokes.vilnius.lm.lt\/index.php?rest_route=\/wp\/v2\/pages\/25"}],"wp:attachment":[{"href":"https:\/\/www.vokes.vilnius.lm.lt\/index.php?rest_route=%2Fwp%2Fv2%2Fmedia&parent=3873"}],"curies":[{"name":"wp","href":"https:\/\/api.w.org\/{rel}","templated":true}]}}