{"id":3463,"date":"2015-09-24T16:47:23","date_gmt":"2015-09-24T16:47:23","guid":{"rendered":"http:\/\/www.vokes.vilnius.lm.lt\/?page_id=3463"},"modified":"2025-11-11T10:27:36","modified_gmt":"2025-11-11T08:27:36","slug":"sporto-sales-uzimtumo-grafikas","status":"publish","type":"page","link":"https:\/\/www.vokes.vilnius.lm.lt\/?page_id=3463","title":{"rendered":"Patalp\u0173 nuoma"},"content":{"rendered":"<div class=\"entry\">\n<p style=\"text-align: justify;\"><span style=\"font-family: 'times new roman', times, serif; font-size: 14pt;\">Nuo 2020-09-01 patalp\u0173 nuoma Vilniaus savivaldyb\u0117s&nbsp;mokymo \u012fstaigose vykdoma per \u201eActive Vilnius\u201c sistem\u0105. Ie\u0161kokite&nbsp;informacijos &nbsp;<a href=\"https:\/\/active.vilnius.lt\/\" target=\"_blank\" rel=\"noopener noreferrer\" data-saferedirecturl=\"https:\/\/www.google.com\/url?q=https:\/\/active.vilnius.lt\/&amp;source=gmail&amp;ust=1762927205546000&amp;usg=AOvVaw1fnyIcLyfUOeGVjJanNJHc\">https:\/\/active.vilnius.lt\/<\/a><\/span><\/p>\n<p style=\"text-align: justify;\"><span style=\"font-family: 'times new roman', times, serif; font-size: 14pt;\">Vilniaus Trak\u0173 Vok\u0117s gimnazija nuomoja sporto ir akt\u0173 sales laisvu nuo ugdymo proceso metu, vadovaudamasi Vilniaus miesto savivaldyb\u0117s&nbsp;administracijos direktorius 2020 m. rugpj\u016b\u010dio 3 d.&nbsp;&nbsp;\u012fsakymu&nbsp;Nr.&nbsp;30-1727\/20&nbsp;<wbr>patvirtintu \u201eNaudotis Vilniaus miesto \u0161vietimo \u012fstaig\u0173 patik\u0117jimo teise valdomais stadionais ir patalpomis suteikimo, patikr\u0173 vykdymo ir apribojim\u0173 ateityje nuomotis turt\u0105 taikymo tvarkos apra\u0161u\u201c &nbsp;<a href=\"https:\/\/aktai.vilnius.lt\/references?id=30343262&amp;klasId=43\" target=\"_blank\" rel=\"noopener noreferrer\" data-saferedirecturl=\"https:\/\/www.google.com\/url?q=https:\/\/aktai.vilnius.lt\/references?id%3D30343262%26klasId%3D43&amp;source=gmail&amp;ust=1762927205546000&amp;usg=AOvVaw0Ku5-YqgCKjdVtguowBmZv\">https:\/\/aktai.vilnius.lt\/<wbr>references?id=30343262&amp;klasId=<wbr>43<\/a>&nbsp;&nbsp;<\/span><\/p>\n<p style=\"text-align: justify;\"><span style=\"font-family: 'times new roman', times, serif; font-size: 14pt;\">Informacij\u0105 patalp\u0173 nuomos klausimais teikia gimnazijos direktoriaus pavaduotoja \u016bkio reikalams Ilona Bortkevi\u010dien\u0117 (tel. +370 52645 190, el. p.&nbsp;<a href=\"mailto:rastine@vokes.vilnius.lm.lt\" target=\"_blank\" rel=\"noopener noreferrer\">rastine@vokes.vilnius.lm.lt<\/a><wbr>).<\/span><\/p>\n<\/div>\n","protected":false},"excerpt":{"rendered":"<p>Nuo 2020-09-01 patalp\u0173 nuoma Vilniaus savivaldyb\u0117s&nbsp;mokymo \u012fstaigose vykdoma per \u201eActive Vilnius\u201c sistem\u0105. Ie\u0161kokite&nbsp;informacijos &nbsp;https:\/\/active.vilnius.lt\/ Vilniaus Trak\u0173 Vok\u0117s gimnazija nuomoja sporto ir akt\u0173 sales laisvu nuo ugdymo proceso metu, vadovaudamasi Vilniaus miesto savivaldyb\u0117s&nbsp;administracijos direktorius 2020 m. rugpj\u016b\u010dio 3 d.&nbsp;&nbsp;\u012fsakymu&nbsp;Nr.&nbsp;30-1727\/20&nbsp;patvirtintu \u201eNaudotis Vilniaus miesto \u0161vietimo \u012fstaig\u0173 patik\u0117jimo teise valdomais stadionais ir patalpomis suteikimo, patikr\u0173 vykdymo ir apribojim\u0173 ateityje &#8230;<\/p>\n","protected":false},"author":1,"featured_media":0,"parent":41,"menu_order":0,"comment_status":"closed","ping_status":"closed","template":"","meta":{"footnotes":""},"class_list":["post-3463","page","type-page","status-publish"],"_links":{"self":[{"href":"https:\/\/www.vokes.vilnius.lm.lt\/index.php?rest_route=\/wp\/v2\/pages\/3463","targetHints":{"allow":["GET"]}}],"collection":[{"href":"https:\/\/www.vokes.vilnius.lm.lt\/index.php?rest_route=\/wp\/v2\/pages"}],"about":[{"href":"https:\/\/www.vokes.vilnius.lm.lt\/index.php?rest_route=\/wp\/v2\/types\/page"}],"author":[{"embeddable":true,"href":"https:\/\/www.vokes.vilnius.lm.lt\/index.php?rest_route=\/wp\/v2\/users\/1"}],"replies":[{"embeddable":true,"href":"https:\/\/www.vokes.vilnius.lm.lt\/index.php?rest_route=%2Fwp%2Fv2%2Fcomments&post=3463"}],"version-history":[{"count":47,"href":"https:\/\/www.vokes.vilnius.lm.lt\/index.php?rest_route=\/wp\/v2\/pages\/3463\/revisions"}],"predecessor-version":[{"id":26007,"href":"https:\/\/www.vokes.vilnius.lm.lt\/index.php?rest_route=\/wp\/v2\/pages\/3463\/revisions\/26007"}],"up":[{"embeddable":true,"href":"https:\/\/www.vokes.vilnius.lm.lt\/index.php?rest_route=\/wp\/v2\/pages\/41"}],"wp:attachment":[{"href":"https:\/\/www.vokes.vilnius.lm.lt\/index.php?rest_route=%2Fwp%2Fv2%2Fmedia&parent=3463"}],"curies":[{"name":"wp","href":"https:\/\/api.w.org\/{rel}","templated":true}]}}