{"id":3043,"date":"2015-03-12T13:30:11","date_gmt":"2015-03-12T13:30:11","guid":{"rendered":"http:\/\/www.vokes.vilnius.lm.lt\/?page_id=3043"},"modified":"2026-01-19T10:19:42","modified_gmt":"2026-01-19T08:19:42","slug":"viesieji-pirkimai","status":"publish","type":"page","link":"https:\/\/www.vokes.vilnius.lm.lt\/?page_id=3043","title":{"rendered":"Vie\u0161ieji pirkimai"},"content":{"rendered":"<div class=\"entry\">\n<div class=\"gmail_default\" style=\"text-align: justify;\">&nbsp;<\/div>\n<ul>\n<li><span style=\"font-size: 14pt;\"><a href=\"http:\/\/www.vokes.vilnius.lm.lt\/wp-content\/uploads\/2026\/01\/Pirkimo-planas_2026-metu.pdf\" target=\"_blank\" rel=\"noopener noreferrer\"><span style=\"font-family: 'times new roman', times, serif;\">Vie\u0161\u0173j\u0173 pirkim\u0173 planas 2026<\/span><\/a><\/span><\/li>\n<li><span style=\"font-size: 14pt;\"><a href=\"http:\/\/www.vokes.vilnius.lm.lt\/wp-content\/uploads\/2024\/12\/Pirkimo-planas_pataisytas-2025-metu.pdf\" target=\"_blank\" rel=\"noopener noreferrer\"><span style=\"font-family: 'times new roman', times, serif;\">Vie\u0161\u0173j\u0173 pirkim\u0173 planas 2025<\/span><\/a><\/span><\/li>\n<li><span style=\"font-size: 14pt;\"><a href=\"http:\/\/www.vokes.vilnius.lm.lt\/wp-content\/uploads\/2024\/01\/Pirkimo-planas_2024.pdf\" target=\"_blank\" rel=\"noopener noreferrer\"><span style=\"font-family: 'times new roman', times, serif;\">Planuojam\u0173 vie\u0161\u0173j\u0173 pirkim\u0173 planas 2024<\/span><\/a><\/span><\/li>\n<li><span style=\"font-size: 14pt;\"><a href=\"http:\/\/www.vokes.vilnius.lm.lt\/wp-content\/uploads\/2023\/05\/Pirkimo-planas_pataisytas.pdf\" target=\"_blank\" rel=\"noopener noreferrer\"><span style=\"font-family: 'times new roman', times, serif;\">Planuojam\u0173 vie\u0161\u0173j\u0173 pirkim\u0173 planas 2023<\/span><\/a><\/span><\/li>\n<li><span style=\"font-size: 14pt;\"><a href=\"http:\/\/www.vokes.vilnius.lm.lt\/wp-content\/uploads\/2021\/07\/2021_Informacija_apie_paskelbta_pirkima.pdf\" target=\"_blank\" rel=\"noopener noreferrer\"><span style=\"font-family: 'times new roman', times, serif;\">2021 Informacija apie paskelbt\u0105 pirkim\u0105<\/span><\/a><\/span><\/li>\n<li><span style=\"font-size: 14pt;\"><a href=\"http:\/\/www.vokes.vilnius.lm.lt\/wp-content\/uploads\/2021\/07\/Viesuju_pirkimu_planas_2021papildymas.pdf\" target=\"_blank\" rel=\"noopener noreferrer\"><span style=\"font-family: 'times new roman', times, serif;\">Vie\u0161\u0173j\u0173 pirkim\u0173 plano 2021 papildymas<\/span><\/a><\/span><\/li>\n<li><span style=\"font-size: 14pt;\"><a href=\"http:\/\/www.vokes.vilnius.lm.lt\/wp-content\/uploads\/2021\/04\/Viesuju_pirkimu_planas_2021-converted.pdf\" target=\"_blank\" rel=\"noopener noreferrer\"><span style=\"font-family: 'times new roman', times, serif;\">Vie\u0161\u0173j\u0173 pirkim\u0173 planas 2021<\/span><\/a><\/span><\/li>\n<li><span style=\"font-size: 14pt;\"><a href=\"http:\/\/www.vokes.vilnius.lm.lt\/wp-content\/uploads\/2020\/12\/Viesuju_pirkimu_planas_2020.pdf\" target=\"_blank\" rel=\"noopener noreferrer\"><span style=\"font-family: 'times new roman', times, serif;\">Vie\u0161\u0173j\u0173 pirkim\u0173 planas 2020<\/span><\/a><\/span><\/li>\n<li><span style=\"font-family: 'times new roman', times, serif; font-size: 14pt;\"><a href=\"https:\/\/www.vokes.vilnius.lm.lt\/wp-content\/uploads\/2026\/01\/Informacija-apie-paskelbt\u0105-pirkim\u0105-2.pdf\" target=\"_blank\" rel=\"noopener noreferrer\">Informacija apie paskelbt\u0105 pirkim\u0105<\/a><\/span><\/li>\n<li><span style=\"font-family: 'times new roman', times, serif; font-size: 14pt;\"><a href=\"https:\/\/www.vokes.vilnius.lm.lt\/wp-content\/uploads\/2026\/01\/Informacija-apie-paskelbt\u0105-pirkim\u0105-1.pdf\" target=\"_blank\" rel=\"noopener noreferrer\">Informacija apie pirkim\u0105<\/a><\/span><\/li>\n<li><span style=\"font-family: 'times new roman', times, serif; font-size: 14pt;\"><a href=\"https:\/\/www.vokes.vilnius.lm.lt\/wp-content\/uploads\/2026\/01\/Informacija-apie-paskelbt\u0105-pirkim\u0105.pdf\" target=\"_blank\" rel=\"noopener noreferrer\">Informacija apie paskelbt\u0105 pirkim\u0105<\/a><\/span><\/li>\n<li><span style=\"font-family: 'times new roman', times, serif; font-size: 14pt;\"><a href=\"https:\/\/www.vokes.vilnius.lm.lt\/wp-content\/uploads\/2026\/01\/Vie\u0161\u0173j\u0173-pirkim\u0173-planas-2018-m.-naujas.pdf\" target=\"_blank\" rel=\"noopener noreferrer\">Vie\u0161\u0173j\u0173 pirkim\u0173 planas 2018<\/a><\/span><\/li>\n<li><span style=\"font-family: 'times new roman', times, serif; font-size: 14pt;\"><a href=\"https:\/\/www.vokes.vilnius.lm.lt\/wp-content\/uploads\/2026\/01\/Informacija-apie-paskelbt\u0105-konkurs\u0105.pdf\" target=\"_blank\" rel=\"noopener noreferrer\">Informacija apie paskelbt\u0105 konkurs\u0105<\/a><\/span><\/li>\n<li><span style=\"font-size: 14pt;\"><a href=\"http:\/\/www.vokes.vilnius.lm.lt\/wp-content\/uploads\/2022\/03\/VP_taisykles_pakeitimas2022.pdf\" target=\"_blank\" rel=\"noopener noreferrer\"><span style=\"font-family: 'times new roman', times, serif;\">Vie\u0161\u0173j\u0173 pirkim\u0173 organizavimo taisykl\u0117s<\/span><\/a><\/span><\/li>\n<\/ul>\n<\/div>\n","protected":false},"excerpt":{"rendered":"<p>&nbsp; Vie\u0161\u0173j\u0173 pirkim\u0173 planas 2026 Vie\u0161\u0173j\u0173 pirkim\u0173 planas 2025 Planuojam\u0173 vie\u0161\u0173j\u0173 pirkim\u0173 planas 2024 Planuojam\u0173 vie\u0161\u0173j\u0173 pirkim\u0173 planas 2023 2021 Informacija apie paskelbt\u0105 pirkim\u0105 Vie\u0161\u0173j\u0173 pirkim\u0173 plano 2021 papildymas Vie\u0161\u0173j\u0173 pirkim\u0173 planas 2021 Vie\u0161\u0173j\u0173 pirkim\u0173 planas 2020 Informacija apie paskelbt\u0105 pirkim\u0105 Informacija apie pirkim\u0105 Informacija apie paskelbt\u0105 pirkim\u0105 Vie\u0161\u0173j\u0173 pirkim\u0173 planas 2018 Informacija apie paskelbt\u0105 &#8230;<\/p>\n","protected":false},"author":1,"featured_media":0,"parent":22,"menu_order":0,"comment_status":"closed","ping_status":"closed","template":"","meta":{"footnotes":""},"class_list":["post-3043","page","type-page","status-publish"],"_links":{"self":[{"href":"https:\/\/www.vokes.vilnius.lm.lt\/index.php?rest_route=\/wp\/v2\/pages\/3043","targetHints":{"allow":["GET"]}}],"collection":[{"href":"https:\/\/www.vokes.vilnius.lm.lt\/index.php?rest_route=\/wp\/v2\/pages"}],"about":[{"href":"https:\/\/www.vokes.vilnius.lm.lt\/index.php?rest_route=\/wp\/v2\/types\/page"}],"author":[{"embeddable":true,"href":"https:\/\/www.vokes.vilnius.lm.lt\/index.php?rest_route=\/wp\/v2\/users\/1"}],"replies":[{"embeddable":true,"href":"https:\/\/www.vokes.vilnius.lm.lt\/index.php?rest_route=%2Fwp%2Fv2%2Fcomments&post=3043"}],"version-history":[{"count":63,"href":"https:\/\/www.vokes.vilnius.lm.lt\/index.php?rest_route=\/wp\/v2\/pages\/3043\/revisions"}],"predecessor-version":[{"id":26629,"href":"https:\/\/www.vokes.vilnius.lm.lt\/index.php?rest_route=\/wp\/v2\/pages\/3043\/revisions\/26629"}],"up":[{"embeddable":true,"href":"https:\/\/www.vokes.vilnius.lm.lt\/index.php?rest_route=\/wp\/v2\/pages\/22"}],"wp:attachment":[{"href":"https:\/\/www.vokes.vilnius.lm.lt\/index.php?rest_route=%2Fwp%2Fv2%2Fmedia&parent=3043"}],"curies":[{"name":"wp","href":"https:\/\/api.w.org\/{rel}","templated":true}]}}