{"id":26485,"date":"2026-01-12T13:00:28","date_gmt":"2026-01-12T11:00:28","guid":{"rendered":"http:\/\/www.vokes.vilnius.lm.lt\/?page_id=26485"},"modified":"2026-01-13T09:49:47","modified_gmt":"2026-01-13T07:49:47","slug":"slapuku-valdymas","status":"publish","type":"page","link":"https:\/\/www.vokes.vilnius.lm.lt\/?page_id=26485","title":{"rendered":"Slapuk\u0173 valdymas"},"content":{"rendered":"<div class=\"entry\">\n<div class=\"small-12 columns nopad entry entry-item\">\n<div class=\"small-12 columns nopad entry entry-item\">\n<h2><span style=\"font-family: 'times new roman', times, serif; font-size: 14pt;\">KAS YRA SLAPUKAI?<\/span><\/h2>\n<p style=\"text-align: justify;\"><span style=\"font-size: 14pt;\"><span style=\"font-family: 'times new roman', times, serif;\">Slapukas (angl. cookie) \u2013 tai ma\u017eas tekstinis failas, kur\u012f interneto svetain\u0117 \u012fra\u0161o \u012f J\u016bs\u0173 kompiuterio arba mobilaus prietaiso nar\u0161ykl\u0119, kai J\u016bs apsilankote interneto svetain\u0117je. Sekant\u012f kart\u0105 apsilankius svetain\u0117je \u0161is failas gali b\u016bti nuskaitytas, kad svetain\u0117 gal\u0117t\u0173 atpa\u017einti J\u016bs\u0173 kompiuter\u012f ar mobil\u0173j\u012f prietais\u0105.<\/span><\/span><\/p>\n<h2><span style=\"font-family: 'times new roman', times, serif; font-size: 14pt;\">KAM MES NAUDOJAME SLAPUKUS?<\/span><\/h2>\n<p style=\"text-align: justify;\"><span style=\"font-family: 'times new roman', times, serif; font-size: 14pt;\">Slapuk\u0173 surinkta informacija leid\u017eia mums u\u017etikrinti J\u016bs\u0173 galimyb\u0119 nar\u0161yti patogiau internetin\u0117je svetain\u0117je bei daugiau su\u017einoti apie svetain\u0117s naudotoj\u0173 elges\u012f, analizuoti tendencijas ir tobulinti svetain\u0119, klient\u0173 aptarnavim\u0105 ir \u012fstaigos teikiamas ugdymo paslaugas.<\/span><\/p>\n<p style=\"text-align: justify;\"><span style=\"font-family: 'times new roman', times, serif; font-size: 14pt;\">\u2022 M\u016bs\u0173 interneto svetain\u0117je \u012fprastai naudojami \u0161ie slapukai:<\/span><\/p>\n<table style=\"width: 222px;\">\n<tbody>\n<tr>\n<td style=\"width: 86.8594px; text-align: center;\"><span style=\"font-size: 14pt;\"><strong><span style=\"font-family: 'times new roman', times, serif;\">Pavadinimas <\/span><\/strong><\/span><\/td>\n<td style=\"width: 10px; text-align: center;\"><span style=\"font-size: 14pt;\"><strong><span style=\"font-family: 'times new roman', times, serif;\">Apra\u0161ymas <\/span><\/strong><\/span><\/td>\n<td style=\"width: 10px; text-align: center;\"><span style=\"font-size: 14pt;\"><strong><span style=\"font-family: 'times new roman', times, serif;\">Suk\u016brimo momentas \/ Galiojimo laikas<\/span><\/strong><\/span><\/td>\n<\/tr>\n<tr>\n<td style=\"width: 86.8594px; text-align: center;\"><span style=\"font-family: 'times new roman', times, serif; font-size: 14pt;\">wordpress_test_cookie WordPress slapukas<\/span><\/td>\n<td style=\"width: 10px; text-align: center;\"><span style=\"font-family: 'times new roman', times, serif; font-size: 14pt;\">naudojamas patikrinti ar nar\u0161ykl\u0117 palaiko slapuk\u0173 \u012fra\u0161ym\u0105<\/span><\/td>\n<td style=\"width: 10px; text-align: center;\"><span style=\"font-family: 'times new roman', times, serif; font-size: 14pt;\"> \u012eeinant \u012f puslap\u012f \/Iki interneto svetain\u0117s lango u\u017edarymo<\/span><\/td>\n<\/tr>\n<\/tbody>\n<\/table>\n<\/div>\n<\/div>\n<\/div>\n","protected":false},"excerpt":{"rendered":"<p>KAS YRA SLAPUKAI? Slapukas (angl. cookie) \u2013 tai ma\u017eas tekstinis failas, kur\u012f interneto svetain\u0117 \u012fra\u0161o \u012f J\u016bs\u0173 kompiuterio arba mobilaus prietaiso nar\u0161ykl\u0119, kai J\u016bs apsilankote interneto svetain\u0117je. Sekant\u012f kart\u0105 apsilankius svetain\u0117je \u0161is failas gali b\u016bti nuskaitytas, kad svetain\u0117 gal\u0117t\u0173 atpa\u017einti J\u016bs\u0173 kompiuter\u012f ar mobil\u0173j\u012f prietais\u0105. KAM MES NAUDOJAME SLAPUKUS? Slapuk\u0173 surinkta informacija leid\u017eia mums u\u017etikrinti &#8230;<\/p>\n","protected":false},"author":1,"featured_media":0,"parent":0,"menu_order":0,"comment_status":"closed","ping_status":"closed","template":"","meta":{"footnotes":""},"class_list":["post-26485","page","type-page","status-publish"],"_links":{"self":[{"href":"https:\/\/www.vokes.vilnius.lm.lt\/index.php?rest_route=\/wp\/v2\/pages\/26485","targetHints":{"allow":["GET"]}}],"collection":[{"href":"https:\/\/www.vokes.vilnius.lm.lt\/index.php?rest_route=\/wp\/v2\/pages"}],"about":[{"href":"https:\/\/www.vokes.vilnius.lm.lt\/index.php?rest_route=\/wp\/v2\/types\/page"}],"author":[{"embeddable":true,"href":"https:\/\/www.vokes.vilnius.lm.lt\/index.php?rest_route=\/wp\/v2\/users\/1"}],"replies":[{"embeddable":true,"href":"https:\/\/www.vokes.vilnius.lm.lt\/index.php?rest_route=%2Fwp%2Fv2%2Fcomments&post=26485"}],"version-history":[{"count":3,"href":"https:\/\/www.vokes.vilnius.lm.lt\/index.php?rest_route=\/wp\/v2\/pages\/26485\/revisions"}],"predecessor-version":[{"id":26490,"href":"https:\/\/www.vokes.vilnius.lm.lt\/index.php?rest_route=\/wp\/v2\/pages\/26485\/revisions\/26490"}],"wp:attachment":[{"href":"https:\/\/www.vokes.vilnius.lm.lt\/index.php?rest_route=%2Fwp%2Fv2%2Fmedia&parent=26485"}],"curies":[{"name":"wp","href":"https:\/\/api.w.org\/{rel}","templated":true}]}}