{"id":2605,"date":"2014-10-03T07:48:34","date_gmt":"2014-10-03T07:48:34","guid":{"rendered":"http:\/\/www.vokes.vilnius.lm.lt\/?page_id=2605"},"modified":"2014-10-03T07:48:48","modified_gmt":"2014-10-03T07:48:48","slug":"del-mokykliniu-uniformu-isigijimo","status":"publish","type":"page","link":"https:\/\/www.vokes.vilnius.lm.lt\/?page_id=2605","title":{"rendered":"D\u0117l mokyklini\u0173 uniform\u0173 \u012fsigijimo"},"content":{"rendered":"<div class=\"entry\">\n<p style=\"text-align: center;\"><p>no images were found<\/p>\n<\/p>\n<p style=\"text-align: center;\"><a href=\"http:\/\/www.vokes.vilnius.lm.lt\/wp-content\/uploads\/2013\/03\/Vilniaus-Traku-Vokes-gimnazija_tevams.pdf\">Atsisi\u0173sti dokument\u0105<\/a><\/p>\n<\/div>\n","protected":false},"excerpt":{"rendered":"<p>Atsisi\u0173sti dokument\u0105<\/p>\n","protected":false},"author":1,"featured_media":0,"parent":0,"menu_order":0,"comment_status":"closed","ping_status":"closed","template":"","meta":{"footnotes":""},"class_list":["post-2605","page","type-page","status-publish"],"_links":{"self":[{"href":"https:\/\/www.vokes.vilnius.lm.lt\/index.php?rest_route=\/wp\/v2\/pages\/2605","targetHints":{"allow":["GET"]}}],"collection":[{"href":"https:\/\/www.vokes.vilnius.lm.lt\/index.php?rest_route=\/wp\/v2\/pages"}],"about":[{"href":"https:\/\/www.vokes.vilnius.lm.lt\/index.php?rest_route=\/wp\/v2\/types\/page"}],"author":[{"embeddable":true,"href":"https:\/\/www.vokes.vilnius.lm.lt\/index.php?rest_route=\/wp\/v2\/users\/1"}],"replies":[{"embeddable":true,"href":"https:\/\/www.vokes.vilnius.lm.lt\/index.php?rest_route=%2Fwp%2Fv2%2Fcomments&post=2605"}],"version-history":[{"count":2,"href":"https:\/\/www.vokes.vilnius.lm.lt\/index.php?rest_route=\/wp\/v2\/pages\/2605\/revisions"}],"predecessor-version":[{"id":2607,"href":"https:\/\/www.vokes.vilnius.lm.lt\/index.php?rest_route=\/wp\/v2\/pages\/2605\/revisions\/2607"}],"wp:attachment":[{"href":"https:\/\/www.vokes.vilnius.lm.lt\/index.php?rest_route=%2Fwp%2Fv2%2Fmedia&parent=2605"}],"curies":[{"name":"wp","href":"https:\/\/api.w.org\/{rel}","templated":true}]}}