{"id":25112,"date":"2025-05-22T09:11:33","date_gmt":"2025-05-22T07:11:33","guid":{"rendered":"http:\/\/www.vokes.vilnius.lm.lt\/?page_id=25112"},"modified":"2025-05-22T10:56:42","modified_gmt":"2025-05-22T08:56:42","slug":"vidinis-informacijos-apie-pazeidimus-teikimo-kanalas","status":"publish","type":"page","link":"https:\/\/www.vokes.vilnius.lm.lt\/?page_id=25112","title":{"rendered":"Savivaldyb\u0117s vidinis informacijos apie pa\u017eeidimus teikimo kanalas"},"content":{"rendered":"<div class=\"entry\">\n<p style=\"text-align: justify;\"><span style=\"font-family: 'times new roman', times, serif; font-size: 14pt;\">Atsakingas vidinio kanalo administravimo padalinys \u2013 Vilniaus miesto savivaldyb\u0117s administracijos Atitikties ir atsparumo skyrius:<\/span><br \/>\n<span style=\"font-family: 'times new roman', times, serif; font-size: 14pt;\"><strong><a href=\"https:\/\/vilnius.lt\/savivaldybe\/savivaldybes-vidinis-kanalas\/savivaldybes-vidinis-informacijos-apie-pazeidimus-teikimo-kanalas-vidinis-kanalas\" target=\"_blank\" rel=\"noopener noreferrer\">Savivaldyb\u0117s vidinis informacijos apie pa\u017eeidimus teikimo kanalas (vidinis kanalas) \u2013 Vilniaus miesto savivaldyb\u0117<\/a><\/strong><\/span><\/p>\n<p style=\"text-align: justify;\"><span style=\"font-family: 'times new roman', times, serif; font-size: 14pt;\">Prane\u0161imus apie pa\u017eeidimus Savivaldyb\u0117s vidiniu kanalu gali pateikti asmenys, su\u017einoj\u0119 apie pa\u017eeidim\u0105 \u012fstaigoje i\u0161 savo turim\u0173 ar tur\u0117t\u0173 darbo ar sutartini\u0173&nbsp;<\/span><span style=\"font-family: 'times new roman', times, serif; font-size: 14pt;\">(konsultavimo, rangos, subrangos, sta\u017euot\u0117s, praktikos, savanori\u0161kos veiklos ir pan.) santyki\u0173 su \u0161ia \u012fstaiga arba \u012fdarbinimo ar kit\u0173 ikisutartini\u0173 santyki\u0173 metu, taip pat informacij\u0105 apie pa\u017eeidim\u0105 pateikiantis savaranki\u0161kai dirban\u010dio asmens status\u0105 turintis asmuo, akcininkas ar asmuo, priklausantis \u012fmon\u0117s administraciniam, valdymo ar prie\u017ei\u016bros organui (\u012fskaitant vykdom\u0173j\u0173 gali\u0173 neturin\u010dius narius, taip pat savanorius ir apmokamus ar neapmokamus sta\u017euotojus), arba bet kuris fizinis asmuo, dirbantis pri\u017ei\u016brint ir vadovaujant rangovams, subrangovams ir (ar) tiek\u0117jams.<\/span><\/p>\n<p style=\"text-align: justify;\"><span style=\"font-family: 'times new roman', times, serif; font-size: 14pt;\"><strong>D\u0116MESIO!<\/strong> INFORMACIJA APIE PA\u017dEIDIMUS TEIKIAMA SIEKIANT APSAUGOTI VIE\u0160\u0104J\u012e INTERES\u0104. INFORMACIJOS PATEIKIMAS SIEKIANT APGINTI I\u0160SKIRTINAI&nbsp;<\/span><span style=\"font-family: 'times new roman', times, serif; font-size: 14pt;\">ASMENINIUS INTERESUS NELAIKOMAS PRANE\u0160IMU, NAGRIN\u0116JAMU PAGAL \u012eSTATYM\u0104.<\/span><\/p>\n<\/div>\n","protected":false},"excerpt":{"rendered":"<p>Atsakingas vidinio kanalo administravimo padalinys \u2013 Vilniaus miesto savivaldyb\u0117s administracijos Atitikties ir atsparumo skyrius: Savivaldyb\u0117s vidinis informacijos apie pa\u017eeidimus teikimo kanalas (vidinis kanalas) \u2013 Vilniaus miesto savivaldyb\u0117 Prane\u0161imus apie pa\u017eeidimus Savivaldyb\u0117s vidiniu kanalu gali pateikti asmenys, su\u017einoj\u0119 apie pa\u017eeidim\u0105 \u012fstaigoje i\u0161 savo turim\u0173 ar tur\u0117t\u0173 darbo ar sutartini\u0173&nbsp;(konsultavimo, rangos, subrangos, sta\u017euot\u0117s, praktikos, savanori\u0161kos veiklos ir &#8230;<\/p>\n","protected":false},"author":1,"featured_media":0,"parent":0,"menu_order":0,"comment_status":"closed","ping_status":"closed","template":"","meta":{"footnotes":""},"class_list":["post-25112","page","type-page","status-publish"],"_links":{"self":[{"href":"https:\/\/www.vokes.vilnius.lm.lt\/index.php?rest_route=\/wp\/v2\/pages\/25112","targetHints":{"allow":["GET"]}}],"collection":[{"href":"https:\/\/www.vokes.vilnius.lm.lt\/index.php?rest_route=\/wp\/v2\/pages"}],"about":[{"href":"https:\/\/www.vokes.vilnius.lm.lt\/index.php?rest_route=\/wp\/v2\/types\/page"}],"author":[{"embeddable":true,"href":"https:\/\/www.vokes.vilnius.lm.lt\/index.php?rest_route=\/wp\/v2\/users\/1"}],"replies":[{"embeddable":true,"href":"https:\/\/www.vokes.vilnius.lm.lt\/index.php?rest_route=%2Fwp%2Fv2%2Fcomments&post=25112"}],"version-history":[{"count":3,"href":"https:\/\/www.vokes.vilnius.lm.lt\/index.php?rest_route=\/wp\/v2\/pages\/25112\/revisions"}],"predecessor-version":[{"id":25117,"href":"https:\/\/www.vokes.vilnius.lm.lt\/index.php?rest_route=\/wp\/v2\/pages\/25112\/revisions\/25117"}],"wp:attachment":[{"href":"https:\/\/www.vokes.vilnius.lm.lt\/index.php?rest_route=%2Fwp%2Fv2%2Fmedia&parent=25112"}],"curies":[{"name":"wp","href":"https:\/\/api.w.org\/{rel}","templated":true}]}}