{"id":25,"date":"2012-12-02T13:53:36","date_gmt":"2012-12-02T13:53:36","guid":{"rendered":"http:\/\/www2156.vu.lt\/?page_id=25"},"modified":"2026-02-06T08:27:49","modified_gmt":"2026-02-06T06:27:49","slug":"nuorodos","status":"publish","type":"page","link":"https:\/\/www.vokes.vilnius.lm.lt\/?page_id=25","title":{"rendered":"Nuorodos"},"content":{"rendered":"<div class=\"entry\">\n<table class=\" aligncenter\">\n<tbody>\n<tr style=\"height: 55px;\">\n<td style=\"height: 55px;\"><span style=\"font-family: 'times new roman', times, serif; font-size: 14pt;\"><a href=\"https:\/\/www.nsa.smsm.lt\/pasiekimu-departamentas\/egzaminai-ir-pasiekimu-patikrinimai\/\" target=\"_blank\" rel=\"noopener noreferrer\"><span style=\"font-family: 'times new roman', times, serif;\">Nacionalin\u0117 \u0161vietimo agent\u016bra<\/span><\/a><\/span><\/td>\n<td style=\"height: 55px;\"><a href=\"https:\/\/www.nsa.smsm.lt\/pasiekimu-departamentas\/egzaminai-ir-pasiekimu-patikrinimai\/\" target=\"_blank\" rel=\"noopener noreferrer\"><img loading=\"lazy\" decoding=\"async\" class=\"wp-image-26693 aligncenter\" src=\"https:\/\/www.vokes.vilnius.lm.lt\/wp-content\/uploads\/2026\/01\/logo-300x135.jpg\" alt=\"\" width=\"83\" height=\"37\" srcset=\"https:\/\/www.vokes.vilnius.lm.lt\/wp-content\/uploads\/2026\/01\/logo-300x135.jpg 300w, https:\/\/www.vokes.vilnius.lm.lt\/wp-content\/uploads\/2026\/01\/logo.jpg 709w\" sizes=\"auto, (max-width: 83px) 100vw, 83px\" \/><\/a><\/td>\n<\/tr>\n<tr style=\"height: 123px;\">\n<td style=\"height: 123px;\"><span style=\"font-size: 14pt;\"><a href=\"https:\/\/european-union.europa.eu\/priorities-and-actions\/actions-topic\/education-training-and-youth_lt\" target=\"_blank\" rel=\"noopener noreferrer\"><span style=\"font-family: 'times new roman', times, serif;\">\u0160vietimas ir mokymasis. ES parama<\/span><\/a><\/span><\/td>\n<td style=\"height: 123px;\"><a href=\"https:\/\/european-union.europa.eu\/priorities-and-actions\/actions-topic\/education-training-and-youth_lt\" target=\"_blank\" rel=\"noopener noreferrer\"><img loading=\"lazy\" decoding=\"async\" class=\"aligncenter wp-image-26806\" src=\"https:\/\/www.vokes.vilnius.lm.lt\/wp-content\/uploads\/2026\/02\/sajungos-fondas-1-300x123.png\" alt=\"\" width=\"203\" height=\"83\" srcset=\"https:\/\/www.vokes.vilnius.lm.lt\/wp-content\/uploads\/2026\/02\/sajungos-fondas-1-300x123.png 300w, https:\/\/www.vokes.vilnius.lm.lt\/wp-content\/uploads\/2026\/02\/sajungos-fondas-1.png 326w\" sizes=\"auto, (max-width: 203px) 100vw, 203px\" \/><\/a><\/td>\n<\/tr>\n<tr style=\"height: 154.703px;\">\n<td style=\"height: 154.703px;\"><span style=\"font-family: 'times new roman', times, serif; font-size: 14pt;\"><a href=\"http:\/\/www.smm.lt\" target=\"_blank\" rel=\"noopener noreferrer\">Lietuvos \u0161vietimo ir moklso ministerija<\/a><\/span><\/td>\n<td style=\"height: 154.703px;\"><span style=\"font-family: 'times new roman', times, serif; font-size: 14pt;\"><a href=\"http:\/\/www.smm.lt\" target=\"_blank\" rel=\"noopener noreferrer\"><img loading=\"lazy\" decoding=\"async\" class=\"aligncenter wp-image-26782\" src=\"https:\/\/www.vokes.vilnius.lm.lt\/wp-content\/uploads\/2026\/02\/f46d2a8393d912c0a24b5ff3c76dbb7b.jpg\" alt=\"\" width=\"217\" height=\"137\"><\/a><\/span><\/td>\n<\/tr>\n<tr style=\"height: 68px;\">\n<td style=\"height: 68px;\"><span style=\"font-size: 14pt;\"><a href=\"https:\/\/www.mtc.lt\/\" target=\"_blank\" rel=\"noopener noreferrer\"><span style=\"font-family: 'times new roman', times, serif;\">Mokykl\u0173 tobulinimo centras<\/span><\/a><\/span><\/td>\n<td style=\"height: 68px;\"><a href=\"https:\/\/www.mtc.lt\/\" target=\"_blank\" rel=\"noopener noreferrer\"><img loading=\"lazy\" decoding=\"async\" class=\"aligncenter wp-image-26813 size-full\" src=\"https:\/\/www.vokes.vilnius.lm.lt\/wp-content\/uploads\/2026\/02\/mokyklu-tobulinimo-centras_0.jpg\" alt=\"\" width=\"250\" height=\"100\"><\/a><\/td>\n<\/tr>\n<tr style=\"height: 68px;\">\n<td style=\"height: 68px;\"><span style=\"font-size: 14pt;\"><a href=\"https:\/\/jaunimodebatai.eu\/lt\" target=\"_blank\" rel=\"noopener noreferrer\"><span style=\"font-family: 'times new roman', times, serif;\">Jaunimo debatai<\/span><\/a><\/span><\/td>\n<td style=\"height: 68px;\"><a href=\"https:\/\/www.vokes.vilnius.lm.lt\/wp-content\/uploads\/2026\/02\/debatu-programa-jaunimui.jpg\" target=\"_blank\" rel=\"noopener noreferrer\"><img loading=\"lazy\" decoding=\"async\" class=\"aligncenter wp-image-26821 \" src=\"https:\/\/www.vokes.vilnius.lm.lt\/wp-content\/uploads\/2026\/02\/debatu-programa-jaunimui.jpg\" alt=\"\" width=\"215\" height=\"86\"><\/a><\/td>\n<\/tr>\n<tr style=\"height: 79px;\">\n<td style=\"height: 79px;\"><span style=\"font-family: 'times new roman', times, serif; font-size: 14pt;\"><a href=\"http:\/\/www.spcentras.lt\/Apie-mus-677.html\" target=\"_blank\" rel=\"noopener noreferrer\">Vilniaus miesto socialin\u0117s paramos centras<\/a><\/span><\/td>\n<td style=\"height: 79px;\"><a href=\"http:\/\/www.spcentras.lt\/Apie-mus-677.html\" target=\"_blank\" rel=\"noopener noreferrer\"><img loading=\"lazy\" decoding=\"async\" class=\"aligncenter\" style=\"border: 0px currentColor;\" src=\"http:\/\/www2156.vu.lt\/wp-content\/uploads\/2013\/04\/soc_paramos_centras.jpg\" alt=\"\" width=\"160\" height=\"62\"><\/a><\/td>\n<\/tr>\n<tr style=\"height: 41px;\">\n<td style=\"height: 41px;\"><span style=\"font-family: 'times new roman', times, serif; font-size: 14pt;\"><a href=\"https:\/\/tinklas.lt\/\" target=\"_blank\" rel=\"noopener noreferrer\">V\u0160\u012e \u201e\u0160vietimo tinklas\u201c<\/a><\/span><\/td>\n<td style=\"height: 41px;\"><a href=\"http:\/\/www.tinklas.lt\/\" target=\"_blank\" rel=\"noopener noreferrer\"><img loading=\"lazy\" decoding=\"async\" class=\"aligncenter wp-image-26685\" src=\"https:\/\/www.vokes.vilnius.lm.lt\/wp-content\/uploads\/2026\/01\/tinklas_logo-300x77.jpg\" alt=\"\" width=\"93\" height=\"24\" srcset=\"https:\/\/www.vokes.vilnius.lm.lt\/wp-content\/uploads\/2026\/01\/tinklas_logo-300x77.jpg 300w, https:\/\/www.vokes.vilnius.lm.lt\/wp-content\/uploads\/2026\/01\/tinklas_logo.jpg 446w\" sizes=\"auto, (max-width: 93px) 100vw, 93px\" \/><\/a><\/td>\n<\/tr>\n<tr style=\"height: 68px;\">\n<td style=\"height: 68px;\"><span style=\"font-size: 14pt;\"><a href=\"https:\/\/www.linesa.lt\/\" target=\"_blank\" rel=\"noopener noreferrer\"><span style=\"font-family: 'times new roman', times, serif;\">Lietuvos neformaliojo \u0161vietimo&nbsp;agent\u016bra<\/span><\/a><\/span><\/td>\n<td style=\"height: 68px;\"><a href=\"https:\/\/www.linesa.lt\/\" target=\"_blank\" rel=\"noopener noreferrer\"><img loading=\"lazy\" decoding=\"async\" class=\"aligncenter wp-image-26687\" src=\"https:\/\/www.vokes.vilnius.lm.lt\/wp-content\/uploads\/2026\/01\/misc-3.jpg\" alt=\"\" width=\"50\" height=\"51\"><\/a><\/td>\n<\/tr>\n<tr style=\"height: 78px;\">\n<td style=\"height: 78px;\"><span style=\"font-family: 'times new roman', times, serif; font-size: 14pt;\"><a href=\"http:\/\/www.olimpiados.lt\/\" target=\"_blank\" rel=\"noopener noreferrer\">Olimpiados.lt<\/a><\/span><\/td>\n<td style=\"height: 78px;\"><a href=\"http:\/\/www.olimpiados.lt\/\" target=\"_blank\" rel=\"noopener noreferrer\"><img loading=\"lazy\" decoding=\"async\" class=\"aligncenter\" style=\"border: 0px currentColor;\" src=\"http:\/\/www2156.vu.lt\/wp-content\/uploads\/2013\/04\/olipiados.gif\" alt=\"\" width=\"120\" height=\"60\"><\/a><\/td>\n<\/tr>\n<tr style=\"height: 71px;\">\n<td style=\"height: 71px;\"><span style=\"font-family: 'times new roman', times, serif; font-size: 14pt;\"><a href=\"https:\/\/emokykla.lt\/\" target=\"_blank\" rel=\"noopener noreferrer\">\u0160vietimo portalas emokykla<\/a><\/span><\/td>\n<td style=\"height: 71px;\"><a href=\"https:\/\/emokykla.lt\/\"><img loading=\"lazy\" decoding=\"async\" class=\"aligncenter wp-image-26818 size-full\" src=\"https:\/\/www.vokes.vilnius.lm.lt\/wp-content\/uploads\/2026\/02\/1949_emokykla_s.jpg\" alt=\"\" width=\"153\" height=\"100\"><\/a><\/td>\n<\/tr>\n<tr style=\"height: 58px;\">\n<td style=\"height: 58px;\"><span style=\"font-family: 'times new roman', times, serif; font-size: 14pt;\"><a href=\"https:\/\/vilnius.lt\/\" target=\"_blank\" rel=\"noopener noreferrer\">Vilniaus miesto savivaldyb\u0117<\/a><\/span><\/td>\n<td style=\"height: 58px;\"><a href=\"https:\/\/vilnius.lt\/\" target=\"_blank\" rel=\"noopener noreferrer\"><img loading=\"lazy\" decoding=\"async\" class=\"aligncenter wp-image-26699\" src=\"https:\/\/www.vokes.vilnius.lm.lt\/wp-content\/uploads\/2026\/01\/header-logo-300x72.jpg\" alt=\"\" width=\"170\" height=\"41\" srcset=\"https:\/\/www.vokes.vilnius.lm.lt\/wp-content\/uploads\/2026\/01\/header-logo-300x72.jpg 300w, https:\/\/www.vokes.vilnius.lm.lt\/wp-content\/uploads\/2026\/01\/header-logo-768x185.jpg 768w, https:\/\/www.vokes.vilnius.lm.lt\/wp-content\/uploads\/2026\/01\/header-logo-1024x247.jpg 1024w, https:\/\/www.vokes.vilnius.lm.lt\/wp-content\/uploads\/2026\/01\/header-logo.jpg 1217w\" sizes=\"auto, (max-width: 170px) 100vw, 170px\" \/><\/a><\/td>\n<\/tr>\n<tr style=\"height: 58px;\">\n<td style=\"height: 58px;\"><span style=\"font-size: 14pt;\"><a href=\"https:\/\/www.esf.lt\/\" target=\"_blank\" rel=\"noopener noreferrer\"><span style=\"font-family: 'times new roman', times, serif;\">Europos socialinis fondas<\/span><\/a><\/span><\/td>\n<td style=\"height: 58px;\">\n<a href=\"https:\/\/www.vokes.vilnius.lm.lt\/wp-content\/uploads\/2026\/02\/europos-socialinis-fondas.jpg\" target=\"_blank\" rel=\"noopener noreferrer\"><img loading=\"lazy\" decoding=\"async\" class=\"aligncenter wp-image-26825 size-full\" src=\"https:\/\/www.vokes.vilnius.lm.lt\/wp-content\/uploads\/2026\/02\/europos-socialinis-fondas.jpg\" alt=\"\" width=\"250\" height=\"100\"><\/a><\/td>\n<\/tr>\n<tr style=\"height: 58px;\">\n<td style=\"height: 58px;\"><span style=\"font-size: 14pt;\"><a href=\"https:\/\/www.renkuosimokyti.lt\/\" target=\"_blank\" rel=\"noopener noreferrer\"><span style=\"font-family: 'times new roman', times, serif;\">Renkuosi mokyti<\/span><\/a><\/span><\/td>\n<td style=\"height: 58px;\"><a href=\"https:\/\/www.vokes.vilnius.lm.lt\/wp-content\/uploads\/2026\/02\/renkuosi-mokyti.jpg\" target=\"_blank\" rel=\"noopener noreferrer\"><img loading=\"lazy\" decoding=\"async\" class=\"aligncenter wp-image-26827 size-full\" src=\"https:\/\/www.vokes.vilnius.lm.lt\/wp-content\/uploads\/2026\/02\/renkuosi-mokyti.jpg\" alt=\"\" width=\"250\" height=\"100\"><\/a><\/td>\n<\/tr>\n<\/tbody>\n<\/table>\n<\/div>\n","protected":false},"excerpt":{"rendered":"<p>Nacionalin\u0117 \u0161vietimo agent\u016bra \u0160vietimas ir mokymasis. ES parama Lietuvos \u0161vietimo ir moklso ministerija Mokykl\u0173 tobulinimo centras Jaunimo debatai Vilniaus miesto socialin\u0117s paramos centras V\u0160\u012e \u201e\u0160vietimo tinklas\u201c Lietuvos neformaliojo \u0161vietimo&nbsp;agent\u016bra Olimpiados.lt \u0160vietimo portalas emokykla Vilniaus miesto savivaldyb\u0117 Europos socialinis fondas Renkuosi mokyti<\/p>\n","protected":false},"author":1,"featured_media":0,"parent":0,"menu_order":6,"comment_status":"closed","ping_status":"closed","template":"","meta":{"footnotes":""},"class_list":["post-25","page","type-page","status-publish"],"_links":{"self":[{"href":"https:\/\/www.vokes.vilnius.lm.lt\/index.php?rest_route=\/wp\/v2\/pages\/25","targetHints":{"allow":["GET"]}}],"collection":[{"href":"https:\/\/www.vokes.vilnius.lm.lt\/index.php?rest_route=\/wp\/v2\/pages"}],"about":[{"href":"https:\/\/www.vokes.vilnius.lm.lt\/index.php?rest_route=\/wp\/v2\/types\/page"}],"author":[{"embeddable":true,"href":"https:\/\/www.vokes.vilnius.lm.lt\/index.php?rest_route=\/wp\/v2\/users\/1"}],"replies":[{"embeddable":true,"href":"https:\/\/www.vokes.vilnius.lm.lt\/index.php?rest_route=%2Fwp%2Fv2%2Fcomments&post=25"}],"version-history":[{"count":140,"href":"https:\/\/www.vokes.vilnius.lm.lt\/index.php?rest_route=\/wp\/v2\/pages\/25\/revisions"}],"predecessor-version":[{"id":26837,"href":"https:\/\/www.vokes.vilnius.lm.lt\/index.php?rest_route=\/wp\/v2\/pages\/25\/revisions\/26837"}],"wp:attachment":[{"href":"https:\/\/www.vokes.vilnius.lm.lt\/index.php?rest_route=%2Fwp%2Fv2%2Fmedia&parent=25"}],"curies":[{"name":"wp","href":"https:\/\/api.w.org\/{rel}","templated":true}]}}