{"id":2,"date":"2012-11-20T14:37:04","date_gmt":"2012-11-20T14:37:04","guid":{"rendered":"http:\/\/www2156.vu.lt\/?page_id=2"},"modified":"2023-03-03T09:19:44","modified_gmt":"2023-03-03T07:19:44","slug":"sample-page","status":"publish","type":"page","link":"https:\/\/www.vokes.vilnius.lm.lt\/?page_id=2","title":{"rendered":"Apie mokykl\u0105"},"content":{"rendered":"<div class=\"entry\">\n<table style=\"width: 619.5px; height: 2172px;\" border=\"0\" cellspacing=\"1\" cellpadding=\"1\" align=\"center\">\n<tbody>\n<tr style=\"height: 1787px;\">\n<td style=\"border: 1px solid #ffffff; height: 1787px; width: 442px; text-align: center;\">\n<p dir=\"ltr\"><span style=\"font-size: 14pt;\"><a href=\"https:\/\/youtu.be\/sixkcm-3T8s\"><strong><span style=\"font-family: 'times new roman', times, serif;\">VILNIAUS TRAK\u0172 VOK\u0116S GIMNAZIJ<\/span><\/strong><strong><span style=\"font-family: 'times new roman', times, serif;\">OS<\/span><\/strong> <strong><span style=\"font-family: 'times new roman', times, serif;\">PRISTATYMAS<\/span><\/strong><\/a><\/span><\/p>\n<p dir=\"ltr\"><span style=\"font-size: 14px;\"><span style=\"font-family: georgia,serif;\"><strong>MOKYKLOS ISTORIJA<\/strong><\/span><\/span><\/p>\n<p style=\"text-align: justify;\"><span style=\"font-size: 14px;\"><span style=\"font-family: georgia,serif;\"><strong>1952 m.<\/strong> laikomi Trak\u0173 Vok\u0117s mokyklos u\u017euomazgos metai, kai Liudvinavo septynmet\u0117je mokykloje buvo atidarytas pradini\u0173 klasi\u0173 komplektas lietuvi\u0173 kalba. Pirmuosius mokinukus mok\u0117 mokytoja Teofil\u0117 Petru\u017eyt\u0117. Kadangi lietuvi\u0161k\u0105sias klases lank\u0117 Trak\u0173 Vok\u0117s gyvenviet\u0117s vaikai, mokytojos T.Petru\u017eyt\u0117s ir mokini\u0173 t\u0117v\u0173 pastangomis, pradin\u0117s klas\u0117s 1953 m. ruden\u012f buvo perkeltos i\u0161 Liudvinavo mokyklos \u012f buvus\u012f grafo J.Ti\u0161kevi\u010diaus kumetyn\u0105.Tuo pa\u010diu metu \u017eiem\u0105 mokykla buvo i\u0161kelta \u012f netoli esant\u012f pastat\u0105 (oficin\u0105).<\/span><\/span><\/p>\n<p style=\"text-align: justify;\"><span style=\"font-size: 14px;\"><span style=\"font-family: georgia,serif;\">Padedant mokini\u0173 t\u0117v\u0173 komitetui, mokytoja T.Petru\u017eyt\u0117 kreip\u0117si \u012f \u0160vietimo ministerij\u0105, kad pradini\u0173 klasi\u0173 komplektas b\u016bt\u0173 atskirtas nuo Liudvinavo septynmet\u0117s mokyklos. <strong>1954 m.<\/strong> \u0160vietimo ministerija pra\u0161ym\u0105 patenkino, tod\u0117l 1954 metai oficialiai laikomi Trak\u0173 Vok\u0117s mokyklos \u012fk\u016brimo metai. Naujosios mokyklos ved\u0117ja buvo paskirta T.Petru\u017eyt\u0117. \u0160i mokytoja daug j\u0117g\u0173 ir energijos atidav\u0117 mokyklos k\u016brimui ir jos augimui.<\/span><\/span><\/p>\n<p style=\"text-align: justify;\"><span style=\"font-size: 14px;\"><span style=\"font-family: georgia,serif;\"><strong>1959 m.<\/strong> buvo atidaryta penkta klas\u0117 ir mokykla tapo priaugan\u010dia septynmete mokykla (Liudvinavo septynmet\u0117s mokyklos filialas ).<\/span><\/span><\/p>\n<p style=\"text-align: justify;\"><span style=\"font-size: 14px;\"><span style=\"font-family: georgia,serif;\"><strong>1962 m.<\/strong> mokykla \u012fgijo a\u0161tuonmet\u0117s mokyklos status\u0105 (direktoriai J.Kaunelis, A.\u017dekonis).<\/span><\/span><\/p>\n<p style=\"text-align: justify;\"><span style=\"font-size: 14px;\"><span style=\"font-family: georgia,serif;\">Kiekvienais metais mokykla augo (did\u0117jo mokini\u0173 ir mokytoj\u0173 skai\u010dius): <strong>1987 m.<\/strong> buvo atidarytas de\u0161imt\u0173 klasi\u0173 komplektas ir buvusi devynmet\u0117 mokykla \u012fgijo vidurin\u0117s mokyklos vard\u0105 (direktoriai R.Aliukonis, G.Tala\u010dkien\u0117).<\/span><\/span><\/p>\n<p style=\"text-align: justify;\"><span style=\"font-size: 14px;\"><span style=\"font-family: georgia,serif;\">Per ilgus de\u0161imtme\u010dius i\u0161 kumetyno pastato mokykla i\u0161augo \u012f dviej\u0173 auk\u0161t\u0173 erdvi\u0105, moderni\u0105 mokykl\u0105.<\/span><\/span><\/p>\n<p style=\"text-align: justify;\"><span style=\"font-size: 14px;\"><span style=\"font-family: georgia,serif;\"><strong>2011<\/strong> metais prie vidurin\u0117s mokyklos prijungta Vilniaus Paneri\u0173 pagrindin\u0117 mokykla.<\/span><\/span><\/p>\n<p style=\"text-align: justify;\"><span style=\"font-size: 14px;\"><span style=\"font-family: georgia,serif;\"><strong>2014 m.<\/strong> Trak\u0173 Vok\u0117s vidurin\u0117 mokykla Vilniaus miesto savivaldyb\u0117s tarybos sprendimu pertvarkyta \u012f Vilniaus Trak\u0173 Vok\u0117s gimnazij\u0105. <\/span><\/span><\/p>\n<p style=\"text-align: justify;\">&nbsp;<\/p>\n<p style=\"text-align: left;\"><span style=\"font-size: 14px;\"><span style=\"font-family: georgia,serif;\"><strong>MOKYKLOS HIMNAS<\/strong><\/span><\/span><\/p>\n<p style=\"text-align: left;\"><span style=\"font-size: 14px;\"><span style=\"font-family: georgia,serif;\"><strong>I<\/strong><\/span><\/span><\/p>\n<p style=\"text-align: left;\"><span style=\"font-size: 14px;\"><span style=\"font-family: georgia,serif;\">\u010cia mes u\u017eaugom, \u010dia m\u016bs\u0173 namai,<br \/>\n\u010cia mus lyd\u0117jo vargai ir d\u017eiaugsmai.<br \/>\nBet visada prisiminsim tave,<br \/>\nO m\u016bs\u0173 mylima&#8230;<\/span><\/span><\/p>\n<p style=\"text-align: left;\"><span style=\"font-size: 14px;\"><span style=\"font-family: georgia,serif;\"><strong><em>Priedainis<\/em><\/strong><\/span><\/span><\/p>\n<p style=\"text-align: left;\"><span style=\"font-size: 14px;\"><span style=\"font-family: georgia,serif;\">Trak\u0173 Vok\u0117s mokykla,<br \/>\nTrak\u0173 Vok\u0117s mokykla.<br \/>\nTu vienintel\u0117 tokia nepaprasta,<br \/>\nM\u016bs\u0173 svajoni\u0173 pilna.<\/span><\/span><\/p>\n<p style=\"text-align: left;\"><span style=\"font-size: 14px;\"><span style=\"font-family: georgia,serif;\"><strong>II<\/strong><\/span><\/span><\/p>\n<p style=\"text-align: left;\"><span style=\"font-size: 14px;\"><span style=\"font-family: georgia,serif;\">\u010cia mes i\u0161mokom gyventi dorai,<br \/>\nMes laimingiausi pasaulio vaikai,<br \/>\nTad visados mes atminsim tave,<br \/>\nO m\u016bs\u0173 mokykla.<\/span><\/span><\/p>\n<p style=\"text-align: left;\"><span style=\"font-size: 14px;\"><span style=\"font-family: georgia,serif;\"><strong><em>Priedainis<\/em><\/strong><\/span><\/span><\/p>\n<p style=\"text-align: left;\"><span style=\"font-size: 14px;\"><span style=\"font-family: georgia,serif;\">Trak\u0173 Vok\u0117s mokykla,<br \/>\nTrak\u0173 Vok\u0117s mokykla.<br \/>\nTu vienintel\u0117 tokia nepaprasta,<br \/>\nM\u016bs\u0173 svajoni\u0173 pilna.<\/span><\/span><\/p>\n<p>&nbsp;<\/p>\n<p>&nbsp;<\/td>\n<td style=\"border: 1px solid #ffffff; height: 1787px; width: 174.5px; text-align: center;\"><span style=\"font-size: 14px;\"><span style=\"font-family: georgia,serif;\"><strong><br \/>\nCHRONOLOGIJA<\/strong><\/span><\/span><\/p>\n<p style=\"text-align: center;\"><span style=\"font-size: 12pt; font-family: 'times new roman', times, serif;\"><strong>1954 &#8211; 1959<\/strong><br \/>\nPradin\u0117 mokykla (vadov\u0117 T.Petru\u017eyt\u0117)<\/span><\/p>\n<p align=\"center\"><span style=\"font-size: 14px;\"><span style=\"font-family: georgia,serif;\"><img decoding=\"async\" style=\"border-width: 0px; border-style: solid; width: 262px; height: 196px;\" src=\"http:\/\/www2156.vu.lt\/wp-content\/uploads\/2013\/04\/1.jpg\" alt=\"\"><\/span><\/span><\/p>\n<p align=\"center\"><span style=\"font-size: 12pt; font-family: 'times new roman', times, serif;\"><strong>1959 &#8211; 1962<\/strong><br \/>\nLiudvinavo septynmet\u0117s mokyklos filialas (direktorius V.Abramenko)<\/span><\/p>\n<p align=\"center\"><span style=\"font-size: 14px;\"><span style=\"font-family: georgia,serif;\"><img decoding=\"async\" style=\"border-width: 0px; border-style: solid; width: 262px; height: 197px;\" src=\"http:\/\/www2156.vu.lt\/wp-content\/uploads\/2013\/04\/2.jpg\" alt=\"\"><\/span><\/span><\/p>\n<p align=\"center\"><span style=\"font-size: 12pt; font-family: 'times new roman', times, serif;\"><strong>1962 &#8211; 1987<\/strong><br \/>\nTrak\u0173 Vok\u0117s a\u0161tuonmet\u0117 mokykla<br \/>\n(direktorius J.Kaunelis, direktorius A.\u017dekonis)<\/span><\/p>\n<p align=\"center\"><span style=\"font-size: 14px;\"><span style=\"font-family: georgia,serif;\"><img decoding=\"async\" style=\"border-width: 0px; border-style: solid; width: 262px; height: 196px;\" src=\"http:\/\/www2156.vu.lt\/wp-content\/uploads\/2013\/04\/3.jpg\" alt=\"\"><\/span><\/span><\/p>\n<p align=\"center\"><span style=\"font-size: 12pt; font-family: 'times new roman', times, serif;\"><strong>1987 &#8211; 1989<\/strong><br \/>\nTrak\u0173 Vok\u0117s devynmet\u0117 mokykla<br \/>\n(direktorius A.\u017dekonis)<\/span><\/p>\n<p align=\"center\"><span style=\"font-size: 14px;\"><span style=\"font-family: georgia,serif;\"><img decoding=\"async\" style=\"border-width: 0px; border-style: solid; width: 262px; height: 196px;\" src=\"http:\/\/www2156.vu.lt\/wp-content\/uploads\/2013\/04\/4.jpg\" alt=\"\"><\/span><\/span><\/p>\n<p align=\"center\"><span style=\"font-size: 14px; font-family: 'times new roman', times, serif;\"><strong>1989 &#8211; 2014<\/strong><br \/>\nTrak\u0173 Vok\u0117s vidurin\u0117 mokykla<br \/>\n(direktorius R. Aliukonis 1989 &#8211; 2002)<br \/>\n(direktor\u0117 G. Tala\u010dkien\u0117 nuo 2002 m. )<\/span><\/p>\n<p align=\"center\"><a href=\"http:\/\/www.vokes.vilnius.lm.lt\/wp-content\/uploads\/2012\/11\/mokykla.jpg\"><img loading=\"lazy\" decoding=\"async\" class=\"wp-image-6347 alignnone\" src=\"http:\/\/www.vokes.vilnius.lm.lt\/wp-content\/uploads\/2012\/11\/mokykla-150x150.jpg\" alt=\"\" width=\"204\" height=\"204\"><\/a><\/p>\n<p align=\"center\">&nbsp;&nbsp;<span style=\"font-family: 'times new roman', times, serif; font-size: 12pt;\"><strong>2014 m<\/strong>. Vilniaus Trak\u0173 Vok\u0117s mokykla pertvarkyta \u012f gimnazij\u0105&nbsp;(direktor\u0117 G.Tala\u010dkien\u0117)<\/span><\/p>\n<\/td>\n<\/tr>\n<\/tbody>\n<\/table>\n<\/div>\n","protected":false},"excerpt":{"rendered":"<p>VILNIAUS TRAK\u0172 VOK\u0116S GIMNAZIJOS PRISTATYMAS MOKYKLOS ISTORIJA 1952 m. laikomi Trak\u0173 Vok\u0117s mokyklos u\u017euomazgos metai, kai Liudvinavo septynmet\u0117je mokykloje buvo atidarytas pradini\u0173 klasi\u0173 komplektas lietuvi\u0173 kalba. Pirmuosius mokinukus mok\u0117 mokytoja Teofil\u0117 Petru\u017eyt\u0117. Kadangi lietuvi\u0161k\u0105sias klases lank\u0117 Trak\u0173 Vok\u0117s gyvenviet\u0117s vaikai, mokytojos T.Petru\u017eyt\u0117s ir mokini\u0173 t\u0117v\u0173 pastangomis, pradin\u0117s klas\u0117s 1953 m. ruden\u012f buvo perkeltos i\u0161 Liudvinavo &#8230;<\/p>\n","protected":false},"author":1,"featured_media":0,"parent":22,"menu_order":1,"comment_status":"closed","ping_status":"closed","template":"","meta":{"footnotes":""},"class_list":["post-2","page","type-page","status-publish"],"_links":{"self":[{"href":"https:\/\/www.vokes.vilnius.lm.lt\/index.php?rest_route=\/wp\/v2\/pages\/2","targetHints":{"allow":["GET"]}}],"collection":[{"href":"https:\/\/www.vokes.vilnius.lm.lt\/index.php?rest_route=\/wp\/v2\/pages"}],"about":[{"href":"https:\/\/www.vokes.vilnius.lm.lt\/index.php?rest_route=\/wp\/v2\/types\/page"}],"author":[{"embeddable":true,"href":"https:\/\/www.vokes.vilnius.lm.lt\/index.php?rest_route=\/wp\/v2\/users\/1"}],"replies":[{"embeddable":true,"href":"https:\/\/www.vokes.vilnius.lm.lt\/index.php?rest_route=%2Fwp%2Fv2%2Fcomments&post=2"}],"version-history":[{"count":80,"href":"https:\/\/www.vokes.vilnius.lm.lt\/index.php?rest_route=\/wp\/v2\/pages\/2\/revisions"}],"predecessor-version":[{"id":20440,"href":"https:\/\/www.vokes.vilnius.lm.lt\/index.php?rest_route=\/wp\/v2\/pages\/2\/revisions\/20440"}],"up":[{"embeddable":true,"href":"https:\/\/www.vokes.vilnius.lm.lt\/index.php?rest_route=\/wp\/v2\/pages\/22"}],"wp:attachment":[{"href":"https:\/\/www.vokes.vilnius.lm.lt\/index.php?rest_route=%2Fwp%2Fv2%2Fmedia&parent=2"}],"curies":[{"name":"wp","href":"https:\/\/api.w.org\/{rel}","templated":true}]}}