{"id":1929,"date":"2013-10-21T21:22:44","date_gmt":"2013-10-21T21:22:44","guid":{"rendered":"http:\/\/www.vokes.vilnius.lm.lt\/?page_id=1929"},"modified":"2026-04-28T07:20:17","modified_gmt":"2026-04-28T05:20:17","slug":"numatomi-renginiai","status":"publish","type":"page","link":"https:\/\/www.vokes.vilnius.lm.lt\/?page_id=1929","title":{"rendered":"Ugdymo karjerai renginiai"},"content":{"rendered":"<div class=\"entry\">\n<p><span style=\"font-size: 14pt;\"><strong><span style=\"font-family: 'times new roman', times, serif;\">2025 &#8211; 2026 m. m.<\/span><\/strong><\/span><\/p>\n<p style=\"text-align: justify;\"><a href=\"https:\/\/www.vokes.vilnius.lm.lt\/?p=27447\"><span style=\"font-family: 'times new roman', times, serif; font-size: 14pt;\">Apsilankymas \u201eKarjere\u201c<\/span><\/a><\/p>\n<p><a href=\"https:\/\/www.vokes.vilnius.lm.lt\/?p=27227\"><span style=\"font-family: 'times new roman', times, serif; font-size: 14pt;\">Apsilankymas Mykolo Riomerio universitete<\/span><\/a><\/p>\n<p><span style=\"font-family: 'times new roman', times, serif; font-size: 14pt;\"><a href=\"http:\/\/www.vokes.vilnius.lm.lt\/?p=26295\">Susitikimas su Kauno technologij\u0173 universiteto student\u0173 informacijos sklaidos specialiste<\/a><\/span><\/p>\n<p><span style=\"font-family: 'times new roman', times, serif; font-size: 14pt;\"><a href=\"http:\/\/www.vokes.vilnius.lm.lt\/?p=26201\">Susitikimas su \u201eVinted\u201c in\u017einerijos vadove dalia jasiniauskiene<\/a><\/span><\/p>\n<p><span style=\"font-family: 'times new roman', times, serif; font-size: 14pt;\"><a href=\"http:\/\/www.vokes.vilnius.lm.lt\/?p=26188\">Mokymosi galimybi\u0173 pristatymai Lietuvos verslo kolegijoje, Elektr\u0117n\u0173 profesinio mokymo centre ir Vilniaus kolegijos profesinio mokymo skyriuje<\/a><\/span><\/p>\n<p><span style=\"font-family: 'times new roman', times, serif; font-size: 14pt;\"><a href=\"http:\/\/www.vokes.vilnius.lm.lt\/?p=25882\">Apsilankymas Vilniaus paslaug\u0173 verslo profesinio mokymo centre<\/a><\/span><\/p>\n<p><span style=\"font-family: 'times new roman', times, serif; font-size: 14pt;\"><a href=\"http:\/\/www.vokes.vilnius.lm.lt\/?p=25872\">Susitikimas su Vilniaus kolegijos student\u0173 pri\u0117mimo koordinatore<\/a><\/span><\/p>\n<p><span style=\"font-size: 14pt;\"><strong><span style=\"font-family: 'times new roman', times, serif;\">2024 &#8211; 2025 m. m.<\/span><\/strong><\/span><\/p>\n<p><span style=\"font-family: 'times new roman', times, serif; font-size: 14pt;\"><a href=\"http:\/\/www.vokes.vilnius.lm.lt\/?p=25354\">Finans\u0173 auditoriaus profesijos pristatymas<\/a><\/span><\/p>\n<p><span style=\"font-family: 'times new roman', times, serif; font-size: 14pt;\"><a href=\"http:\/\/www.vokes.vilnius.lm.lt\/?p=25161\">Paskaita \u201eKaip nesuklysti renkantis karjer\u0105?\u201c<\/a><\/span><\/p>\n<p><span style=\"font-family: 'times new roman', times, serif; font-size: 14pt;\"><a href=\"http:\/\/www.vokes.vilnius.lm.lt\/?p=25108\">Universitet\u0173 studij\u0173 pristatymai<\/a><\/span><\/p>\n<p><span style=\"font-family: 'times new roman', times, serif; font-size: 14pt;\"><a href=\"http:\/\/www.vokes.vilnius.lm.lt\/?p=24824\">Karjeros ugdymas ir pamokos u\u017e mokyklos rib\u0173<\/a><\/span><\/p>\n<p><span style=\"font-family: 'times new roman', times, serif; font-size: 14pt;\"><a href=\"http:\/\/www.vokes.vilnius.lm.lt\/?p=24746\">Apsilankymas Vilniaus komunalini\u0173 paslaug\u0173 mokyklos atvir\u0173 dur\u0173 dienoje<\/a><\/span><\/p>\n<p><span style=\"font-family: 'times new roman', times, serif; font-size: 14pt;\"><a href=\"http:\/\/www.vokes.vilnius.lm.lt\/?p=24695\">Apsilankymas parodoje \u201eKarjera ir studijos Lietuvoje 2025\u201c Lietuvos parod\u0173 ir kongres\u0173 centre Litexpo<\/a><\/span><\/p>\n<p><span style=\"font-family: 'times new roman', times, serif; font-size: 14pt;\"><a href=\"http:\/\/www.vokes.vilnius.lm.lt\/?p=24614\">Bendradarbiavimas su Vilniaus Antakalnio atviru jaunimo centru ,,\u017dalianamis\u2019\u2019<\/a><\/span><\/p>\n<p><span style=\"font-family: 'times new roman', times, serif; font-size: 14pt;\"><a href=\"http:\/\/www.vokes.vilnius.lm.lt\/?p=24562\">Apsilankymas Vilniaus automechanikos ir verslo mokykloje bei sektoriniame praktinio mokymo centre<\/a><\/span><\/p>\n<p><span style=\"font-family: 'times new roman', times, serif; font-size: 14pt;\"><a href=\"http:\/\/www.vokes.vilnius.lm.lt\/?p=24492\">I\u0161vyka \u012f Europos komisijos atstovyb\u0119<\/a><\/span><\/p>\n<p><span style=\"font-family: 'times new roman', times, serif; font-size: 14pt;\"><a href=\"http:\/\/www.vokes.vilnius.lm.lt\/?p=24232\">TSI studij\u0173 programos pristatymas<\/a><\/span><\/p>\n<p><span style=\"font-family: 'times new roman', times, serif; font-size: 14pt;\"><a href=\"http:\/\/www.vokes.vilnius.lm.lt\/?p=23970\">Profesini\u0173 mokykl\u0173 karjeros mug\u0117<\/a><\/span><\/p>\n<\/div>\n","protected":false},"excerpt":{"rendered":"<p>2025 &#8211; 2026 m. m. Apsilankymas \u201eKarjere\u201c Apsilankymas Mykolo Riomerio universitete Susitikimas su Kauno technologij\u0173 universiteto student\u0173 informacijos sklaidos specialiste Susitikimas su \u201eVinted\u201c in\u017einerijos vadove dalia jasiniauskiene Mokymosi galimybi\u0173 pristatymai Lietuvos verslo kolegijoje, Elektr\u0117n\u0173 profesinio mokymo centre ir Vilniaus kolegijos profesinio mokymo skyriuje Apsilankymas Vilniaus paslaug\u0173 verslo profesinio mokymo centre Susitikimas su Vilniaus kolegijos student\u0173 &#8230;<\/p>\n","protected":false},"author":1,"featured_media":0,"parent":206,"menu_order":0,"comment_status":"closed","ping_status":"closed","template":"","meta":{"footnotes":""},"class_list":["post-1929","page","type-page","status-publish"],"_links":{"self":[{"href":"https:\/\/www.vokes.vilnius.lm.lt\/index.php?rest_route=\/wp\/v2\/pages\/1929","targetHints":{"allow":["GET"]}}],"collection":[{"href":"https:\/\/www.vokes.vilnius.lm.lt\/index.php?rest_route=\/wp\/v2\/pages"}],"about":[{"href":"https:\/\/www.vokes.vilnius.lm.lt\/index.php?rest_route=\/wp\/v2\/types\/page"}],"author":[{"embeddable":true,"href":"https:\/\/www.vokes.vilnius.lm.lt\/index.php?rest_route=\/wp\/v2\/users\/1"}],"replies":[{"embeddable":true,"href":"https:\/\/www.vokes.vilnius.lm.lt\/index.php?rest_route=%2Fwp%2Fv2%2Fcomments&post=1929"}],"version-history":[{"count":41,"href":"https:\/\/www.vokes.vilnius.lm.lt\/index.php?rest_route=\/wp\/v2\/pages\/1929\/revisions"}],"predecessor-version":[{"id":27449,"href":"https:\/\/www.vokes.vilnius.lm.lt\/index.php?rest_route=\/wp\/v2\/pages\/1929\/revisions\/27449"}],"up":[{"embeddable":true,"href":"https:\/\/www.vokes.vilnius.lm.lt\/index.php?rest_route=\/wp\/v2\/pages\/206"}],"wp:attachment":[{"href":"https:\/\/www.vokes.vilnius.lm.lt\/index.php?rest_route=%2Fwp%2Fv2%2Fmedia&parent=1929"}],"curies":[{"name":"wp","href":"https:\/\/api.w.org\/{rel}","templated":true}]}}