{"id":1910,"date":"2013-10-21T21:13:57","date_gmt":"2013-10-21T21:13:57","guid":{"rendered":"http:\/\/www.vokes.vilnius.lm.lt\/?page_id=1910"},"modified":"2026-01-19T13:05:20","modified_gmt":"2026-01-19T11:05:20","slug":"naudinga-informacija","status":"publish","type":"page","link":"https:\/\/www.vokes.vilnius.lm.lt\/?page_id=1910","title":{"rendered":"Naudinga informacija"},"content":{"rendered":"<div class=\"entry\">\n<p style=\"text-align: justify;\">&nbsp;<\/p>\n<p style=\"text-align: justify;\"><span style=\"font-family: 'times new roman', times, serif; font-size: 14pt;\"><b>Naudingos nuorodos internete:<\/b><\/span><\/p>\n<ul>\n<li><span style=\"font-size: 14pt;\"><a href=\"https:\/\/lsveikata.lt\/aktualijos\/studijos-atveriancios-duris-i-pasauline-darbo-rinka-kodel-darbdaviai-taip-vertina-lsmu-absolventus-16660#google_vignette\" target=\"_blank\" rel=\"noopener noreferrer\"><span style=\"font-family: 'times new roman', times, serif;\">lsveikata.lt<\/span><\/a><\/span><\/li>\n<li><span style=\"font-size: 14pt;\"><a href=\"http:\/\/www.vokes.vilnius.lm.lt\/wp-content\/uploads\/2025\/03\/Alma-Mater-2024.pdf\" target=\"_blank\" rel=\"noopener noreferrer\"><span style=\"font-family: 'times new roman', times, serif;\">Alma mater<\/span><\/a><\/span><\/li>\n<li><span style=\"font-family: 'times new roman', times, serif; font-size: 14pt;\"><a href=\"http:\/\/www.kalba.lt\" target=\"_blank\" rel=\"noopener noreferrer\">http:\/\/www.kalba.lt<\/a>&nbsp;(Kalb\u0173 kursai)<\/span><\/li>\n<li><span style=\"font-family: 'times new roman', times, serif; font-size: 14pt;\"><a href=\"http:\/\/www.mukis.lt\" target=\"_blank\" rel=\"noopener noreferrer\">http:\/\/www.mukis.lt<\/a>&nbsp;(Mokini\u0173 ugdymo karjerai informacin\u0117 svetain\u0117)<\/span><\/li>\n<li><span style=\"font-family: 'times new roman', times, serif; font-size: 14pt;\"><a href=\"http:\/\/www.aikos.smm.lt\/\" target=\"_blank\" rel=\"noopener noreferrer\">http:\/\/www.aikos.smm.lt<\/a><\/span><\/li>\n<li><span style=\"font-family: 'times new roman', times, serif; font-size: 14pt;\"><a href=\"http:\/\/www.profesijupasaulis.lt\/\" target=\"_blank\" rel=\"noopener noreferrer\">http:\/\/www.profesijupasaulis.lt<\/a><\/span><\/li>\n<li><span style=\"font-family: 'times new roman', times, serif; font-size: 14pt;\"><a href=\"http:\/\/www.euroguidance.lt\" target=\"_blank\" rel=\"noopener noreferrer\">http:\/\/www.euroguidance.lt<\/a><\/span><\/li>\n<li><span style=\"font-family: 'times new roman', times, serif; font-size: 14pt;\"><a href=\"http:\/\/www.kurstudijuoti.lt\/\" target=\"_blank\" rel=\"noopener noreferrer\">www.kurstudijuoti.lt<\/a><\/span><\/li>\n<li><span style=\"font-family: 'times new roman', times, serif; font-size: 14pt;\"><a href=\"http:\/\/www.lamabpo.lt\/\" target=\"_blank\" rel=\"noopener noreferrer\">www.lamabpo.lt<\/a><\/span><\/li>\n<li><span style=\"font-family: 'times new roman', times, serif; font-size: 14pt;\"><a href=\"http:\/\/www.egzaminai.lt\/\" target=\"_blank\" rel=\"noopener noreferrer\">www.egzaminai.lt<\/a><\/span><\/li>\n<\/ul>\n<p>&nbsp;<\/p>\n<p>&nbsp;<\/p>\n<\/div>\n","protected":false},"excerpt":{"rendered":"<p>&nbsp; Naudingos nuorodos internete: lsveikata.lt Alma mater http:\/\/www.kalba.lt&nbsp;(Kalb\u0173 kursai) http:\/\/www.mukis.lt&nbsp;(Mokini\u0173 ugdymo karjerai informacin\u0117 svetain\u0117) http:\/\/www.aikos.smm.lt http:\/\/www.profesijupasaulis.lt http:\/\/www.euroguidance.lt www.kurstudijuoti.lt www.lamabpo.lt www.egzaminai.lt &nbsp; &nbsp;<\/p>\n","protected":false},"author":1,"featured_media":0,"parent":206,"menu_order":0,"comment_status":"closed","ping_status":"closed","template":"","meta":{"footnotes":""},"class_list":["post-1910","page","type-page","status-publish"],"_links":{"self":[{"href":"https:\/\/www.vokes.vilnius.lm.lt\/index.php?rest_route=\/wp\/v2\/pages\/1910","targetHints":{"allow":["GET"]}}],"collection":[{"href":"https:\/\/www.vokes.vilnius.lm.lt\/index.php?rest_route=\/wp\/v2\/pages"}],"about":[{"href":"https:\/\/www.vokes.vilnius.lm.lt\/index.php?rest_route=\/wp\/v2\/types\/page"}],"author":[{"embeddable":true,"href":"https:\/\/www.vokes.vilnius.lm.lt\/index.php?rest_route=\/wp\/v2\/users\/1"}],"replies":[{"embeddable":true,"href":"https:\/\/www.vokes.vilnius.lm.lt\/index.php?rest_route=%2Fwp%2Fv2%2Fcomments&post=1910"}],"version-history":[{"count":27,"href":"https:\/\/www.vokes.vilnius.lm.lt\/index.php?rest_route=\/wp\/v2\/pages\/1910\/revisions"}],"predecessor-version":[{"id":26639,"href":"https:\/\/www.vokes.vilnius.lm.lt\/index.php?rest_route=\/wp\/v2\/pages\/1910\/revisions\/26639"}],"up":[{"embeddable":true,"href":"https:\/\/www.vokes.vilnius.lm.lt\/index.php?rest_route=\/wp\/v2\/pages\/206"}],"wp:attachment":[{"href":"https:\/\/www.vokes.vilnius.lm.lt\/index.php?rest_route=%2Fwp%2Fv2%2Fmedia&parent=1910"}],"curies":[{"name":"wp","href":"https:\/\/api.w.org\/{rel}","templated":true}]}}