{"id":18988,"date":"2022-02-09T14:18:20","date_gmt":"2022-02-09T12:18:20","guid":{"rendered":"http:\/\/www.vokes.vilnius.lm.lt\/?page_id=18988"},"modified":"2026-04-17T07:19:19","modified_gmt":"2026-04-17T05:19:19","slug":"civiline-sauga","status":"publish","type":"page","link":"https:\/\/www.vokes.vilnius.lm.lt\/?page_id=18988","title":{"rendered":"Civilin\u0117 sauga"},"content":{"rendered":"<div class=\"entry\">\n<p style=\"text-align: justify;\"><a href=\"https:\/\/www.vokes.vilnius.lm.lt\/wp-content\/uploads\/2026\/04\/2025-ESVP-i-tinklapi.pdf\" target=\"_blank\" rel=\"noopener\"><span style=\"font-family: 'times new roman', times, serif; font-size: 14pt;\"><b data-olk-copy-source=\"MessageBody\">Ekstremali\u0173j\u0173 situacij\u0173 prevencijos priemoni\u0173 planas<\/b>, patvirtintas direktoriaus 2025 m. spalio 17 d. \u012fsakymu Nr. V-2025-282.\u00a0<\/span><\/a><\/p>\n<div class=\"x_elementToProof\" style=\"text-align: justify;\"><span style=\"font-family: 'times new roman', times, serif; font-size: 14pt;\"><b data-olk-copy-source=\"MessageBody\">2025 m. lapkri\u010dio 17 d.\u00a0 organizuoti civilin\u0117s saugos mokymai darbo vietoje (temos):<\/b><\/span><\/div>\n<ol style=\"text-align: justify;\" start=\"1\" data-editing-info=\"{&quot;orderedStyleType&quot;:1}\">\n<li><span style=\"font-family: 'times new roman', times, serif; font-size: 14pt;\">Mokymo programos paskirtis, reglamentacija, periodi\u0161kumas.<\/span><\/li>\n<li><span style=\"font-family: 'times new roman', times, serif; font-size: 14pt;\">\u012estaigos ekstremali\u0173j\u0173 situacij\u0173 rizikos analiz\u0117.<\/span><\/li>\n<li><span style=\"font-family: 'times new roman', times, serif; font-size: 14pt;\">Civilin\u0117s saugos veiklos kryptys \u012fstaigoje.<\/span><\/li>\n<li><span style=\"font-family: 'times new roman', times, serif; font-size: 14pt;\">\u012estaigos kasdienin\u0117 parengtis (prevencija) reaguoti \u012f:<\/span><\/li>\n<\/ol>\n<ul style=\"text-align: justify;\" data-editing-info=\"{&quot;unorderedStyleType&quot;:2}\">\n<li><span style=\"font-family: 'times new roman', times, serif; font-size: 14pt;\">Gaisr\u0105, sprogim\u0105;<\/span><\/li>\n<li><span style=\"font-family: 'times new roman', times, serif; font-size: 14pt;\">Hibridines atakas;<\/span><\/li>\n<li><span style=\"font-family: 'times new roman', times, serif; font-size: 14pt;\">Pavoj\u0173 valstyb\u0117s saugumui;<\/span><\/li>\n<li><span style=\"font-family: 'times new roman', times, serif; font-size: 14pt;\">Radiacin\u0119 tar\u0161\u0105;<\/span><\/li>\n<li><span style=\"font-family: 'times new roman', times, serif; font-size: 14pt;\">Pramonin\u0119 avarij\u0105 (chemin\u0119 tar\u0161\u0105);<\/span><\/li>\n<li><span style=\"font-family: 'times new roman', times, serif; font-size: 14pt;\">Melagingus prane\u0161imus;<\/span><\/li>\n<li><span style=\"font-family: 'times new roman', times, serif; font-size: 14pt;\">AMOK situacijas.<\/span><\/li>\n<\/ul>\n<ol style=\"text-align: justify;\" start=\"5\" data-editing-info=\"{&quot;orderedStyleType&quot;:1}\">\n<li><span style=\"font-family: 'times new roman', times, serif; font-size: 14pt;\">Numatomi darbuotoj\u0173 veiksmai susidarius:<\/span><\/li>\n<\/ol>\n<ul style=\"text-align: justify;\" data-editing-info=\"{&quot;unorderedStyleType&quot;:2}\">\n<li><span style=\"font-family: 'times new roman', times, serif; font-size: 14pt;\">Gaisrui, sprogimui;<\/span><\/li>\n<li><span style=\"font-family: 'times new roman', times, serif; font-size: 14pt;\">Hibridinei atakai;<\/span><\/li>\n<li><span style=\"font-family: 'times new roman', times, serif; font-size: 14pt;\">Pavojui valstyb\u0117s saugumui;<\/span><\/li>\n<li><span style=\"font-family: 'times new roman', times, serif; font-size: 14pt;\">Radiacinei tar\u0161ai;<\/span><\/li>\n<li><span style=\"font-family: 'times new roman', times, serif; font-size: 14pt;\">Pramoninei avarijai (chemin\u0117 tar\u0161a);<\/span><\/li>\n<li><span style=\"font-family: 'times new roman', times, serif; font-size: 14pt;\">Gavus melaging\u0105 prane\u0161im\u0105;<\/span><\/li>\n<li><span style=\"font-family: 'times new roman', times, serif; font-size: 14pt;\">AMOK situacijai.<\/span><\/li>\n<\/ul>\n<ol start=\"6\" data-editing-info=\"{&quot;orderedStyleType&quot;:1}\">\n<li style=\"text-align: justify;\"><span style=\"font-family: 'times new roman', times, serif; font-size: 14pt;\">Pastato parengimas susidarius gr\u0117smei ar kilus ekstremaliajai situacijai.<\/span><\/li>\n<li style=\"text-align: justify;\"><span style=\"font-family: 'times new roman', times, serif; font-size: 14pt;\">Mobilizacija (pagrindin\u0117s funkcijos \u012fstaigos mastu).<\/span><\/li>\n<li style=\"text-align: justify;\"><span style=\"font-family: 'times new roman', times, serif; font-size: 14pt;\">Evakuacija: pasiskirstymas \u012fstaigos pastate, jud\u0117jimas \u012f teritorij\u0105, jud\u0117jimas i\u0161 \u012fstaigos teritorijos.<\/span><\/li>\n<li style=\"text-align: justify;\"><span style=\"font-family: 'times new roman', times, serif; font-size: 14pt;\">Bendri patarimai darbuotojams, kaip reaguoti \u012f susidariusi\u0105 gr\u0117sm\u0119.<\/span><\/li>\n<\/ol>\n<\/div>\n","protected":false},"excerpt":{"rendered":"<p>Ekstremali\u0173j\u0173 situacij\u0173 prevencijos priemoni\u0173 planas, patvirtintas direktoriaus 2025 m. spalio 17 d. \u012fsakymu Nr. V-2025-282.\u00a0 2025 m. lapkri\u010dio 17 d.\u00a0 organizuoti civilin\u0117s saugos mokymai darbo vietoje (temos): Mokymo programos paskirtis, reglamentacija, periodi\u0161kumas. \u012estaigos ekstremali\u0173j\u0173 situacij\u0173 rizikos analiz\u0117. Civilin\u0117s saugos veiklos kryptys \u012fstaigoje. \u012estaigos kasdienin\u0117 parengtis (prevencija) reaguoti \u012f: Gaisr\u0105, sprogim\u0105; Hibridines atakas; Pavoj\u0173 valstyb\u0117s saugumui; &#8230;<\/p>\n","protected":false},"author":1,"featured_media":0,"parent":0,"menu_order":0,"comment_status":"closed","ping_status":"closed","template":"","meta":{"footnotes":""},"class_list":["post-18988","page","type-page","status-publish"],"_links":{"self":[{"href":"https:\/\/www.vokes.vilnius.lm.lt\/index.php?rest_route=\/wp\/v2\/pages\/18988","targetHints":{"allow":["GET"]}}],"collection":[{"href":"https:\/\/www.vokes.vilnius.lm.lt\/index.php?rest_route=\/wp\/v2\/pages"}],"about":[{"href":"https:\/\/www.vokes.vilnius.lm.lt\/index.php?rest_route=\/wp\/v2\/types\/page"}],"author":[{"embeddable":true,"href":"https:\/\/www.vokes.vilnius.lm.lt\/index.php?rest_route=\/wp\/v2\/users\/1"}],"replies":[{"embeddable":true,"href":"https:\/\/www.vokes.vilnius.lm.lt\/index.php?rest_route=%2Fwp%2Fv2%2Fcomments&post=18988"}],"version-history":[{"count":14,"href":"https:\/\/www.vokes.vilnius.lm.lt\/index.php?rest_route=\/wp\/v2\/pages\/18988\/revisions"}],"predecessor-version":[{"id":27424,"href":"https:\/\/www.vokes.vilnius.lm.lt\/index.php?rest_route=\/wp\/v2\/pages\/18988\/revisions\/27424"}],"wp:attachment":[{"href":"https:\/\/www.vokes.vilnius.lm.lt\/index.php?rest_route=%2Fwp%2Fv2%2Fmedia&parent=18988"}],"curies":[{"name":"wp","href":"https:\/\/api.w.org\/{rel}","templated":true}]}}