{"id":188,"date":"2013-04-04T17:56:21","date_gmt":"2013-04-04T17:56:21","guid":{"rendered":"http:\/\/www2156.vu.lt\/?page_id=188"},"modified":"2026-02-13T15:22:58","modified_gmt":"2026-02-13T13:22:58","slug":"isvykos-ir-susitikimai","status":"publish","type":"page","link":"https:\/\/www.vokes.vilnius.lm.lt\/?page_id=188","title":{"rendered":"Netradicin\u0117s pamokos. Pamokos netradicin\u0117je erdv\u0117je."},"content":{"rendered":"<div class=\"entry\">\n<p><span style=\"font-size: 14pt;\"><strong><span style=\"font-family: 'times new roman', times, serif;\">2025 &#8211; 2026 m. m.<\/span><\/strong><\/span><\/p>\n<ul>\n<li><span style=\"font-size: 14pt;\"><a href=\"https:\/\/www.vokes.vilnius.lm.lt\/?p=26870\"><span style=\"font-family: 'times new roman', times, serif;\">Ispan\u0173 kalbos renginys<\/span><\/a><\/span><\/li>\n<li><span style=\"font-family: 'times new roman', times, serif; font-size: 14pt;\"><a href=\"http:\/\/www.vokes.vilnius.lm.lt\/?p=26283\">Daugiatau\u010dio Vilniaus Kal\u0117d\u0173 ir Nauj\u0173j\u0173 met\u0173 papro\u010diai<\/a><\/span>&nbsp;<\/li>\n<li><span style=\"font-size: 14pt;\"><a href=\"http:\/\/www.vokes.vilnius.lm.lt\/?p=26255\"><span style=\"font-family: 'times new roman', times, serif;\">Dail\u0117s pamoka Vilniaus Trak\u0173 Vok\u0117s dvaro parodose<\/span><\/a><\/span><\/li>\n<li><span style=\"font-size: 14pt;\"><a href=\"http:\/\/www.vokes.vilnius.lm.lt\/?p=26171\"><span style=\"font-family: 'times new roman', times, serif;\">Pamokos Vilnius TECH fabrike<\/span><\/a><\/span><\/li>\n<li><span style=\"font-family: 'times new roman', times, serif; font-size: 14pt;\"><a href=\"http:\/\/www.vokes.vilnius.lm.lt\/?p=26141\">I\u0161vyka \u012f taikomosios dail\u0117s ir dizaino muziej\u0173<\/a><\/span><\/li>\n<li><span style=\"font-size: 14pt;\"><a href=\"http:\/\/www.vokes.vilnius.lm.lt\/?p=26028\"><span style=\"font-family: 'times new roman', times, serif;\">Spektaklis angl\u0173 kalba \u201eFrankenstein\u201d<\/span><\/a><\/span><\/li>\n<li><span style=\"font-size: 14pt;\"><a href=\"http:\/\/www.vokes.vilnius.lm.lt\/?p=25970\"><span style=\"font-family: 'times new roman', times, serif;\">Pamoka su alpinistu<\/span><\/a><\/span><\/li>\n<li><span style=\"font-size: 14pt;\"><a href=\"http:\/\/www.vokes.vilnius.lm.lt\/?p=25898\"><span style=\"font-family: 'times new roman', times, serif;\">Pamoka Centriniame valstyb\u0117s archyve<\/span><\/a><\/span><\/li>\n<li><span style=\"font-size: 14pt;\"><a href=\"http:\/\/www.vokes.vilnius.lm.lt\/?p=25863\"><span style=\"font-family: 'times new roman', times, serif;\">Projekto \u201eVilnius yra mokykla\u201c pamoka Europos komisijos atstovyb\u0117je Lietuvoje<\/span><\/a><\/span><\/li>\n<li><span style=\"font-size: 14pt;\"><a href=\"https:\/\/www.vokes.vilnius.lm.lt\/?p=25832&amp;preview=true\"><span style=\"font-family: 'times new roman', times, serif;\">Edukacija V. Mykolai\u010dio \u2013 Putino memorialiniame bute \u2013 muziejuje<\/span><\/a><\/span><\/li>\n<li><span style=\"font-size: 14pt;\"><a href=\"http:\/\/www.vokes.vilnius.lm.lt\/?p=25797\"><span style=\"font-family: 'times new roman', times, serif;\">Organ\u0173 donoryst\u0117s min\u0117jimas<\/span><\/a><\/span><\/li>\n<li><span style=\"font-size: 14pt;\"><a href=\"http:\/\/www.vokes.vilnius.lm.lt\/?p=25776\"><span style=\"font-family: 'times new roman', times, serif;\">Pamoka Nacionalin\u0117je dail\u0117s galerijoje<\/span><\/a><\/span><\/li>\n<li><span style=\"font-size: 14pt;\"><a href=\"http:\/\/www.vokes.vilnius.lm.lt\/?p=25697\"><span style=\"font-family: 'times new roman', times, serif;\">Vilnius \u2013 Europos \u017dalioji sostin\u0117 2025<\/span><\/a><\/span><\/li>\n<li><span style=\"font-size: 14pt;\"><a href=\"http:\/\/www.vokes.vilnius.lm.lt\/?p=25677\"><span style=\"font-family: 'times new roman', times, serif;\">Erdv\u0117laivis \u017dem\u0117 2025<\/span><\/a><\/span><\/li>\n<li><span style=\"font-size: 14pt;\"><a href=\"http:\/\/www.vokes.vilnius.lm.lt\/?p=25643\"><span style=\"font-family: 'times new roman', times, serif;\">Projekto \u201eVilnius yra mokykla\u201c pamoka ir \u0161vietimo, mokslo ir sporto ministerijoje&nbsp;<\/span><\/a><\/span><\/li>\n<li><span style=\"font-size: 14pt;\"><a href=\"http:\/\/www.vokes.vilnius.lm.lt\/?p=25613\"><span style=\"font-family: 'times new roman', times, serif;\">Orientuokis ir pa\u017eink Trak\u0173 Vok\u0117s dvaro apylinkes<\/span><\/a><\/span><\/li>\n<\/ul>\n<p>&nbsp;<\/p>\n<p><span style=\"font-size: 14pt;\"><strong><span style=\"font-family: 'times new roman', times, serif;\">2024 &#8211; 2025 m. m.<\/span><\/strong><\/span><\/p>\n<ul>\n<li><span style=\"font-size: 14pt;\"><a href=\"http:\/\/www.vokes.vilnius.lm.lt\/?p=25152\"><span style=\"font-family: 'times new roman', times, serif;\">\u012edomiausios pamokos &#8211; u\u017e mokyklos rib\u0173!&nbsp;<\/span><\/a><\/span><\/li>\n<li><span style=\"font-size: 14pt;\"><a href=\"http:\/\/www.vokes.vilnius.lm.lt\/?p=25131\"><span style=\"font-family: 'times new roman', times, serif;\">\u201ePa\u017eink Vilni\u0173\u201c &#8211; integruota angl\u0173 kalbos ir istorijos pamoka Vilniaus senamiestyje<\/span><\/a><\/span><\/li>\n<li><span style=\"font-size: 14pt;\"><a href=\"http:\/\/www.vokes.vilnius.lm.lt\/?p=24887\"><span style=\"font-family: 'times new roman', times, serif;\">MO muziejuje<\/span><\/a><\/span><\/li>\n<li><span style=\"font-family: 'times new roman', times, serif; font-size: 14pt;\"><a href=\"http:\/\/www.vokes.vilnius.lm.lt\/?p=24864\">Educational trip to Kaunas<\/a><\/span><\/li>\n<li><span style=\"font-size: 14pt;\"><a href=\"http:\/\/www.vokes.vilnius.lm.lt\/?p=24837\"><span style=\"font-family: 'times new roman', times, serif;\">Spektaklis angl\u0173 kalba \u201eDr. Jekyll and Mr. Hyde\u201c<\/span><\/a><\/span><\/li>\n<li><span style=\"font-size: 14pt;\"><a href=\"http:\/\/www.vokes.vilnius.lm.lt\/?p=24824\"><span style=\"font-family: 'times new roman', times, serif;\">Karjeros ugdymas ir pamokos u\u017e mokyklos rib\u0173<\/span><\/a><\/span><\/li>\n<li><span style=\"font-size: 14pt;\"><a href=\"http:\/\/www.vokes.vilnius.lm.lt\/?p=24731\"><span style=\"font-family: 'times new roman', times, serif;\">Projekto \u201eVilnius yra mokykla\u201c pamoka \u201eVerslo plano k\u016brimas\u201c<\/span><\/a><\/span><\/li>\n<li><span style=\"font-size: 14pt;\"><a href=\"http:\/\/www.vokes.vilnius.lm.lt\/?p=24708\"><span style=\"font-family: 'times new roman', times, serif;\">Trak\u0173 Vok\u0117s gimnazijos mokiniai \u2013 tarptautin\u0117je konferencijoje \u201eGlobaliame pasaulyje kalb\u0117ti savo balsu\u2018\u2018<\/span><\/a><\/span><\/li>\n<li><span style=\"font-size: 14pt;\"><a href=\"http:\/\/www.vokes.vilnius.lm.lt\/?p=24686\"><span style=\"font-family: 'times new roman', times, serif;\">Kelion\u0117 \u012f Danij\u0105 ir \u0160vedij\u0105<\/span><\/a><\/span><\/li>\n<li><span style=\"font-size: 14pt;\"><a href=\"http:\/\/www.vokes.vilnius.lm.lt\/?p=24649\"><span style=\"font-family: 'times new roman', times, serif;\">8b edukacin\u0117 i\u0161vyka<\/span><\/a><\/span><\/li>\n<li><span style=\"font-size: 14pt;\"><a href=\"http:\/\/www.vokes.vilnius.lm.lt\/?p=24632\"><span style=\"font-family: 'times new roman', times, serif;\">Angl\u0173 kalbos pamoka \u201eMuziej\u0173 gaudyn\u0117s\u201d<\/span><\/a><\/span><\/li>\n<li><span style=\"font-size: 14pt;\"><a href=\"http:\/\/www.vokes.vilnius.lm.lt\/?p=24509\"><span style=\"font-family: 'times new roman', times, serif;\">Redakcijos darbo u\u017ekulisiai<\/span><\/a><\/span><\/li>\n<li><span style=\"font-size: 14pt;\"><a href=\"http:\/\/www.vokes.vilnius.lm.lt\/?p=24401\"><span style=\"font-family: 'times new roman', times, serif;\"><span style=\"font-size: 14pt;\">Edukacin\u0117 i\u0161vyka \u012f Kaun\u0105<\/span>: istorija, mokslas ir menas vienoje dienoje!<\/span><\/a><\/span><\/li>\n<li><span style=\"font-size: 14pt;\"><a href=\"http:\/\/www.vokes.vilnius.lm.lt\/?p=24232\"><span style=\"font-family: 'times new roman', times, serif;\">TSI studij\u0173 programos pristatymas<\/span><\/a><\/span><\/li>\n<li><span style=\"font-size: 14pt;\"><a href=\"http:\/\/www.vokes.vilnius.lm.lt\/?p=24128\"><span style=\"font-family: 'times new roman', times, serif;\">Edukacija po teatro u\u017ekulisius<\/span><\/a><\/span><\/li>\n<li><span style=\"font-size: 14pt;\"><a href=\"http:\/\/www.vokes.vilnius.lm.lt\/?p=24026\"><span style=\"font-family: 'times new roman', times, serif;\">5a lank\u0117si Vilniaus Kameriniame Teatre<\/span><\/a><\/span><\/li>\n<li><span style=\"font-size: 14pt;\"><a href=\"http:\/\/www.vokes.vilnius.lm.lt\/?p=23984\"><span style=\"font-family: 'times new roman', times, serif;\">STEAM pamokos<\/span><\/a><\/span><\/li>\n<li><span style=\"font-size: 14pt;\"><a href=\"http:\/\/www.vokes.vilnius.lm.lt\/?p=23943\"><span style=\"font-family: 'times new roman', times, serif;\">Angl\u0173 kalbos pamoka u\u017e mokyklos rib\u0173: spektaklis \u201eThe great Gatsby\u201c<\/span><\/a><\/span><\/li>\n<li><span style=\"font-size: 14pt;\"><a href=\"http:\/\/www.vokes.vilnius.lm.lt\/?p=23906\"><span style=\"font-family: 'times new roman', times, serif;\">Pa\u017eintin\u0117 kelion\u0117 po Bratislav\u0105 bei Vien\u0105<\/span><\/a><\/span><\/li>\n<li><span style=\"font-size: 14pt;\"><a href=\"http:\/\/www.vokes.vilnius.lm.lt\/?p=23848\"><span style=\"font-family: 'times new roman', times, serif;\">Netradicin\u0117s pamokos muziejuose<\/span><\/a><\/span><\/li>\n<li><span style=\"font-size: 14pt;\"><a href=\"http:\/\/www.vokes.vilnius.lm.lt\/?p=23671\"><span style=\"font-family: 'times new roman', times, serif;\">Europos kalb\u0173 diena<\/span><\/a><\/span><\/li>\n<li><span style=\"font-size: 14pt;\"><a href=\"http:\/\/www.vokes.vilnius.lm.lt\/?p=23658\"><span style=\"font-family: 'times new roman', times, serif;\">Darnaus vystymosi savait\u0117<\/span><\/a><\/span><\/li>\n<li><span style=\"font-size: 14pt;\"><a href=\"http:\/\/www.vokes.vilnius.lm.lt\/?p=23632\"><span style=\"font-family: 'times new roman', times, serif;\">Europos judumo diena<\/span><\/a><\/span><\/li>\n<\/ul>\n<p><span style=\"font-size: 14pt;\"><strong><span style=\"font-family: 'times new roman', times, serif;\">2023-2024 m.m.<\/span><\/strong><\/span><\/p>\n<ul>\n<li><span style=\"font-size: 14pt;\"><a href=\"http:\/\/www.vokes.vilnius.lm.lt\/?p=23477\"><span style=\"font-family: 'times new roman', times, serif;\">I\u0161vyka \u012f Klaip\u0117d\u0105<\/span><\/a><\/span><\/li>\n<li><span style=\"font-size: 14pt;\"><a href=\"http:\/\/www.vokes.vilnius.lm.lt\/?p=23228\"><span style=\"font-family: 'times new roman', times, serif;\">Kelion\u0117 \u012f Estij\u0105<\/span><\/a><\/span><\/li>\n<li><span style=\"font-size: 14pt;\"><a href=\"http:\/\/www.vokes.vilnius.lm.lt\/?p=22972\"><span style=\"font-family: 'times new roman', times, serif;\">Muzikin\u0117s edukacijos<\/span><\/a><\/span><\/li>\n<li><span style=\"font-size: 14pt;\"><a href=\"http:\/\/www.vokes.vilnius.lm.lt\/?p=22866\"><span style=\"font-family: 'times new roman', times, serif;\">Pa\u017eintin\u0117 kelion\u0117 po kaimynines Baltijos \u0161alis \u2013 Latvij\u0105 ir&nbsp; Estij\u0105<\/span><\/a><\/span><\/li>\n<li><span style=\"font-size: 14pt;\"><a href=\"http:\/\/www.vokes.vilnius.lm.lt\/?p=22777\"><span style=\"font-family: 'times new roman', times, serif;\">Mokykl\u0173 savivaldos bendradarbiavimo ir sveikos mokini\u0173 gyvensenos stiprinimo renginys, skirtas Europos dienai pamin\u0117ti<\/span><\/a><\/span><\/li>\n<li><span style=\"font-size: 14pt;\"><a href=\"http:\/\/www.vokes.vilnius.lm.lt\/?p=22757\"><span style=\"font-family: 'times new roman', times, serif;\">Pa\u017eintis su biomedicinos technolog\u0173 ir kit\u0173 laboratorin\u0117s medicinos specialist\u0173 darbu<\/span><\/a><\/span><\/li>\n<li><span style=\"font-size: 14pt;\"><a href=\"http:\/\/www.vokes.vilnius.lm.lt\/?p=22723\"><span style=\"font-family: 'times new roman', times, serif;\">Renginiai, skirti Lietuvos narystei ES ir NATO<\/span><\/a><\/span><\/li>\n<li><span style=\"font-size: 14pt;\"><a href=\"http:\/\/www.vokes.vilnius.lm.lt\/?p=22296\"><span style=\"font-family: 'times new roman', times, serif;\">\u201eAngel\u0173 takais\u201d<\/span><\/a><\/span><\/li>\n<li><span style=\"font-size: 14pt;\"><a href=\"http:\/\/www.vokes.vilnius.lm.lt\/?p=22098\"><span style=\"font-family: 'times new roman', times, serif;\">Did\u017eiausia bendradarbiavimo pamoka<\/span><\/a><\/span><\/li>\n<li><span style=\"font-size: 14pt;\"><a href=\"http:\/\/www.vokes.vilnius.lm.lt\/?p=22080\"><span style=\"font-family: 'times new roman', times, serif;\">Kelion\u0117 \u012f Milan\u0105<\/span><\/a><\/span><\/li>\n<li><span style=\"font-size: 14pt;\"><a href=\"http:\/\/www.vokes.vilnius.lm.lt\/?p=22040\"><span style=\"font-family: 'times new roman', times, serif;\">\u0160ventin\u0117 eisena \u201eLietuvos valstyb\u0117s keliu\u201c<\/span><\/a><\/span><\/li>\n<li><span style=\"font-size: 14pt;\"><a href=\"http:\/\/www.vokes.vilnius.lm.lt\/?p=21903\"><span style=\"font-family: 'times new roman', times, serif;\">Sve\u010diuose Respublikin\u0117s Vilniaus universitetin\u0117s ligonin\u0117s (RVUL) Skubios pagalbos skyriaus vadovas Paulius Uksas<\/span><\/a><\/span><\/li>\n<li><span style=\"font-size: 14pt;\"><a href=\"http:\/\/www.vokes.vilnius.lm.lt\/?p=21874\"><span style=\"font-family: 'times new roman', times, serif;\">Pilieti\u0161kumo ir gynybos \u012fg\u016bd\u017ei\u0173 kursai<\/span><\/a><\/span><\/li>\n<li><span style=\"font-family: 'times new roman', times, serif; font-size: 14pt;\"><a href=\"http:\/\/www.vokes.vilnius.lm.lt\/?p=21763\">I\u0161vyka \u012f London\u0105<\/a><\/span><\/li>\n<li><span style=\"font-family: 'times new roman', times, serif; font-size: 14pt;\"><a href=\"http:\/\/www.vokes.vilnius.lm.lt\/?p=21586\">Ekskursija \u201e700 met\u0173 sav(it)\u0173 istorij\u0173\u201c<\/a><\/span><\/li>\n<li><span style=\"font-family: 'times new roman', times, serif; font-size: 14pt;\"><a href=\"http:\/\/www.vokes.vilnius.lm.lt\/?p=21693\">I\u0161vyka \u012f american drama group europe spektakl\u012f \u201ePygmalion\u201c<\/a><\/span><\/li>\n<li><span style=\"font-family: 'times new roman', times, serif; font-size: 14pt;\"><a href=\"http:\/\/www.vokes.vilnius.lm.lt\/?p=21636\">Pilietin\u0117 iniciatyva \u201eTolerancijos \u017eibintas\u201c<\/a><\/span><\/li>\n<li><span style=\"font-family: 'times new roman', times, serif; font-size: 14pt;\"><a href=\"http:\/\/www.vokes.vilnius.lm.lt\/?p=21626\">Pilieti\u0161kumo pamoka \u201eKaip veikia Lietuvos valstyb\u0117\u201c<\/a><\/span><\/li>\n<li><span style=\"font-family: 'times new roman', times, serif; font-size: 14pt;\"><a href=\"http:\/\/www.vokes.vilnius.lm.lt\/?p=21570\">Socialin\u0117 akcija \u201eApleist\u0173 kap\u0173 tvarkymas\u201c<\/a><\/span><\/li>\n<li><span style=\"font-family: 'times new roman', times, serif; font-size: 14pt;\"><a href=\"http:\/\/www.vokes.vilnius.lm.lt\/?p=21523\">Edukacin\u0117 pamoka \u201ePo stiklu\u2018\u2018<\/a><\/span><\/li>\n<\/ul>\n<\/div>\n","protected":false},"excerpt":{"rendered":"<p>2025 &#8211; 2026 m. m. Ispan\u0173 kalbos renginys Daugiatau\u010dio Vilniaus Kal\u0117d\u0173 ir Nauj\u0173j\u0173 met\u0173 papro\u010diai&nbsp; Dail\u0117s pamoka Vilniaus Trak\u0173 Vok\u0117s dvaro parodose Pamokos Vilnius TECH fabrike I\u0161vyka \u012f taikomosios dail\u0117s ir dizaino muziej\u0173 Spektaklis angl\u0173 kalba \u201eFrankenstein\u201d Pamoka su alpinistu Pamoka Centriniame valstyb\u0117s archyve Projekto \u201eVilnius yra mokykla\u201c pamoka Europos komisijos atstovyb\u0117je Lietuvoje Edukacija V. &#8230;<\/p>\n","protected":false},"author":1,"featured_media":0,"parent":20,"menu_order":3,"comment_status":"closed","ping_status":"closed","template":"","meta":{"footnotes":""},"class_list":["post-188","page","type-page","status-publish"],"_links":{"self":[{"href":"https:\/\/www.vokes.vilnius.lm.lt\/index.php?rest_route=\/wp\/v2\/pages\/188","targetHints":{"allow":["GET"]}}],"collection":[{"href":"https:\/\/www.vokes.vilnius.lm.lt\/index.php?rest_route=\/wp\/v2\/pages"}],"about":[{"href":"https:\/\/www.vokes.vilnius.lm.lt\/index.php?rest_route=\/wp\/v2\/types\/page"}],"author":[{"embeddable":true,"href":"https:\/\/www.vokes.vilnius.lm.lt\/index.php?rest_route=\/wp\/v2\/users\/1"}],"replies":[{"embeddable":true,"href":"https:\/\/www.vokes.vilnius.lm.lt\/index.php?rest_route=%2Fwp%2Fv2%2Fcomments&post=188"}],"version-history":[{"count":144,"href":"https:\/\/www.vokes.vilnius.lm.lt\/index.php?rest_route=\/wp\/v2\/pages\/188\/revisions"}],"predecessor-version":[{"id":26872,"href":"https:\/\/www.vokes.vilnius.lm.lt\/index.php?rest_route=\/wp\/v2\/pages\/188\/revisions\/26872"}],"up":[{"embeddable":true,"href":"https:\/\/www.vokes.vilnius.lm.lt\/index.php?rest_route=\/wp\/v2\/pages\/20"}],"wp:attachment":[{"href":"https:\/\/www.vokes.vilnius.lm.lt\/index.php?rest_route=%2Fwp%2Fv2%2Fmedia&parent=188"}],"curies":[{"name":"wp","href":"https:\/\/api.w.org\/{rel}","templated":true}]}}