{"id":184,"date":"2013-04-04T17:55:16","date_gmt":"2013-04-04T17:55:16","guid":{"rendered":"http:\/\/www2156.vu.lt\/?page_id=184"},"modified":"2026-03-10T15:13:16","modified_gmt":"2026-03-10T13:13:16","slug":"tradiciniai-renginiai","status":"publish","type":"page","link":"https:\/\/www.vokes.vilnius.lm.lt\/?page_id=184","title":{"rendered":"Tradiciniai renginiai"},"content":{"rendered":"<div class=\"entry\">\n<p style=\"text-align: left;\"><span style=\"font-size: 14pt;\"><strong><span style=\"font-family: 'times new roman', times, serif;\">2025 &#8211; 2026 m. m.<\/span><\/strong><\/span><\/p>\n<ul>\n<li><a href=\"https:\/\/www.vokes.vilnius.lm.lt\/?p=27171\"><span style=\"font-family: 'times new roman', times, serif; font-size: 14pt;\">Kovo 11 &#8211; oji<\/span><\/a><\/li>\n<li><a href=\"https:\/\/www.vokes.vilnius.lm.lt\/?p=27106\"><span style=\"font-family: 'times new roman', times, serif; font-size: 14pt;\">Kaziuko mug\u0117<\/span><\/a><\/li>\n<li style=\"text-align: left;\"><span style=\"font-size: 14pt;\"><a href=\"https:\/\/www.vokes.vilnius.lm.lt\/?p=26899\"><span style=\"font-family: 'times new roman', times, serif;\">Vasario 16 &#8211; osios min\u0117jimas<\/span><\/a><\/span><\/li>\n<li style=\"text-align: left;\"><span style=\"font-size: 14pt;\"><a href=\"https:\/\/www.vokes.vilnius.lm.lt\/?p=26957\"><span style=\"font-family: 'times new roman', times, serif;\">U\u017egav\u0117n\u0117s<\/span><\/a><\/span><\/li>\n<li style=\"text-align: left;\"><span style=\"font-size: 14pt;\"><a href=\"http:\/\/www.vokes.vilnius.lm.lt\/?p=26326\"><span style=\"font-family: 'times new roman', times, serif;\">Kal\u0117din\u0117 savait\u0117 gimnazijoje<\/span><\/a><\/span><\/li>\n<li style=\"text-align: left;\"><span style=\"font-size: 14pt;\"><a href=\"http:\/\/www.vokes.vilnius.lm.lt\/?p=26096\"><span style=\"font-family: 'times new roman', times, serif;\">Pyrag\u0173 diena<\/span><\/a><\/span><\/li>\n<li style=\"text-align: left;\"><span style=\"font-size: 14pt;\"><a href=\"http:\/\/www.vokes.vilnius.lm.lt\/?p=25742\"><span style=\"font-family: 'times new roman', times, serif;\">Mokytoj\u0173 diena<\/span><\/a><\/span><\/li>\n<li style=\"text-align: left;\"><span style=\"font-size: 14pt;\"><a href=\"http:\/\/www.vokes.vilnius.lm.lt\/?p=25597\"><span style=\"font-family: 'times new roman', times, serif;\">Rugs\u0117jo 1 &#8211; osios \u0161vent\u0117<\/span><\/a><\/span><\/li>\n<\/ul>\n<p style=\"text-align: left;\"><span style=\"font-size: 14pt;\"><strong><span style=\"font-family: 'times new roman', times, serif;\">2024 &#8211; 2025 m. m.<\/span><\/strong><\/span><\/p>\n<ul>\n<li style=\"text-align: left;\"><span style=\"font-size: 14pt;\"><a href=\"http:\/\/www.vokes.vilnius.lm.lt\/?p=25486\"><span style=\"font-family: 'times new roman', times, serif;\">Abiturient\u0173 i\u0161leistuv\u0117s<\/span><\/a><\/span><\/li>\n<li style=\"text-align: left;\"><span style=\"font-size: 14pt;\"><a href=\"http:\/\/www.vokes.vilnius.lm.lt\/?p=25032\"><span style=\"font-family: 'times new roman', times, serif;\">Vaiko diena<\/span><\/a><\/span><\/li>\n<li style=\"text-align: left;\"><span style=\"font-size: 14pt;\"><a href=\"http:\/\/www.vokes.vilnius.lm.lt\/?p=24441\"><span style=\"font-family: 'times new roman', times, serif;\">U\u017egav\u0117n\u0117s ir Kaziuko mug\u0117<\/span><\/a><\/span><\/li>\n<li style=\"text-align: left;\"><span style=\"font-size: 14pt;\"><a href=\"http:\/\/www.vokes.vilnius.lm.lt\/?p=24374\"><span style=\"font-family: 'times new roman', times, serif;\">Lietuvos valstyb\u0117s keliu<\/span><\/a><\/span><\/li>\n<li style=\"text-align: left;\"><span style=\"font-size: 14pt;\"><a href=\"http:\/\/www.vokes.vilnius.lm.lt\/?p=24365\"><span style=\"font-family: 'times new roman', times, serif;\">Vasario 16 &#8211; osios min\u0117jimas<\/span><\/a><\/span><\/li>\n<li style=\"text-align: left;\"><span style=\"font-size: 14pt;\"><a href=\"http:\/\/www.vokes.vilnius.lm.lt\/?p=24174\"><span style=\"font-family: 'times new roman', times, serif;\">Sausio 13 &#8211; osios min\u0117jimas<\/span><\/a><\/span><\/li>\n<li style=\"text-align: left;\"><span style=\"font-size: 14pt;\"><a href=\"http:\/\/www.vokes.vilnius.lm.lt\/?p=23930\"><span style=\"font-family: 'times new roman', times, serif;\">Pyrag\u0173 diena<\/span><\/a><\/span><\/li>\n<li style=\"text-align: left;\"><span style=\"font-size: 14pt;\"><a href=\"http:\/\/www.vokes.vilnius.lm.lt\/?p=23678\"><span style=\"font-family: 'times new roman', times, serif;\">Mokytoj\u0173 diena<\/span><\/a><\/span><\/li>\n<li style=\"text-align: left;\"><span style=\"font-size: 14pt;\"><a href=\"http:\/\/www.vokes.vilnius.lm.lt\/?p=23592\"><span style=\"font-family: 'times new roman', times, serif;\">Rugs\u0117jo 1 &#8211; osios \u0161vent\u0117<\/span><\/a><\/span><\/li>\n<\/ul>\n<p style=\"text-align: left;\"><span style=\"font-size: 14pt;\"><strong><span style=\"font-family: 'times new roman', times, serif;\">2023 &#8211; 2024 m. m.<\/span><\/strong><\/span><\/p>\n<ul>\n<li><span style=\"font-size: 14pt;\"><a href=\"http:\/\/www.vokes.vilnius.lm.lt\/?p=23183\"><span style=\"font-family: 'times new roman', times, serif;\">Gabi\u0173, puikiai besimokan\u010di\u0173 mokini\u0173 paskatinimas<\/span><\/a><\/span><\/li>\n<li><span style=\"font-size: 14pt;\"><a href=\"http:\/\/www.vokes.vilnius.lm.lt\/?p=22934\"><span style=\"font-family: 'times new roman', times, serif;\">Vaiko diena<\/span><\/a><\/span><\/li>\n<li><span style=\"font-size: 14pt;\"><a href=\"http:\/\/www.vokes.vilnius.lm.lt\/?p=22554\"><span style=\"font-family: 'times new roman', times, serif;\">Margu\u010di\u0173 ridenimo turnyras<\/span><\/a><\/span><\/li>\n<li><span style=\"font-size: 14pt;\"><a href=\"http:\/\/www.vokes.vilnius.lm.lt\/?p=22500\"><span style=\"font-family: 'times new roman', times, serif;\">M\u0117nuo be paty\u010di\u0173<\/span><\/a><\/span><\/li>\n<li><span style=\"font-size: 14pt;\"><a href=\"http:\/\/www.vokes.vilnius.lm.lt\/?p=21994\"><span style=\"font-family: 'times new roman', times, serif;\">Lietuvos Valstyb\u0117s atk\u016brimo dienos \u0161vent\u0117<\/span><\/a><\/span><\/li>\n<li><span style=\"font-size: 14pt;\"><a href=\"http:\/\/www.vokes.vilnius.lm.lt\/?p=21835\"><span style=\"font-family: 'times new roman', times, serif;\">Sausio 13 min\u0117jimas<\/span><\/a><\/span><\/li>\n<li><span style=\"font-size: 14pt;\"><a href=\"http:\/\/www.vokes.vilnius.lm.lt\/?p=21462\"><span style=\"font-family: 'times new roman', times, serif;\">Rugs\u0117jo 23 &#8211; Lietuvos \u017eyd\u0173 genocido auk\u0173 atminimo diena<\/span><\/a><\/span><\/li>\n<li><span style=\"font-size: 14pt;\"><a href=\"http:\/\/www.vokes.vilnius.lm.lt\/?p=21417\"><span style=\"font-family: 'times new roman', times, serif;\">\u201eVok\u0117 b\u0117ga 2023\u201d<\/span><\/a><\/span><\/li>\n<\/ul>\n<\/div>\n","protected":false},"excerpt":{"rendered":"<p>2025 &#8211; 2026 m. m. Kovo 11 &#8211; oji Kaziuko mug\u0117 Vasario 16 &#8211; osios min\u0117jimas U\u017egav\u0117n\u0117s Kal\u0117din\u0117 savait\u0117 gimnazijoje Pyrag\u0173 diena Mokytoj\u0173 diena Rugs\u0117jo 1 &#8211; osios \u0161vent\u0117 2024 &#8211; 2025 m. m. Abiturient\u0173 i\u0161leistuv\u0117s Vaiko diena U\u017egav\u0117n\u0117s ir Kaziuko mug\u0117 Lietuvos valstyb\u0117s keliu Vasario 16 &#8211; osios min\u0117jimas Sausio 13 &#8211; osios min\u0117jimas &#8230;<\/p>\n","protected":false},"author":1,"featured_media":0,"parent":20,"menu_order":1,"comment_status":"closed","ping_status":"closed","template":"","meta":{"footnotes":""},"class_list":["post-184","page","type-page","status-publish"],"_links":{"self":[{"href":"https:\/\/www.vokes.vilnius.lm.lt\/index.php?rest_route=\/wp\/v2\/pages\/184","targetHints":{"allow":["GET"]}}],"collection":[{"href":"https:\/\/www.vokes.vilnius.lm.lt\/index.php?rest_route=\/wp\/v2\/pages"}],"about":[{"href":"https:\/\/www.vokes.vilnius.lm.lt\/index.php?rest_route=\/wp\/v2\/types\/page"}],"author":[{"embeddable":true,"href":"https:\/\/www.vokes.vilnius.lm.lt\/index.php?rest_route=\/wp\/v2\/users\/1"}],"replies":[{"embeddable":true,"href":"https:\/\/www.vokes.vilnius.lm.lt\/index.php?rest_route=%2Fwp%2Fv2%2Fcomments&post=184"}],"version-history":[{"count":199,"href":"https:\/\/www.vokes.vilnius.lm.lt\/index.php?rest_route=\/wp\/v2\/pages\/184\/revisions"}],"predecessor-version":[{"id":27173,"href":"https:\/\/www.vokes.vilnius.lm.lt\/index.php?rest_route=\/wp\/v2\/pages\/184\/revisions\/27173"}],"up":[{"embeddable":true,"href":"https:\/\/www.vokes.vilnius.lm.lt\/index.php?rest_route=\/wp\/v2\/pages\/20"}],"wp:attachment":[{"href":"https:\/\/www.vokes.vilnius.lm.lt\/index.php?rest_route=%2Fwp%2Fv2%2Fmedia&parent=184"}],"curies":[{"name":"wp","href":"https:\/\/api.w.org\/{rel}","templated":true}]}}