{"id":1827,"date":"2013-10-17T18:59:36","date_gmt":"2013-10-17T18:59:36","guid":{"rendered":"http:\/\/www.vokes.vilnius.lm.lt\/?page_id=1827"},"modified":"2026-04-30T11:56:01","modified_gmt":"2026-04-30T09:56:01","slug":"mokyklos-dokumentai","status":"publish","type":"page","link":"https:\/\/www.vokes.vilnius.lm.lt\/?page_id=1827","title":{"rendered":"Planavimo dokumentai"},"content":{"rendered":"<div class=\"entry\">\n<p style=\"text-align: justify;\"><a href=\"https:\/\/www.vokes.vilnius.lm.lt\/wp-content\/uploads\/2026\/03\/Metinis_veiklos_planas_pasirasytas.pdf\" target=\"_blank\" rel=\"noopener\"><span style=\"font-family: 'times new roman', times, serif; font-size: 14pt;\">Metinis veiklos planas 2026 m.<\/span><\/a><\/p>\n<p><span style=\"font-size: 14pt;\"><a href=\"http:\/\/www.vokes.vilnius.lm.lt\/wp-content\/uploads\/2022\/02\/STRATEGINIS-PLANAS-2022-2026-converted.pdf\" target=\"_blank\" rel=\"noopener noreferrer\"><span style=\"font-family: 'times new roman', times, serif;\">Strateginis planas 2022-2026 m. m.<\/span><\/a><\/span><\/p>\n<p style=\"text-align: justify;\"><span style=\"font-size: 14pt;\"><a href=\"http:\/\/www.vokes.vilnius.lm.lt\/wp-content\/uploads\/2025\/02\/2025-METINIS-VEIKLOS-PLANAS.pdf\" target=\"_blank\" rel=\"noopener noreferrer\"><span style=\"font-family: 'times new roman', times, serif;\">Metinis veiklos planas 2025 m.<\/span><\/a><\/span><\/p>\n<p style=\"text-align: justify;\"><span style=\"font-family: 'times new roman', times, serif; font-size: 14pt;\"><a href=\"http:\/\/www.vokes.vilnius.lm.lt\/wp-content\/uploads\/2025\/02\/2022_IU_ir_PSU_ugdymo_planavimo_dokumentavimo_aprasas.pdf\" target=\"_blank\" rel=\"noopener noreferrer\">Vilniaus Trak\u0173 Vok\u0117s gimnazijos ikimokyklinio ir prie\u0161mokyklinio ugdymo (si) planavimo bei dokumentavimo apra\u0161as<\/a><\/span><\/p>\n<p><span style=\"font-family: 'times new roman', times, serif; font-size: 24pt;\"><strong>Ugdymo planas<\/strong><\/span><\/p>\n<p><span style=\"font-family: 'times new roman', times, serif; font-size: 14pt;\"><a href=\"http:\/\/www.vokes.vilnius.lm.lt\/wp-content\/uploads\/2025\/09\/BUP_bendroji_dalis_koreguotas-_pataisytas.pdf\" target=\"_blank\" rel=\"noopener noreferrer\">2025-2027 mokslo met\u0173 ugdymo planas<\/a><\/span><\/p>\n<p><span style=\"font-family: 'times new roman', times, serif; font-size: 14pt;\"><a href=\"http:\/\/www.vokes.vilnius.lm.lt\/wp-content\/uploads\/2025\/09\/Ugdymo_plano_KEITIMAS_20250901.pdf\" target=\"_blank\" rel=\"noopener noreferrer\">2025-2026 ir 2026-2027 mokslo met\u0173 ugdymo plano pakeitimas<\/a><\/span><\/p>\n<p style=\"text-align: justify;\"><span style=\"font-size: 24pt;\"><strong><span style=\"font-family: 'times new roman', times, serif;\">M\u0117nesi\u0173 planai<\/span><\/strong><\/span><\/p>\n<ul>\n<li><span style=\"font-size: 14pt;\"><a href=\"https:\/\/www.vokes.vilnius.lm.lt\/wp-content\/uploads\/2026\/02\/Vasario-m\u0117nesio-veiklos-planas.pdf\" target=\"_blank\" rel=\"noopener noreferrer\"><span style=\"font-family: 'times new roman', times, serif;\">Vasario m\u0117nesio veiklos planas<\/span><\/a><\/span><\/li>\n<li><span style=\"font-family: 'times new roman', times, serif; font-size: 14pt;\"><a href=\"http:\/\/www.vokes.vilnius.lm.lt\/wp-content\/uploads\/2026\/01\/2026_sausis-1.pdf\" target=\"_blank\" rel=\"noopener noreferrer\">Sausio m\u0117nesio veiklos planas<\/a><\/span><\/li>\n<li><span style=\"font-size: 14pt;\"><a href=\"http:\/\/www.vokes.vilnius.lm.lt\/wp-content\/uploads\/2025\/12\/2025-Gruod\u017eio-m\u0117n.-planas.pdf\" target=\"_blank\" rel=\"noopener noreferrer\"><span style=\"font-family: 'times new roman', times, serif;\">Gruod\u017eio m\u0117nesio veiklos planas<\/span><\/a><\/span><\/li>\n<li><span style=\"font-size: 14pt;\"><a href=\"http:\/\/www.vokes.vilnius.lm.lt\/wp-content\/uploads\/2025\/11\/Lapkri\u010dio-m\u0117n.-planas.pdf\" target=\"_blank\" rel=\"noopener noreferrer\"><span style=\"font-family: 'times new roman', times, serif;\">Lapkri\u010dio m\u0117nesio veiklos planas<\/span><\/a><\/span><\/li>\n<li><span style=\"font-size: 14pt;\"><a href=\"http:\/\/www.vokes.vilnius.lm.lt\/wp-content\/uploads\/2025\/10\/Spalio-m\u0117n-planas-Autosaved.pdf\" target=\"_blank\" rel=\"noopener noreferrer\"><span style=\"font-family: 'times new roman', times, serif;\">Spalio m\u0117nesio veiklos planas<\/span><\/a><\/span><\/li>\n<li><span style=\"font-size: 14pt;\"><a href=\"https:\/\/www.vokes.vilnius.lm.lt\/wp-content\/uploads\/2025\/09\/rugs%C4%97jo-m%C4%97n.-planas.pdf\" target=\"_blank\" rel=\"noopener noreferrer\"><span style=\"font-family: 'times new roman', times, serif;\">Rugs\u0117jo m\u0117nesio veiklos planas<\/span><\/a><\/span><\/li>\n<\/ul>\n<p style=\"text-align: justify;\"><span style=\"font-size: 24pt;\"><strong><span style=\"font-family: 'times new roman', times, serif;\">Tvarkos apra\u0161ai<\/span><\/strong><\/span><\/p>\n<p style=\"text-align: justify;\"><a href=\"https:\/\/www.vokes.vilnius.lm.lt\/wp-content\/uploads\/2026\/04\/Pareigybiu_teikiamu_STT_sarasas.pdf\" target=\"_blank\" rel=\"noopener\"><span style=\"font-family: 'times new roman', times, serif; font-size: 14pt;\">Pareigybi\u0173 teikiam\u0173 STT s\u0105ra\u0161as<\/span><\/a><\/p>\n<p><a href=\"https:\/\/www.vokes.vilnius.lm.lt\/wp-content\/uploads\/2026\/04\/Pareigybiu_sarasas_deklaruoti_interesus.pdf\" target=\"_blank\" rel=\"noopener\"><span style=\"font-family: 'times new roman', times, serif; font-size: 14pt;\">Pareigybi\u0173, kurias einantys darbuotojai privalo deklaruoti priva\u010dius interesus, s\u0105ra\u0161as<\/span><\/a><\/p>\n<p><a href=\"https:\/\/www.vokes.vilnius.lm.lt\/wp-content\/uploads\/2026\/04\/2025_Dovanu_politika.pdf\"><span style=\"font-family: 'times new roman', times, serif; font-size: 14pt;\">Vilniaus Trak\u0173 Vok\u0117s gimnazijos dovan\u0173 politika<\/span><\/a><\/p>\n<p><span style=\"font-family: 'times new roman', times, serif; font-size: 14pt;\"><a href=\"http:\/\/www.vokes.vilnius.lm.lt\/wp-content\/uploads\/2025\/10\/Vertinimo_rezultatu_panaudojimo_tvarkos_aprasas-2025-10-03.pdf\" target=\"_blank\" rel=\"noopener noreferrer\">Vilniaus Trak\u0173 Vok\u0117s gimnazijos mokini\u0173\/vaik\u0173 mokymosi\/ugdymosi pasiekim\u0173 vertinimo ir vertinimo rezultat\u0173 panaudojimo tvarkos apra\u0161as<\/a><\/span><\/p>\n<p><span style=\"font-family: 'times new roman', times, serif; font-size: 14pt;\"><a href=\"http:\/\/www.vokes.vilnius.lm.lt\/wp-content\/uploads\/2025\/02\/20241219_Reagavimo_psichotr_tvarka.pdf\" target=\"_blank\" rel=\"noopener noreferrer\">Vilniaus Trak\u0173 Vok\u0117s gimnazijos reagavimo \u012f psichoaktyvi\u0173j\u0173 med\u017eiag\u0173 vartojimo, disponavimo ir (ar) platinimo atvejus bei pagalbos teikimo mokiniams, j\u0173 atstovams pagal \u012fstatym\u0105 apra\u0161as<\/a><\/span><\/p>\n<p><span style=\"font-family: 'times new roman', times, serif; font-size: 14pt;\"><a href=\"http:\/\/www.vokes.vilnius.lm.lt\/wp-content\/uploads\/2023\/12\/2023_Pavezejimo_aprasas.pdf\" target=\"_blank\" rel=\"noopener noreferrer\">Mokini\u0173 ve\u017eimo mokykliniu autobusu tvarkos apra\u0161as<\/a><\/span><\/p>\n<p><span style=\"font-family: 'times new roman', times, serif; font-size: 14pt;\"><a href=\"http:\/\/www.vokes.vilnius.lm.lt\/wp-content\/uploads\/2025\/10\/Mokymosi_pagalbos_teikimo_tvarkos_aprasas.pdf\" target=\"_blank\" rel=\"noopener noreferrer\">Mokymosi pagalbos teikimo tvarkos apra\u0161as<\/a><\/span><\/p>\n<p><span style=\"font-family: 'times new roman', times, serif; font-size: 14pt;\"><a href=\"http:\/\/www.vokes.vilnius.lm.lt\/wp-content\/uploads\/2025\/10\/Pagalbos_teikimas_nepasiekus_patenkinamo_lygio.pdf\" target=\"_blank\" rel=\"noopener noreferrer\">Mokymosi pagalbos teikimas mokiniui, nepasiekusiam patenkinamo pasiekim\u0173 lygio<\/a><\/span><\/p>\n<p><span style=\"font-family: 'times new roman', times, serif; font-size: 14pt;\"><a href=\"http:\/\/www.vokes.vilnius.lm.lt\/wp-content\/uploads\/2025\/10\/Ugdymo_ne_gimnazijos_aplinkoje_org_tvarkos_aprasas.pdf\" target=\"_blank\" rel=\"noopener noreferrer\">Mokini\u0173 ugdymo ne gimnazijos aplinkoje organizavimo tvarkos apra\u0161as<\/a><\/span><\/p>\n<p><span style=\"font-family: 'times new roman', times, serif; font-size: 14pt;\"><a href=\"https:\/\/www.vokes.vilnius.lm.lt\/wp-content\/uploads\/2026\/01\/VGK_darbo_reglamentas_registruotas.pdf\" target=\"_blank\" rel=\"noopener noreferrer\">Vaiko gerov\u0117s komisijos darbo reglamentas<\/a><\/span><\/p>\n<p><span style=\"font-family: 'times new roman', times, serif; font-size: 14pt;\"><a href=\"http:\/\/www.vokes.vilnius.lm.lt\/wp-content\/uploads\/2020\/09\/Visos-dienos-mokyklos-aprasas_2020_09_01.pdf\" target=\"_blank\" rel=\"noopener noreferrer\">Visos dienos mokyklos tvarkos apra\u0161as<\/a><\/span><\/p>\n<p><span style=\"font-family: 'times new roman', times, serif; font-size: 14pt;\"><a href=\"http:\/\/www.vokes.vilnius.lm.lt\/wp-content\/uploads\/2023\/11\/2023-MOKYKLOS-LANKOMUMO-U%C5%BDTIKRINIMO-TVARKOS-APRAsas.pdf\" target=\"_blank\" rel=\"noopener noreferrer\">Mokini\u0173 lankomumo tvarkos apra\u0161as<\/a><\/span><\/p>\n<p><span style=\"font-family: 'times new roman', times, serif; font-size: 14pt;\"><a href=\"http:\/\/www.vokes.vilnius.lm.lt\/wp-content\/uploads\/2025\/10\/Socialines_pilietines_veiklos_organizavimo_tvarkos_aprasas.pdf\" target=\"_blank\" rel=\"noopener noreferrer\">Mokini\u0173 socialin\u0117s &#8211; pilietin\u0117s veiklos organizavimo tvarka<\/a><\/span><\/p>\n<p><span style=\"font-family: 'times new roman', times, serif; font-size: 14pt;\"><a href=\"http:\/\/www.vokes.vilnius.lm.lt\/wp-content\/uploads\/2025\/10\/kruvio-reguliavimo-tvarka-2025-2027.pdf\" target=\"_blank\" rel=\"noopener noreferrer\">Mokini\u0173 mokymo(si) kr\u016bvio reguliavimo tvarka<\/a><\/span><\/p>\n<p><span style=\"font-family: 'times new roman', times, serif; font-size: 14pt;\"><a href=\"http:\/\/www.vokes.vilnius.lm.lt\/wp-content\/uploads\/2026\/01\/MOKYKLINI%C5%B2-ASMENINI%C5%B2-DAIKT%C5%B2-LAIKYMO-SPINTELI%C5%B2-TAISYKLI%C5%B2-APRA%C5%A0AS-2017-M..pdf\" target=\"_blank\" rel=\"noopener noreferrer\">Mokyklini\u0173 asmenini\u0173 daikt\u0173 laikymo spinteli\u0173 taisykli\u0173 apra\u0161as 2017 m.<\/a><\/span><\/p>\n<p dir=\"ltr\"><span style=\"font-family: 'times new roman', times, serif; font-size: 14pt;\"><a href=\"http:\/\/www.vokes.vilnius.lm.lt\/wp-content\/uploads\/2026\/01\/Gimnazijos-vadovu-mokytoju-pagalbos-mokiniui-specialistu-kvalifikacijos-tobulinimo-tvarkos-aprasas.pdf\" target=\"_blank\" rel=\"noopener noreferrer\">Gimnazijos vadov\u0173, mokytoj\u0173, pagalbos mokiniui specialist\u0173 kvalifikacijos tobulinimo tvarkos apra\u0161as<\/a><\/span><\/p>\n<p><span style=\"font-family: 'times new roman', times, serif; font-size: 14pt;\"><a href=\"http:\/\/www.vokes.vilnius.lm.lt\/wp-content\/uploads\/2025\/10\/Vidurinio_ugdymo_programos_apraso_%C4%AFgyvendinimo_aprasas.pdf\" target=\"_blank\" rel=\"noopener noreferrer\">Vidurinio ugdymo programos apra\u0161o \u012fgyvendinimo Vilniaus Trak\u0173 Vok\u0117s gimnazijoje tvarka<\/a><\/span><\/p>\n<p><span style=\"font-family: 'times new roman', times, serif; font-size: 14pt;\"><a href=\"http:\/\/www.vokes.vilnius.lm.lt\/wp-content\/uploads\/2026\/01\/MOKINI%C5%B2-AP%C5%BDI%C5%AAROS-D%C4%96L-ASMENS-HIGIENOS-TVARKOS-APRA%C5%A0AS.pdf\" target=\"_blank\" rel=\"noopener noreferrer\">Mokini\u0173 ap\u017ei\u016bros d\u0117l asmens higienos tvarkos apra\u0161as<\/a><\/span><\/p>\n<p><span style=\"font-family: 'times new roman', times, serif; font-size: 14pt;\"><a href=\"http:\/\/www.vokes.vilnius.lm.lt\/wp-content\/uploads\/2025\/10\/Dalyko-keitimo-tvarka-2025-su-prasymu.pdf\" target=\"_blank\" rel=\"noopener noreferrer\">Dalyko keitimo tvarka<\/a><\/span><\/p>\n<p><span style=\"font-family: 'times new roman', times, serif; font-size: 14pt;\"><a href=\"http:\/\/www.vokes.vilnius.lm.lt\/wp-content\/uploads\/2025\/10\/20250721_Atleidimo_nuo_menu_pamoku_tvarka.pdf\" target=\"_blank\" rel=\"noopener noreferrer\">Atleidimo nuo men\u0173 pamok\u0173 tvarka<\/a><\/span><\/p>\n<p><span style=\"font-family: 'times new roman', times, serif; font-size: 14pt;\"><a href=\"http:\/\/www.vokes.vilnius.lm.lt\/wp-content\/uploads\/2026\/01\/MOKINI%C5%B2-T%C4%96V%C5%B2-INFORMAVIMO-IR-KOMUNIKAVIMO-TVARKOS-APRA%C5%A0AS.pdf\" target=\"_blank\" rel=\"noopener noreferrer\">Mokini\u0173 t\u0117v\u0173 informavimo ir komunikavimo tvarkos apra\u0161as<\/a><\/span><\/p>\n<p><span style=\"font-size: 14pt; font-family: 'times new roman', times, serif;\"><a href=\"http:\/\/www.vokes.vilnius.lm.lt\/wp-content\/uploads\/2021\/09\/smurto_tvarkos_aprasas2021-converted.pdf\" target=\"_blank\" rel=\"noopener noreferrer\">Smurto prevencijos tvarkos apra\u0161as<\/a><\/span><\/p>\n<p><span style=\"font-size: 14pt; font-family: 'times new roman', times, serif;\"><a href=\"https:\/\/www.vokes.vilnius.lm.lt\/wp-content\/uploads\/2026\/01\/Apsaugos-nuo-smurto-artimoje-aplinkoje-\u012fgyvendinimo-tvarkos-apra\u0161as.pdf\" target=\"_blank\" rel=\"noopener noreferrer\">Apsaugos nuo smurto artimoje aplinkoje \u012fgyvendinimo tvarkos apra\u0161as<\/a><\/span><\/p>\n<\/div>\n","protected":false},"excerpt":{"rendered":"<p>Metinis veiklos planas 2026 m. Strateginis planas 2022-2026 m. m. Metinis veiklos planas 2025 m. Vilniaus Trak\u0173 Vok\u0117s gimnazijos ikimokyklinio ir prie\u0161mokyklinio ugdymo (si) planavimo bei dokumentavimo apra\u0161as Ugdymo planas 2025-2027 mokslo met\u0173 ugdymo planas 2025-2026 ir 2026-2027 mokslo met\u0173 ugdymo plano pakeitimas M\u0117nesi\u0173 planai Vasario m\u0117nesio veiklos planas Sausio m\u0117nesio veiklos planas Gruod\u017eio m\u0117nesio &#8230;<\/p>\n","protected":false},"author":1,"featured_media":0,"parent":22,"menu_order":0,"comment_status":"closed","ping_status":"closed","template":"","meta":{"footnotes":""},"class_list":["post-1827","page","type-page","status-publish"],"_links":{"self":[{"href":"https:\/\/www.vokes.vilnius.lm.lt\/index.php?rest_route=\/wp\/v2\/pages\/1827","targetHints":{"allow":["GET"]}}],"collection":[{"href":"https:\/\/www.vokes.vilnius.lm.lt\/index.php?rest_route=\/wp\/v2\/pages"}],"about":[{"href":"https:\/\/www.vokes.vilnius.lm.lt\/index.php?rest_route=\/wp\/v2\/types\/page"}],"author":[{"embeddable":true,"href":"https:\/\/www.vokes.vilnius.lm.lt\/index.php?rest_route=\/wp\/v2\/users\/1"}],"replies":[{"embeddable":true,"href":"https:\/\/www.vokes.vilnius.lm.lt\/index.php?rest_route=%2Fwp%2Fv2%2Fcomments&post=1827"}],"version-history":[{"count":218,"href":"https:\/\/www.vokes.vilnius.lm.lt\/index.php?rest_route=\/wp\/v2\/pages\/1827\/revisions"}],"predecessor-version":[{"id":27496,"href":"https:\/\/www.vokes.vilnius.lm.lt\/index.php?rest_route=\/wp\/v2\/pages\/1827\/revisions\/27496"}],"up":[{"embeddable":true,"href":"https:\/\/www.vokes.vilnius.lm.lt\/index.php?rest_route=\/wp\/v2\/pages\/22"}],"wp:attachment":[{"href":"https:\/\/www.vokes.vilnius.lm.lt\/index.php?rest_route=%2Fwp%2Fv2%2Fmedia&parent=1827"}],"curies":[{"name":"wp","href":"https:\/\/api.w.org\/{rel}","templated":true}]}}