{"id":181,"date":"2013-04-04T17:53:32","date_gmt":"2013-04-04T17:53:32","guid":{"rendered":"http:\/\/www2156.vu.lt\/?page_id=181"},"modified":"2026-03-23T13:48:15","modified_gmt":"2026-03-23T11:48:15","slug":"tevams","status":"publish","type":"page","link":"https:\/\/www.vokes.vilnius.lm.lt\/?page_id=181","title":{"rendered":"T\u0117vams"},"content":{"rendered":"<div class=\"entry\">\n<ul>\n<li><a href=\"https:\/\/www.vokes.vilnius.lm.lt\/wp-content\/uploads\/2026\/03\/Mokinio-elgesio-taisykles.pdf\" target=\"_blank\" rel=\"noopener\"><span style=\"font-family: 'times new roman', times, serif; font-size: 14pt;\">Vilniaus Trak\u0173 Vok\u0117s gimnazijos mokinio elgesio taisykl\u0117s<\/span><\/a><\/li>\n<li><span style=\"font-family: 'times new roman', times, serif; font-size: 14pt;\"><a href=\"https:\/\/www.vokes.vilnius.lm.lt\/wp-content\/uploads\/2026\/01\/mobiliuju_aprasas_galutinis-1.pdf\" target=\"_blank\" rel=\"noopener noreferrer\">Vilniaus Trak\u0173 Vok\u0117s gimnazijos mokini\u0173 naudojimosi mobiliais \u012frenginiais tvarkos apra\u0161as<\/a><\/span><\/li>\n<li><span style=\"font-family: 'times new roman', times, serif; font-size: 14pt;\"><a href=\"http:\/\/www.vokes.vilnius.lm.lt\/wp-content\/uploads\/2025\/11\/2025_Gimnazijos_dovanu_politika.pdf\" target=\"_blank\" rel=\"noopener noreferrer\">Vilniaus Trak\u0173 Vok\u0117s gimnazijos dovan\u0173 politika<\/a><\/span><\/li>\n<li><span style=\"font-family: 'times new roman', times, serif; font-size: 14pt;\"><a href=\"http:\/\/www.vokes.vilnius.lm.lt\/wp-content\/uploads\/2025\/10\/Va%C5%BEiavimo-grafikas-nuo-IX-29.pdf\" target=\"_blank\" rel=\"noopener noreferrer\">Vilniaus Trak\u0173 Vok\u0117s gimnazijos mokyklinio autobuso mar\u0161rut\u0173 grafikas<\/a><\/span><\/li>\n<li><span style=\"font-family: 'times new roman', times, serif; font-size: 14pt;\"><a href=\"http:\/\/www.vokes.vilnius.lm.lt\/?p=21473\" target=\"_blank\" rel=\"noopener noreferrer\">Pokalbiai su vaiku apie melagingus lai\u0161kus<\/a><\/span><\/li>\n<li><span style=\"font-family: 'times new roman', times, serif; font-size: 14pt;\"><a href=\"http:\/\/www.vokes.vilnius.lm.lt\/wp-content\/uploads\/2021\/08\/Lankstinukas-t%C4%97vams-converted.pdf\" target=\"_blank\" rel=\"noopener noreferrer\">T\u0117vams (glob\u0117jams) apie speciali\u0173j\u0173 ugdymosi poreiki\u0173 vaikus (iki 7 m.) bei pagalbos galimybes vaikui\/\u0161eimai vilniaus mieste<\/a><\/span><\/li>\n<li><span style=\"font-family: 'times new roman', times, serif; font-size: 14pt;\"><a href=\"http:\/\/www.vokes.vilnius.lm.lt\/wp-content\/uploads\/2020\/09\/Visos-dienos-mokyklos-aprasas_2020_09_01.pdf\" target=\"_blank\" rel=\"noopener noreferrer\">Visos dienos mokyklos tvarkos apra\u0161as<\/a><\/span><\/li>\n<li><span style=\"font-family: 'times new roman', times, serif; font-size: 14pt;\"><a href=\"http:\/\/www.vokes.vilnius.lm.lt\/wp-content\/uploads\/2025\/10\/tvarkarastis-1-4-kl.-25-26.pdf\" target=\"_blank\" rel=\"noopener noreferrer\">1-4 kl. mokini\u0173 pamok\u0173 tvarkara\u0161tis 2025-2026 m.m.<\/a><\/span><\/li>\n<li><span style=\"font-family: 'times new roman', times, serif; font-size: 14pt;\"><a href=\"http:\/\/www.vokes.vilnius.lm.lt\/wp-content\/uploads\/2025\/10\/tvark.-5-12-kl.-2025-2026.pdf\" target=\"_blank\" rel=\"noopener noreferrer\">5-12 kl. mokini\u0173 pamok\u0173 tvarkara\u0161tis 2025-2026 m.m.<\/a><\/span><\/li>\n<li><span style=\"font-family: 'times new roman', times, serif; font-size: 14pt;\"><a href=\"http:\/\/www.vokes.vilnius.lm.lt\/wp-content\/uploads\/2025\/09\/Neformalaus-tvarkara%C5%A1tis-2025.pdf\" target=\"_blank\" rel=\"noopener noreferrer\">2025-2026 m. m. neformaliojo vaik\u0173 \u0161vietimo u\u017esi\u0117mim\u0173 tvarkara\u0161tis<\/a><\/span><\/li>\n<li><span style=\"font-family: 'times new roman', times, serif; font-size: 14pt;\"><a href=\"https:\/\/zua.lrv.lt\/lt\/veiklos-sritys\/administruojamos-programos\/pienas-vaikams\/\" target=\"_blank\" rel=\"noopener noreferrer\">Vaisi\u0173 ir dar\u017eovi\u0173 bei\u00a0pieno ir\u00a0pieno produkt\u0173\u00a0vartojimo\u00a0skatinimo\u00a0vaik\u0173\u00a0ugdymo\u00a0\u012fstaigose\u00a0programa<\/a><\/span><\/li>\n<li><span style=\"font-family: 'times new roman', times, serif; font-size: 14pt;\"><a href=\"http:\/\/www.vokes.vilnius.lm.lt\/wp-content\/uploads\/2025\/10\/Individualiu_konsultaciju_tvarkarastis.pdf\" target=\"_blank\" rel=\"noopener noreferrer\">Dalyk\u0173 mokytoj\u0173 individuali\u0173 konsultacij\u0173 tvarkara\u0161tis<\/a><\/span><\/li>\n<li><span style=\"font-family: 'times new roman', times, serif; font-size: 14pt;\"><a href=\"http:\/\/www.vokes.vilnius.lm.lt\/wp-content\/uploads\/2013\/04\/INFORMACIJA-T%C4%96VAMS-PEDIKULIOZ%C4%96.pdf\" target=\"_blank\" rel=\"noopener noreferrer\">Informacija t\u0117vams-pedikulioz\u0117<\/a><\/span><\/li>\n<li><span style=\"font-family: 'times new roman', times, serif; font-size: 14pt;\"><a href=\"https:\/\/www.vokes.vilnius.lm.lt\/wp-content\/uploads\/2026\/01\/Socialine_parama.pdf\" target=\"_blank\" rel=\"noopener noreferrer\">Socialin\u0117 parama<\/a><\/span><\/li>\n<li><span style=\"font-family: 'times new roman', times, serif; font-size: 14pt;\"><a href=\"http:\/\/www2156.vu.lt\/wp-content\/uploads\/2013\/05\/Del_gyvenamosios_vietos_deklaravimo.pdf\" target=\"_blank\" rel=\"noopener noreferrer\">D\u0117l gyvenamosios vietos deklaravimo<\/a><\/span><\/li>\n<li><span style=\"font-family: 'times new roman', times, serif; font-size: 14pt;\"><a href=\"https:\/\/vilniussveikiau.lt\/lt\/\" target=\"_blank\" rel=\"noopener noreferrer\">Vilniaus visuomen\u0117s sveikatos\u00a0biuras\u00a0\u201eVilnius sveikiau\u201c<\/a><\/span><\/li>\n<li><span style=\"font-family: 'times new roman', times, serif; font-size: 14pt;\"><a href=\"http:\/\/www.vokes.vilnius.lm.lt\/wp-content\/uploads\/2013\/10\/INFORMACINIS-LEIDINYS-T%C4%96VAMS-PREVENCIJA.pdf\" target=\"_blank\" rel=\"noopener noreferrer\">Informacinis leidinys t\u0117vams &#8211; prevencija<\/a><\/span><\/li>\n<\/ul>\n<p><span style=\"font-size: 14pt; font-family: 'times new roman', times, serif;\">\u00a0<\/span><\/p>\n<p><span style=\"font-size: 14pt; font-family: 'times new roman', times, serif;\">\u00a0<\/span><\/p>\n<\/div>\n","protected":false},"excerpt":{"rendered":"<p>Vilniaus Trak\u0173 Vok\u0117s gimnazijos mokinio elgesio taisykl\u0117s Vilniaus Trak\u0173 Vok\u0117s gimnazijos mokini\u0173 naudojimosi mobiliais \u012frenginiais tvarkos apra\u0161as Vilniaus Trak\u0173 Vok\u0117s gimnazijos dovan\u0173 politika Vilniaus Trak\u0173 Vok\u0117s gimnazijos mokyklinio autobuso mar\u0161rut\u0173 grafikas Pokalbiai su vaiku apie melagingus lai\u0161kus T\u0117vams (glob\u0117jams) apie speciali\u0173j\u0173 ugdymosi poreiki\u0173 vaikus (iki 7 m.) bei pagalbos galimybes vaikui\/\u0161eimai vilniaus mieste Visos dienos &#8230;<\/p>\n","protected":false},"author":1,"featured_media":0,"parent":21,"menu_order":3,"comment_status":"closed","ping_status":"closed","template":"","meta":{"footnotes":""},"class_list":["post-181","page","type-page","status-publish"],"_links":{"self":[{"href":"https:\/\/www.vokes.vilnius.lm.lt\/index.php?rest_route=\/wp\/v2\/pages\/181","targetHints":{"allow":["GET"]}}],"collection":[{"href":"https:\/\/www.vokes.vilnius.lm.lt\/index.php?rest_route=\/wp\/v2\/pages"}],"about":[{"href":"https:\/\/www.vokes.vilnius.lm.lt\/index.php?rest_route=\/wp\/v2\/types\/page"}],"author":[{"embeddable":true,"href":"https:\/\/www.vokes.vilnius.lm.lt\/index.php?rest_route=\/wp\/v2\/users\/1"}],"replies":[{"embeddable":true,"href":"https:\/\/www.vokes.vilnius.lm.lt\/index.php?rest_route=%2Fwp%2Fv2%2Fcomments&post=181"}],"version-history":[{"count":120,"href":"https:\/\/www.vokes.vilnius.lm.lt\/index.php?rest_route=\/wp\/v2\/pages\/181\/revisions"}],"predecessor-version":[{"id":27290,"href":"https:\/\/www.vokes.vilnius.lm.lt\/index.php?rest_route=\/wp\/v2\/pages\/181\/revisions\/27290"}],"up":[{"embeddable":true,"href":"https:\/\/www.vokes.vilnius.lm.lt\/index.php?rest_route=\/wp\/v2\/pages\/21"}],"wp:attachment":[{"href":"https:\/\/www.vokes.vilnius.lm.lt\/index.php?rest_route=%2Fwp%2Fv2%2Fmedia&parent=181"}],"curies":[{"name":"wp","href":"https:\/\/api.w.org\/{rel}","templated":true}]}}