{"id":17919,"date":"2021-05-24T13:07:12","date_gmt":"2021-05-24T11:07:12","guid":{"rendered":"http:\/\/www.vokes.vilnius.lm.lt\/?page_id=17919"},"modified":"2026-02-13T10:03:07","modified_gmt":"2026-02-13T08:03:07","slug":"mokiniu-maitinimas","status":"publish","type":"page","link":"https:\/\/www.vokes.vilnius.lm.lt\/?page_id=17919","title":{"rendered":"Mokini\u0173 maitinimas"},"content":{"rendered":"<div class=\"entry\">\n<p><span style=\"font-size: 14pt;\"><a href=\"https:\/\/www.vokes.vilnius.lm.lt\/wp-content\/uploads\/2026\/02\/Maitinimas-2025-2026.pdf\" target=\"_blank\" rel=\"noopener noreferrer\"><span style=\"font-family: 'times new roman', times, serif;\">Maitininimo tvarkos apra\u0161as<\/span><\/a><\/span><\/p>\n<p><span style=\"font-family: 'times new roman', times, serif; font-size: 14pt;\"><strong>VALGYKLOS VALGIARA\u0160\u010cIAI:<\/strong><br \/>\n<\/span><\/p>\n<p><span style=\"font-size: 14pt;\"><a href=\"http:\/\/www.vokes.vilnius.lm.lt\/wp-content\/uploads\/2024\/09\/SKM_22724091609400.pdf\" target=\"_blank\" rel=\"noopener noreferrer\"><span style=\"font-family: 'times new roman', times, serif;\">Valgiara\u0161tis vaikams<\/span><\/a><\/span><\/p>\n<p><span style=\"font-size: 14pt;\"><a href=\"http:\/\/www.vokes.vilnius.lm.lt\/wp-content\/uploads\/2024\/09\/2024_4_7_vaiku_valgiarastis.pdf\" target=\"_blank\" rel=\"noopener noreferrer\"><span style=\"font-family: 'times new roman', times, serif;\">Valgiara\u0161tis 4-7 met\u0173 vaikams<\/span><\/a><\/span><\/p>\n<p><span style=\"font-size: 14pt;\"><a href=\"http:\/\/www.vokes.vilnius.lm.lt\/wp-content\/uploads\/2024\/09\/2024_6_10_vaiku_valgiarastis.pdf\" target=\"_blank\" rel=\"noopener noreferrer\"><span style=\"font-family: 'times new roman', times, serif;\">Valgiara\u0161tis 6-10 met\u0173 vaikams<\/span><\/a><\/span><\/p>\n<p>&nbsp;<\/p>\n<p><span style=\"font-size: 14pt;\"><a href=\"https:\/\/www.vokes.vilnius.lm.lt\/wp-content\/uploads\/2026\/02\/SVARBI-INFORMACIJA-T\u0116VAMS-D\u0116L-MAITINIMO-KAIN\u0172.pdf\" target=\"_blank\" rel=\"noopener noreferrer\"><span style=\"font-family: 'times new roman', times, serif;\">Svarbi informacija t\u0117vams d\u0117l maitinimo kain\u0173<\/span><\/a><\/span><\/p>\n<p><span style=\"font-family: 'times new roman', times, serif; font-size: 14pt;\">&nbsp;<\/span><\/p>\n<p style=\"text-align: justify;\">&nbsp;<\/p>\n<\/div>\n","protected":false},"excerpt":{"rendered":"<p>Maitininimo tvarkos apra\u0161as VALGYKLOS VALGIARA\u0160\u010cIAI: Valgiara\u0161tis vaikams Valgiara\u0161tis 4-7 met\u0173 vaikams Valgiara\u0161tis 6-10 met\u0173 vaikams &nbsp; Svarbi informacija t\u0117vams d\u0117l maitinimo kain\u0173 &nbsp; &nbsp;<\/p>\n","protected":false},"author":1,"featured_media":0,"parent":0,"menu_order":0,"comment_status":"closed","ping_status":"closed","template":"","meta":{"footnotes":""},"class_list":["post-17919","page","type-page","status-publish"],"_links":{"self":[{"href":"https:\/\/www.vokes.vilnius.lm.lt\/index.php?rest_route=\/wp\/v2\/pages\/17919","targetHints":{"allow":["GET"]}}],"collection":[{"href":"https:\/\/www.vokes.vilnius.lm.lt\/index.php?rest_route=\/wp\/v2\/pages"}],"about":[{"href":"https:\/\/www.vokes.vilnius.lm.lt\/index.php?rest_route=\/wp\/v2\/types\/page"}],"author":[{"embeddable":true,"href":"https:\/\/www.vokes.vilnius.lm.lt\/index.php?rest_route=\/wp\/v2\/users\/1"}],"replies":[{"embeddable":true,"href":"https:\/\/www.vokes.vilnius.lm.lt\/index.php?rest_route=%2Fwp%2Fv2%2Fcomments&post=17919"}],"version-history":[{"count":35,"href":"https:\/\/www.vokes.vilnius.lm.lt\/index.php?rest_route=\/wp\/v2\/pages\/17919\/revisions"}],"predecessor-version":[{"id":26863,"href":"https:\/\/www.vokes.vilnius.lm.lt\/index.php?rest_route=\/wp\/v2\/pages\/17919\/revisions\/26863"}],"wp:attachment":[{"href":"https:\/\/www.vokes.vilnius.lm.lt\/index.php?rest_route=%2Fwp%2Fv2%2Fmedia&parent=17919"}],"curies":[{"name":"wp","href":"https:\/\/api.w.org\/{rel}","templated":true}]}}