{"id":179,"date":"2013-04-04T17:53:05","date_gmt":"2013-04-04T17:53:05","guid":{"rendered":"http:\/\/www2156.vu.lt\/?page_id=179"},"modified":"2026-03-03T12:14:25","modified_gmt":"2026-03-03T10:14:25","slug":"mokytojams","status":"publish","type":"page","link":"https:\/\/www.vokes.vilnius.lm.lt\/?page_id=179","title":{"rendered":"Mokytojams"},"content":{"rendered":"<div class=\"entry\">\n<p><span style=\"font-size: 14pt;\"><strong><span style=\"font-family: 'times new roman', times, serif;\"><a href=\"https:\/\/forms.gle\/dHS1og3BDiktKmPZ7\" target=\"_blank\" rel=\"noopener noreferrer\">Personalo i\u0161vyk\u0173 \u017eurnalas<\/a><\/span><\/strong><\/span><\/p>\n<p style=\"text-align: justify;\"><span style=\"font-family: 'times new roman', times, serif; font-size: 14pt;\"><strong>Ilgalaiki\u0173 plan\u0173 titulini\u0173 lap\u0173 pavyzd\u017eiai:<\/strong><\/span><\/p>\n<p><span style=\"font-family: 'times new roman', times, serif; font-size: 14pt;\"><strong>Pradin\u0117s klas\u0117s:<\/strong><\/span><\/p>\n<ul>\n<li><span style=\"font-size: 14pt; font-family: 'times new roman', times, serif;\"><a href=\"http:\/\/www.vokes.vilnius.lm.lt\/wp-content\/uploads\/2025\/11\/uzsienio-k.-pradinems-kl..pdf\" target=\"_blank\" rel=\"noopener noreferrer\">U\u017esienio kalba 1-4 kl.<\/a><\/span><\/li>\n<li><span style=\"font-size: 14pt; font-family: 'times new roman', times, serif;\"><a href=\"http:\/\/www.vokes.vilnius.lm.lt\/wp-content\/uploads\/2025\/11\/tikybos-pradinems-kl..pdf\" target=\"_blank\" rel=\"noopener noreferrer\">Dorinis ugdymas 1-4 kl.<\/a><\/span><\/li>\n<li><span style=\"font-size: 14pt; font-family: 'times new roman', times, serif;\"><a href=\"http:\/\/www.vokes.vilnius.lm.lt\/wp-content\/uploads\/2026\/01\/menai-fizinis-ugdymas-pradinems-kl..pdf\" target=\"_blank\" rel=\"noopener noreferrer\">Menai 1-4 kl.<\/a><\/span><\/li>\n<li><span style=\"font-size: 14pt;\"><a href=\"http:\/\/www.vokes.vilnius.lm.lt\/wp-content\/uploads\/2025\/11\/titulinis-pradinems-kl..pdf\" target=\"_blank\" rel=\"noopener noreferrer\"><span style=\"font-family: 'times new roman', times, serif;\">Mokomojo dalyko\u00a01-4 kl.<\/span><\/a><\/span><\/li>\n<\/ul>\n<p><span style=\"font-family: 'times new roman', times, serif; font-size: 14pt;\"><strong>5 -10 klas\u0117s:<\/strong><\/span><\/p>\n<ul>\n<li><span style=\"font-size: 14pt; font-family: 'times new roman', times, serif;\"><a href=\"http:\/\/www.vokes.vilnius.lm.lt\/wp-content\/uploads\/2025\/11\/uzsienio-k.-5-10.pdf\" target=\"_blank\" rel=\"noopener noreferrer\">U\u017esienio kalba 5-10 kl.<\/a><\/span><\/li>\n<li><span style=\"font-size: 14pt; font-family: 'times new roman', times, serif;\"><a href=\"http:\/\/www.vokes.vilnius.lm.lt\/wp-content\/uploads\/2025\/11\/tiksliuju-mokslu-5-10.pdf\" target=\"_blank\" rel=\"noopener noreferrer\">Tikslieji mokslai 5-10 kl.<\/a><\/span><\/li>\n<li><span style=\"font-size: 14pt; font-family: 'times new roman', times, serif;\"><a href=\"http:\/\/www.vokes.vilnius.lm.lt\/wp-content\/uploads\/2025\/11\/humanitariniu-mokslu-5-10.pdf\" target=\"_blank\" rel=\"noopener noreferrer\">Humanitariniai mokslai 5-10 kl.<\/a><\/span><\/li>\n<li><span style=\"font-size: 14pt; font-family: 'times new roman', times, serif;\"><a href=\"http:\/\/www.vokes.vilnius.lm.lt\/wp-content\/uploads\/2025\/11\/menu-technologiju-fizinio-ugdymo-5-10.pdf\" target=\"_blank\" rel=\"noopener noreferrer\">Menai, technologijos, kuno kultura 5-10 kl.<\/a><\/span><\/li>\n<\/ul>\n<p><span style=\"font-family: 'times new roman', times, serif; font-size: 14pt;\"><strong>11 &#8211; 12 klas\u0117s:<\/strong><\/span><\/p>\n<ul>\n<li><span style=\"font-size: 14pt; font-family: 'times new roman', times, serif;\"><a href=\"http:\/\/www.vokes.vilnius.lm.lt\/wp-content\/uploads\/2025\/11\/tiksliuju-mokslu-dalykas.pdf\" target=\"_blank\" rel=\"noopener noreferrer\">Tikslieji mokslai dalykas<\/a><\/span><\/li>\n<li><span style=\"font-size: 14pt; font-family: 'times new roman', times, serif;\"><a href=\"http:\/\/www.vokes.vilnius.lm.lt\/wp-content\/uploads\/2025\/11\/humanitarini\u0173-mokslu-dalykas.pdf\" target=\"_blank\" rel=\"noopener noreferrer\">Humanitariniai mokslai dalykas<\/a><\/span><\/li>\n<li><span style=\"font-size: 14pt;\"><a href=\"http:\/\/www.vokes.vilnius.lm.lt\/wp-content\/uploads\/2025\/11\/matematikos-dalykas.pdf\" target=\"_blank\" rel=\"noopener noreferrer\"><span style=\"font-family: 'times new roman', times, serif;\">Matematika dalykas<\/span><\/a><\/span><\/li>\n<li><span style=\"font-family: 'times new roman', times, serif; font-size: 14pt;\"><a href=\"http:\/\/www.vokes.vilnius.lm.lt\/wp-content\/uploads\/2025\/11\/matematikos-modulis.pdf\" target=\"_blank\" rel=\"noopener noreferrer\">Matematika modulis<\/a><\/span><\/li>\n<li><span style=\"font-size: 14pt;\"><a href=\"http:\/\/www.vokes.vilnius.lm.lt\/wp-content\/uploads\/2025\/11\/lietuviu-k-dalykas.pdf\" target=\"_blank\" rel=\"noopener noreferrer\"><span style=\"font-family: 'times new roman', times, serif;\">Lietuvi\u0173 kalba dalykas<\/span><\/a><\/span><\/li>\n<li><span style=\"font-size: 14pt;\"><a href=\"http:\/\/www.vokes.vilnius.lm.lt\/wp-content\/uploads\/2025\/11\/lietuvi\u0173-k-modulis.pdf\" target=\"_blank\" rel=\"noopener noreferrer\"><span style=\"font-family: 'times new roman', times, serif;\">Lietuvi\u0173 kalba modulis<\/span><\/a><\/span><\/li>\n<li><span style=\"font-size: 14pt; font-family: 'times new roman', times, serif;\"><a href=\"http:\/\/www.vokes.vilnius.lm.lt\/wp-content\/uploads\/2025\/11\/uzsienio-k.-dalykas.pdf\" target=\"_blank\" rel=\"noopener noreferrer\">U\u017esienio kalba dalykas<\/a><\/span><\/li>\n<li><span style=\"font-size: 14pt; font-family: 'times new roman', times, serif;\"><a href=\"http:\/\/www.vokes.vilnius.lm.lt\/wp-content\/uploads\/2025\/11\/uzsienio-k.-modulis.pdf\" target=\"_blank\" rel=\"noopener noreferrer\">U\u017esienio kalba modulis<\/a><\/span><\/li>\n<li><span style=\"font-size: 14pt; font-family: 'times new roman', times, serif;\"><a href=\"http:\/\/www.vokes.vilnius.lm.lt\/wp-content\/uploads\/2025\/11\/fizinis-ugdymas.pdf\" target=\"_blank\" rel=\"noopener noreferrer\">Fizinio ugdymo<\/a><\/span><\/li>\n<li><span style=\"font-size: 14pt; font-family: 'times new roman', times, serif;\"><a href=\"http:\/\/www.vokes.vilnius.lm.lt\/wp-content\/uploads\/2025\/11\/menai.pdf\" target=\"_blank\" rel=\"noopener noreferrer\">Menai<\/a><\/span><\/li>\n<\/ul>\n<p><span style=\"font-family: 'times new roman', times, serif; font-size: 14pt;\"><strong>Kiti pavyzd\u017eiai:<\/strong><\/span><\/p>\n<ul>\n<li><span style=\"font-family: 'times new roman', times, serif; font-size: 14pt;\"><a href=\"http:\/\/www.vokes.vilnius.lm.lt\/wp-content\/uploads\/2026\/01\/Atestacijos-nuostatai.pdf\" target=\"_blank\" rel=\"noopener noreferrer\">Atestacijos nuostatai<\/a><\/span><\/li>\n<li><span style=\"font-size: 14pt; font-family: 'times new roman', times, serif;\"><a href=\"https:\/\/www.vokes.vilnius.lm.lt\/wp-content\/uploads\/2026\/01\/Neformaliojo_ugdymo_bur_plano_formos.pdf\" target=\"_blank\" rel=\"noopener noreferrer\">Neformacliojo ugdymo plano forma<\/a><\/span><\/li>\n<li><span style=\"font-family: 'times new roman', times, serif; font-size: 14pt;\"><a href=\"https:\/\/www.vokes.vilnius.lm.lt\/wp-content\/uploads\/2026\/01\/Protokolo-trafaretas-1.pdf\" target=\"_blank\" rel=\"noopener noreferrer\">Protokolo trafaretas<\/a><\/span><\/li>\n<li><span style=\"font-family: 'times new roman', times, serif; font-size: 14pt;\"><a href=\"https:\/\/www.vokes.vilnius.lm.lt\/wp-content\/uploads\/2026\/01\/Neform.ugdymo-programos-titulinis.pdf\" target=\"_blank\" rel=\"noopener noreferrer\">Neform.ugdymo programos titulinis<\/a><\/span><\/li>\n<li><span style=\"font-size: 14pt; font-family: 'times new roman', times, serif;\"><a href=\"https:\/\/www.vokes.vilnius.lm.lt\/wp-content\/uploads\/2026\/01\/Titulinis-METOD.GRUPES-humanit..pdf\" target=\"_blank\" rel=\"noopener noreferrer\">Titulinis METOD.GRUP\u0116S (humanit.)<\/a><\/span><\/li>\n<li><span style=\"font-size: 14pt; font-family: 'times new roman', times, serif;\"><a href=\"https:\/\/www.vokes.vilnius.lm.lt\/wp-content\/uploads\/2026\/01\/Titulinis-METOD.GRUPES-k\u016bryb.rai\u0161ka.pdf\" target=\"_blank\" rel=\"noopener noreferrer\">Titulinis METOD.GRUP\u0116S (k\u016bryb.rai\u0161ka)<\/a><\/span><\/li>\n<li><span style=\"font-size: 14pt; font-family: 'times new roman', times, serif;\"><a href=\"https:\/\/www.vokes.vilnius.lm.lt\/wp-content\/uploads\/2026\/01\/Titulinis-METOD.GRUPES-prad.-kl..pdf\" target=\"_blank\" rel=\"noopener noreferrer\">Titulinis METOD.GRUP\u0116S (prad. kl.)<\/a><\/span><\/li>\n<li><span style=\"font-size: 14pt; font-family: 'times new roman', times, serif;\"><a href=\"https:\/\/www.vokes.vilnius.lm.lt\/wp-content\/uploads\/2026\/01\/Titulinis-METOD.GRUPES-tiksli\u0173j\u0173-m..pdf\" target=\"_blank\" rel=\"noopener noreferrer\">Titulinis METOD.GRUP\u0116S (tiksli\u0173j\u0173 m.)<\/a><\/span><\/li>\n<li><span style=\"font-size: 14pt; font-family: 'times new roman', times, serif;\"><a href=\"https:\/\/www.vokes.vilnius.lm.lt\/wp-content\/uploads\/2026\/01\/Teminio-plano-titulinis-1-10-kl..pdf\" target=\"_blank\" rel=\"noopener noreferrer\">Teminio plano titulinis 1-10 kl.<\/a><\/span><\/li>\n<li><span style=\"font-size: 14pt; font-family: 'times new roman', times, serif;\"><a href=\"https:\/\/www.vokes.vilnius.lm.lt\/wp-content\/uploads\/2026\/01\/Teminio-plano-titulinis-11-12-kl..pdf\" target=\"_blank\" rel=\"noopener noreferrer\">Teminio plano titulinis 11-12 kl.<\/a><\/span><\/li>\n<li><a href=\"https:\/\/www.vokes.vilnius.lm.lt\/wp-content\/uploads\/2026\/03\/pagrindine-forma-i-ppt.pdf\" target=\"_blank\" rel=\"noopener\"><span style=\"font-family: 'times new roman', times, serif; font-size: 14pt;\">Pirminio (pakartotinio) ugdymosi poreiki\u0173 vertinimo forma<\/span><\/a><\/li>\n<\/ul>\n<\/div>\n","protected":false},"excerpt":{"rendered":"<p>Personalo i\u0161vyk\u0173 \u017eurnalas Ilgalaiki\u0173 plan\u0173 titulini\u0173 lap\u0173 pavyzd\u017eiai: Pradin\u0117s klas\u0117s: U\u017esienio kalba 1-4 kl. Dorinis ugdymas 1-4 kl. Menai 1-4 kl. Mokomojo dalyko\u00a01-4 kl. 5 -10 klas\u0117s: U\u017esienio kalba 5-10 kl. Tikslieji mokslai 5-10 kl. Humanitariniai mokslai 5-10 kl. Menai, technologijos, kuno kultura 5-10 kl. 11 &#8211; 12 klas\u0117s: Tikslieji mokslai dalykas Humanitariniai mokslai dalykas &#8230;<\/p>\n","protected":false},"author":1,"featured_media":0,"parent":21,"menu_order":2,"comment_status":"closed","ping_status":"closed","template":"","meta":{"footnotes":""},"class_list":["post-179","page","type-page","status-publish"],"_links":{"self":[{"href":"https:\/\/www.vokes.vilnius.lm.lt\/index.php?rest_route=\/wp\/v2\/pages\/179","targetHints":{"allow":["GET"]}}],"collection":[{"href":"https:\/\/www.vokes.vilnius.lm.lt\/index.php?rest_route=\/wp\/v2\/pages"}],"about":[{"href":"https:\/\/www.vokes.vilnius.lm.lt\/index.php?rest_route=\/wp\/v2\/types\/page"}],"author":[{"embeddable":true,"href":"https:\/\/www.vokes.vilnius.lm.lt\/index.php?rest_route=\/wp\/v2\/users\/1"}],"replies":[{"embeddable":true,"href":"https:\/\/www.vokes.vilnius.lm.lt\/index.php?rest_route=%2Fwp%2Fv2%2Fcomments&post=179"}],"version-history":[{"count":106,"href":"https:\/\/www.vokes.vilnius.lm.lt\/index.php?rest_route=\/wp\/v2\/pages\/179\/revisions"}],"predecessor-version":[{"id":27088,"href":"https:\/\/www.vokes.vilnius.lm.lt\/index.php?rest_route=\/wp\/v2\/pages\/179\/revisions\/27088"}],"up":[{"embeddable":true,"href":"https:\/\/www.vokes.vilnius.lm.lt\/index.php?rest_route=\/wp\/v2\/pages\/21"}],"wp:attachment":[{"href":"https:\/\/www.vokes.vilnius.lm.lt\/index.php?rest_route=%2Fwp%2Fv2%2Fmedia&parent=179"}],"curies":[{"name":"wp","href":"https:\/\/api.w.org\/{rel}","templated":true}]}}