{"id":17148,"date":"2020-11-10T18:23:23","date_gmt":"2020-11-10T16:23:23","guid":{"rendered":"http:\/\/www.vokes.vilnius.lm.lt\/?page_id=17148"},"modified":"2026-01-20T10:31:02","modified_gmt":"2026-01-20T08:31:02","slug":"nuotolinis-ugdymas","status":"publish","type":"page","link":"https:\/\/www.vokes.vilnius.lm.lt\/?page_id=17148","title":{"rendered":"Nuotolinis ugdymas"},"content":{"rendered":"<div class=\"entry\">\n<p><span style=\"font-family: 'times new roman', times, serif; font-size: 14pt;\"><a href=\"http:\/\/www.vokes.vilnius.lm.lt\/wp-content\/uploads\/2026\/01\/Nuotolinio-tvarka-nauja.pdf\" target=\"_blank\" rel=\"noopener noreferrer\">Vilniaus Trak\u0173 Vok\u0117s gimnazijos ugdymo(si) proceso organizavimo nuotoliniu ir mi\u0161riu b\u016bdais tvarka<\/a><\/span><\/p>\n<p style=\"text-align: left;\"><span style=\"font-size: 14pt; font-family: 'times new roman', times, serif;\">Nuotolinis mokymas (is):<\/span><\/p>\n<ul>\n<li><span style=\"font-size: 14pt; font-family: 'times new roman', times, serif;\"><a href=\"https:\/\/www.smm.lt\/web\/lt\/naujienos\/nuotolinis\/svarbiausia-informacija-del-nuotolinio-mokymo\" target=\"_blank\" rel=\"noopener noreferrer\">\u0160vietimo mokslo ir sporto ministerija<\/a><\/span><\/li>\n<li><span style=\"font-size: 14pt; font-family: 'times new roman', times, serif;\"><a href=\"https:\/\/sites.google.com\/itc.smm.lt\/nuotolinis\/skaitmenin%C4%97s-priemon%C4%97s\" target=\"_blank\" rel=\"noopener noreferrer\">Skaitmenin\u0117s priemon\u0117s<\/a><\/span><\/li>\n<li><span style=\"font-size: 14pt; font-family: 'times new roman', times, serif;\"><a href=\"https:\/\/emokykla.lt\/\" target=\"_blank\" rel=\"noopener noreferrer\">Emokykla<\/a><\/span><\/li>\n<\/ul>\n<\/div>\n","protected":false},"excerpt":{"rendered":"<p>Vilniaus Trak\u0173 Vok\u0117s gimnazijos ugdymo(si) proceso organizavimo nuotoliniu ir mi\u0161riu b\u016bdais tvarka Nuotolinis mokymas (is): \u0160vietimo mokslo ir sporto ministerija Skaitmenin\u0117s priemon\u0117s Emokykla<\/p>\n","protected":false},"author":1,"featured_media":0,"parent":0,"menu_order":0,"comment_status":"closed","ping_status":"closed","template":"","meta":{"footnotes":""},"class_list":["post-17148","page","type-page","status-publish"],"_links":{"self":[{"href":"https:\/\/www.vokes.vilnius.lm.lt\/index.php?rest_route=\/wp\/v2\/pages\/17148","targetHints":{"allow":["GET"]}}],"collection":[{"href":"https:\/\/www.vokes.vilnius.lm.lt\/index.php?rest_route=\/wp\/v2\/pages"}],"about":[{"href":"https:\/\/www.vokes.vilnius.lm.lt\/index.php?rest_route=\/wp\/v2\/types\/page"}],"author":[{"embeddable":true,"href":"https:\/\/www.vokes.vilnius.lm.lt\/index.php?rest_route=\/wp\/v2\/users\/1"}],"replies":[{"embeddable":true,"href":"https:\/\/www.vokes.vilnius.lm.lt\/index.php?rest_route=%2Fwp%2Fv2%2Fcomments&post=17148"}],"version-history":[{"count":9,"href":"https:\/\/www.vokes.vilnius.lm.lt\/index.php?rest_route=\/wp\/v2\/pages\/17148\/revisions"}],"predecessor-version":[{"id":26703,"href":"https:\/\/www.vokes.vilnius.lm.lt\/index.php?rest_route=\/wp\/v2\/pages\/17148\/revisions\/26703"}],"wp:attachment":[{"href":"https:\/\/www.vokes.vilnius.lm.lt\/index.php?rest_route=%2Fwp%2Fv2%2Fmedia&parent=17148"}],"curies":[{"name":"wp","href":"https:\/\/api.w.org\/{rel}","templated":true}]}}