{"id":171,"date":"2013-04-04T17:48:00","date_gmt":"2013-04-04T17:48:00","guid":{"rendered":"http:\/\/www2156.vu.lt\/?page_id=171"},"modified":"2026-01-20T10:03:56","modified_gmt":"2026-01-20T08:03:56","slug":"kontaktai","status":"publish","type":"page","link":"https:\/\/www.vokes.vilnius.lm.lt\/?page_id=171","title":{"rendered":"Kontaktai"},"content":{"rendered":"<div class=\"entry\">\n<p><span style=\"color: #000000;\"><strong><span style=\"font-family: georgia,palatino; font-size: 14px;\">Trampolio g. 5 &nbsp; LT-02232 Vilnius<\/span><\/strong><\/span><\/p>\n<p><span style=\"color: #000000;\"><strong><span style=\"font-family: georgia,palatino; font-size: 14px;\">Tel.&nbsp; +370 5 264 5190<\/span><\/strong><\/span><\/p>\n<p><span style=\"color: #000000;\"><strong><span style=\"font-family: georgia,palatino; font-size: 14px;\">el.p.&nbsp;rastine@vokes.vilnius.lm.lt<\/span><\/strong><\/span><\/p>\n<p><a href=\"https:\/\/maps.lt\/short\/a9cbff14\" target=\"_blank\" rel=\"noopener noreferrer\"><strong><span style=\"font-family: georgia,palatino; font-size: 14px;\">\u017dem\u0117lapis<\/span><\/strong>:<\/a><\/p>\n<p><a href=\"https:\/\/maps.lt\/short\/a9cbff14\" target=\"_blank\" rel=\"noopener noreferrer\"><img loading=\"lazy\" decoding=\"async\" class=\"alignleft wp-image-1145 size-medium\" src=\"https:\/\/www.vokes.vilnius.lm.lt\/wp-content\/uploads\/2013\/05\/zemelapis-300x188.jpg\" alt=\"zemelapis\" width=\"300\" height=\"188\" srcset=\"https:\/\/www.vokes.vilnius.lm.lt\/wp-content\/uploads\/2013\/05\/zemelapis-300x188.jpg 300w, https:\/\/www.vokes.vilnius.lm.lt\/wp-content\/uploads\/2013\/05\/zemelapis.jpg 480w\" sizes=\"auto, (max-width: 300px) 100vw, 300px\" \/><\/a><\/p>\n<p>&nbsp;<\/p>\n<p>&nbsp;<\/p>\n<p>&nbsp;<\/p>\n<p>&nbsp;<\/p>\n<p>&nbsp;<\/p>\n<p>&nbsp;<\/p>\n<div role=\"form\" class=\"wpcf7\" id=\"wpcf7-f4245-o1\" lang=\"lt-LT\" dir=\"ltr\">\n<div class=\"screen-reader-response\"><\/div>\n<form action=\"\/index.php?rest_route=%2Fwp%2Fv2%2Fpages%2F171#wpcf7-f4245-o1\" method=\"post\" class=\"wpcf7-form\" novalidate=\"novalidate\">\n<div style=\"display: none;\">\n<input type=\"hidden\" name=\"_wpcf7\" value=\"4245\" \/>\n<input type=\"hidden\" name=\"_wpcf7_version\" value=\"4.7\" \/>\n<input type=\"hidden\" name=\"_wpcf7_locale\" value=\"lt_LT\" \/>\n<input type=\"hidden\" name=\"_wpcf7_unit_tag\" value=\"wpcf7-f4245-o1\" \/>\n<input type=\"hidden\" name=\"_wpnonce\" value=\"526edc3c66\" \/>\n<\/div>\n<p>J\u016bs\u0173 vardas (b\u016btina)<br \/>\n    <span class=\"wpcf7-form-control-wrap your-name\"><input type=\"text\" name=\"your-name\" value=\"\" size=\"40\" class=\"wpcf7-form-control wpcf7-text wpcf7-validates-as-required\" aria-required=\"true\" aria-invalid=\"false\" \/><\/span> <\/p>\n<p>J\u016bs\u0173 el. pa\u0161to adresas (b\u016btina)<br \/>\n    <span class=\"wpcf7-form-control-wrap your-email\"><input type=\"email\" name=\"your-email\" value=\"\" size=\"40\" class=\"wpcf7-form-control wpcf7-text wpcf7-email wpcf7-validates-as-required wpcf7-validates-as-email\" aria-required=\"true\" aria-invalid=\"false\" \/><\/span> <\/p>\n<p>Tema<br \/>\n    <span class=\"wpcf7-form-control-wrap your-subject\"><input type=\"text\" name=\"your-subject\" value=\"\" size=\"40\" class=\"wpcf7-form-control wpcf7-text\" aria-invalid=\"false\" \/><\/span> <\/p>\n<p>J\u016bs\u0173 \u017einut\u0117<br \/>\n    <span class=\"wpcf7-form-control-wrap your-message\"><textarea name=\"your-message\" cols=\"40\" rows=\"10\" class=\"wpcf7-form-control wpcf7-textarea\" aria-invalid=\"false\"><\/textarea><\/span> <\/p>\n<p><input type=\"submit\" value=\"Si\u0173sti\" class=\"wpcf7-form-control wpcf7-submit\" \/><\/p>\n<div class=\"wpcf7-response-output wpcf7-display-none\"><\/div><\/form><\/div>\n<\/div>\n","protected":false},"excerpt":{"rendered":"<p>Trampolio g. 5 &nbsp; LT-02232 Vilnius Tel.&nbsp; +370 5 264 5190 el.p.&nbsp;rastine@vokes.vilnius.lm.lt \u017dem\u0117lapis: &nbsp; &nbsp; &nbsp; &nbsp; &nbsp; &nbsp;<\/p>\n","protected":false},"author":1,"featured_media":0,"parent":27,"menu_order":1,"comment_status":"closed","ping_status":"closed","template":"","meta":{"footnotes":""},"class_list":["post-171","page","type-page","status-publish"],"_links":{"self":[{"href":"https:\/\/www.vokes.vilnius.lm.lt\/index.php?rest_route=\/wp\/v2\/pages\/171","targetHints":{"allow":["GET"]}}],"collection":[{"href":"https:\/\/www.vokes.vilnius.lm.lt\/index.php?rest_route=\/wp\/v2\/pages"}],"about":[{"href":"https:\/\/www.vokes.vilnius.lm.lt\/index.php?rest_route=\/wp\/v2\/types\/page"}],"author":[{"embeddable":true,"href":"https:\/\/www.vokes.vilnius.lm.lt\/index.php?rest_route=\/wp\/v2\/users\/1"}],"replies":[{"embeddable":true,"href":"https:\/\/www.vokes.vilnius.lm.lt\/index.php?rest_route=%2Fwp%2Fv2%2Fcomments&post=171"}],"version-history":[{"count":26,"href":"https:\/\/www.vokes.vilnius.lm.lt\/index.php?rest_route=\/wp\/v2\/pages\/171\/revisions"}],"predecessor-version":[{"id":26673,"href":"https:\/\/www.vokes.vilnius.lm.lt\/index.php?rest_route=\/wp\/v2\/pages\/171\/revisions\/26673"}],"up":[{"embeddable":true,"href":"https:\/\/www.vokes.vilnius.lm.lt\/index.php?rest_route=\/wp\/v2\/pages\/27"}],"wp:attachment":[{"href":"https:\/\/www.vokes.vilnius.lm.lt\/index.php?rest_route=%2Fwp%2Fv2%2Fmedia&parent=171"}],"curies":[{"name":"wp","href":"https:\/\/api.w.org\/{rel}","templated":true}]}}