{"id":125,"date":"2012-12-02T15:01:23","date_gmt":"2012-12-02T15:01:23","guid":{"rendered":"http:\/\/www2156.vu.lt\/?page_id=125"},"modified":"2026-03-06T13:55:36","modified_gmt":"2026-03-06T11:55:36","slug":"logopedes","status":"publish","type":"page","link":"https:\/\/www.vokes.vilnius.lm.lt\/?page_id=125","title":{"rendered":"Logopedas"},"content":{"rendered":"<div class=\"entry\">\n\n<p style=\"text-align: center;\"><span style=\"font-family: 'times new roman', times, serif; font-size: 14pt;\"><strong>LOGOPEDO ROLANDO MOCKAUS<br \/>DARBO GRAFIKAS<br \/><\/strong><\/span><span style=\"font-family: 'times new roman', times, serif; font-size: 14pt;\"><strong>2025-2026 m.m.<\/strong><\/span><\/p>\n<table style=\"width: 700px;\">\n<tbody>\n<tr>\n<td style=\"width: 120px;\"><span style=\"font-family: 'times new roman', times, serif; font-size: 14pt;\">Savait\u0117s diena<\/span><\/td>\n<td style=\"width: 706.234px;\" colspan=\"8\"><span style=\"font-family: 'times new roman', times, serif; font-size: 14pt;\">LAIKAS<\/span><\/td>\n<\/tr>\n<tr>\n<td style=\"width: 120px;\"><span style=\"font-family: 'times new roman', times, serif; font-size: 14pt;\">Pirmadienis<\/span><\/td>\n<td style=\"width: 60px;\"><span style=\"font-family: 'times new roman', times, serif; font-size: 12pt;\">11.00-11.50<\/span><\/td>\n<td style=\"width: 244.188px;\" colspan=\"2\"><span style=\"font-family: 'times new roman', times, serif; font-size: 12pt;\">12.30-12.50<\/span><\/td>\n<td style=\"width: 116.047px;\"><span style=\"font-family: 'times new roman', times, serif; font-size: 12pt;\">12.55-13.15<\/span><\/td>\n<td style=\"width: 75px;\"><span style=\"font-family: 'times new roman', times, serif; font-size: 12pt;\">13.20 \u2013 13.35<\/span><\/td>\n<td style=\"width: 75px;\"><span style=\"font-family: 'times new roman', times, serif; font-size: 12pt;\">13.40 &#8211; 14.00<\/span><\/td>\n<td style=\"width: 59px;\"><span style=\"font-size: 12pt;\">\u00a0<\/span><\/td>\n<td style=\"width: 77px;\"><span style=\"font-size: 12pt;\">\u00a0<\/span><\/td>\n<\/tr>\n<tr>\n<td style=\"width: 120px;\"><span style=\"font-family: 'times new roman', times, serif; font-size: 14pt;\">Antradienis<\/span><\/td>\n<td style=\"width: 60px;\"><span style=\"font-family: 'times new roman', times, serif; font-size: 12pt;\">8:55- 9:40\u00a0\u00a0<\/span><\/td>\n<td style=\"width: 244.188px;\" colspan=\"2\"><span style=\"font-family: 'times new roman', times, serif; font-size: 12pt;\">12:30- 12:50\u00a0<\/span><\/td>\n<td style=\"width: 116.047px;\"><span style=\"font-family: 'times new roman', times, serif; font-size: 12pt;\">12:55- 13:10<\/span><\/td>\n<td style=\"width: 75px;\"><span style=\"font-family: 'times new roman', times, serif; font-size: 12pt;\">13:15- 13:35\u00a0<\/span><\/td>\n<td style=\"width: 75px;\"><span style=\"font-family: 'times new roman', times, serif; font-size: 12pt;\">13:40- 14:00<\/span><\/td>\n<td style=\"width: 59px;\"><span style=\"font-size: 12pt;\">\u00a0<\/span><\/td>\n<td style=\"width: 77px;\"><span style=\"font-size: 12pt;\">\u00a0<\/span><\/td>\n<\/tr>\n<tr>\n<td style=\"width: 120px;\"><span style=\"font-family: 'times new roman', times, serif; font-size: 14pt;\">Tre\u010diadienis<\/span><\/td>\n<td style=\"width: 60px;\"><span style=\"font-family: 'times new roman', times, serif; font-size: 12pt;\">8:55- 9:40<\/span><\/td>\n<td style=\"width: 74px;\"><span style=\"font-family: 'times new roman', times, serif; font-size: 12pt;\">9:50- 10:35<\/span><\/td>\n<td style=\"width: 286.234px;\" colspan=\"2\"><span style=\"font-family: 'times new roman', times, serif; font-size: 12pt;\">10:40- 11:50<\/span><\/td>\n<td style=\"width: 75px;\"><span style=\"font-family: 'times new roman', times, serif; font-size: 12pt;\">12:30- 12:45<\/span><\/td>\n<td style=\"width: 75px;\"><span style=\"font-family: 'times new roman', times, serif; font-size: 12pt;\">12:50- 13:10<\/span><\/td>\n<td style=\"width: 59px;\"><span style=\"font-family: 'times new roman', times, serif; font-size: 12pt;\">13:15- 13:40<\/span><\/td>\n<td style=\"width: 77px;\"><span style=\"font-family: 'times new roman', times, serif; font-size: 12pt;\">13:45- 14:00<\/span><\/td>\n<\/tr>\n<tr>\n<td style=\"width: 120px;\"><span style=\"font-family: 'times new roman', times, serif; font-size: 14pt;\">Ketvirtadienis<\/span><\/td>\n<td style=\"width: 60px;\"><span style=\"font-family: 'times new roman', times, serif; font-size: 12pt;\">8:55- 9:40<\/span><\/td>\n<td style=\"width: 74px;\"><span style=\"font-family: 'times new roman', times, serif; font-size: 12pt;\">11:00- 11:50<\/span><\/td>\n<td style=\"width: 286.234px;\" colspan=\"2\"><span style=\"font-family: 'times new roman', times, serif; font-size: 12pt;\">12:30- 12:50<\/span><\/td>\n<td style=\"width: 75px;\"><span style=\"font-family: 'times new roman', times, serif; font-size: 12pt;\">12:55- 13:15 <\/span><\/td>\n<td style=\"width: 75px;\"><span style=\"font-family: 'times new roman', times, serif; font-size: 12pt;\">13:20- 13:35<\/span><\/td>\n<td style=\"width: 59px;\"><span style=\"font-family: 'times new roman', times, serif; font-size: 12pt;\">13:40- 14:00<\/span><\/td>\n<td style=\"width: 77px;\"><span style=\"font-size: 12pt;\">\u00a0<\/span><\/td>\n<\/tr>\n<tr>\n<td style=\"width: 120px;\"><span style=\"font-family: 'times new roman', times, serif; font-size: 14pt;\">Penktadienis<\/span><\/td>\n<td style=\"width: 60px;\"><span style=\"font-family: 'times new roman', times, serif; font-size: 12pt;\">8:55- 9:40 <\/span><\/td>\n<td style=\"width: 74px;\"><span style=\"font-family: 'times new roman', times, serif; font-size: 12pt;\">12:30- 12:45<\/span><\/td>\n<td style=\"width: 286.234px;\" colspan=\"2\"><span style=\"font-family: 'times new roman', times, serif; font-size: 12pt;\">12:50- 13:10 <\/span><\/td>\n<td style=\"width: 75px;\"><span style=\"font-family: 'times new roman', times, serif; font-size: 12pt;\">13:15- 13:30<\/span><\/td>\n<td style=\"width: 75px;\"><span style=\"font-family: 'times new roman', times, serif; font-size: 12pt;\">13:35- 14:00<\/span><\/td>\n<td style=\"width: 59px;\"><span style=\"font-size: 12pt;\">\u00a0<\/span><\/td>\n<td style=\"width: 77px;\"><span style=\"font-size: 12pt;\">\u00a0<\/span><\/td>\n<\/tr>\n<\/tbody>\n<\/table>\n<p>\u00a0<\/p>\n<p style=\"text-align: center;\"><span style=\"font-family: 'times new roman', times, serif; font-size: 14pt;\"><strong>LOGOPED\u0116S EDITOS\u00a0STRI\u0160KIEN\u0116S<br \/><\/strong><strong>DARBO GRAFIKAS<br \/><\/strong><strong>2025\u20132026 m. m.<\/strong><\/span><\/p>\n<table style=\"width: 667px;\">\n<tbody>\n<tr>\n<td style=\"width: 102px; text-align: center;\"><span style=\"font-family: 'times new roman', times, serif; font-size: 14pt;\">Savait\u0117s diena<\/span><\/td>\n<td style=\"width: 340.238px; text-align: center;\" colspan=\"2\"><span style=\"font-family: 'times new roman', times, serif; font-size: 14pt;\">Darbo laikas<\/span>\n<p><span style=\"font-family: 'times new roman', times, serif; font-size: 14pt;\">(kontaktin\u0117s valandos)<\/span><\/p>\n<\/td>\n<td style=\"width: 163.712px; text-align: center;\"><span style=\"font-family: 'times new roman', times, serif; font-size: 14pt;\">Darbo laikas<\/span>\n<p><span style=\"font-family: 'times new roman', times, serif; font-size: 14pt;\">(nekontaktin\u0117s valandos)<\/span><\/p>\n<\/td>\n<td style=\"width: 77px; text-align: center;\"><span style=\"font-family: 'times new roman', times, serif; font-size: 14pt;\">Piet\u0173 pertrauka<\/span><\/td>\n<\/tr>\n<tr>\n<td style=\"width: 102px; text-align: center;\"><span style=\"font-family: 'times new roman', times, serif; font-size: 14pt;\">Pirmadienis<\/span><\/td>\n<td style=\"width: 340.238px; text-align: center;\" colspan=\"2\"><span style=\"font-family: 'times new roman', times, serif; font-size: 14pt;\">8.00\u201317.30<\/span><\/td>\n<td style=\"width: 163.712px; text-align: center;\"><span style=\"font-family: 'times new roman', times, serif; font-size: 14pt;\">7.00\u20138.00<\/span><br \/><span style=\"font-family: 'times new roman', times, serif; font-size: 14pt;\">17.30\u201321.00 <\/span><\/td>\n<td style=\"width: 77px; text-align: center;\"><span style=\"font-family: 'times new roman', times, serif; font-size: 14pt;\">12.00 \u2013 12.30<\/span><\/td>\n<\/tr>\n<tr>\n<td style=\"width: 102px; text-align: center;\"><span style=\"font-family: 'times new roman', times, serif; font-size: 14pt;\">Antradienis<\/span><\/td>\n<td style=\"width: 340.238px; text-align: center;\" colspan=\"2\"><span style=\"font-family: 'times new roman', times, serif; font-size: 14pt;\">8.00\u201317.30<\/span><\/td>\n<td style=\"width: 163.712px; text-align: center;\"><span style=\"font-family: 'times new roman', times, serif; font-size: 14pt;\">7.00\u20138.00<\/span><br \/><span style=\"font-family: 'times new roman', times, serif; font-size: 14pt;\">17.30\u201321.00 <\/span><\/td>\n<td style=\"width: 77px; text-align: center;\"><span style=\"font-family: 'times new roman', times, serif; font-size: 14pt;\">12.00\u201312.30\u00a0<\/span><\/td>\n<\/tr>\n<tr>\n<td style=\"width: 102px; text-align: center;\"><span style=\"font-family: 'times new roman', times, serif; font-size: 14pt;\">Tre\u010diadienis<\/span><\/td>\n<td style=\"width: 151px; text-align: center;\"><span style=\"font-family: 'times new roman', times, serif; font-size: 14pt;\">&#8211;<\/span><\/td>\n<td style=\"width: 352.95px; text-align: center;\" colspan=\"2\"><span style=\"font-family: 'times new roman', times, serif; font-size: 14pt;\">&#8211;<\/span><\/td>\n<td style=\"width: 77px; text-align: center;\"><span style=\"font-family: 'times new roman', times, serif; font-size: 14pt;\">\u00a0&#8211;<\/span><\/td>\n<\/tr>\n<tr>\n<td style=\"width: 102px; text-align: center;\"><span style=\"font-family: 'times new roman', times, serif; font-size: 14pt;\">Ketvirtadienis<\/span><\/td>\n<td style=\"width: 151px; text-align: center;\"><span style=\"font-family: 'times new roman', times, serif; font-size: 14pt;\">&#8211;<\/span><\/td>\n<td style=\"width: 352.95px; text-align: center;\" colspan=\"2\"><span style=\"font-family: 'times new roman', times, serif; font-size: 14pt;\">12.30\u201321.30<\/span><\/td>\n<td style=\"width: 77px; text-align: center;\"><span style=\"font-family: 'times new roman', times, serif; font-size: 14pt;\">&#8211;<\/span><\/td>\n<\/tr>\n<tr>\n<td style=\"width: 102px; text-align: center;\"><span style=\"font-family: 'times new roman', times, serif; font-size: 14pt;\">Penktadienis<\/span><\/td>\n<td style=\"width: 151px; text-align: center;\"><span style=\"font-family: 'times new roman', times, serif; font-size: 14pt;\">&#8211;<\/span><\/td>\n<td style=\"width: 352.95px; text-align: center;\" colspan=\"2\"><span style=\"font-family: 'times new roman', times, serif; font-size: 14pt;\">&#8211;<\/span><\/td>\n<td style=\"width: 77px; text-align: center;\"><span style=\"font-family: 'times new roman', times, serif; font-size: 14pt;\">&#8211;<\/span><\/td>\n<\/tr>\n<\/tbody>\n<\/table>\n<p><strong>\u00a0<\/strong><\/p>\n<p style=\"text-align: center;\"><span style=\"font-family: 'times new roman', times, serif; font-size: 14pt;\"><strong>LOGOPED\u0116S IRMOS SIMANAVI\u010cIEN\u0116S<br \/><\/strong><\/span><span style=\"font-family: 'times new roman', times, serif; font-size: 14pt;\"><strong>DARBO GRAFIKAS<br \/>2025\u20132026 m. m.<br \/><\/strong><\/span><\/p>\n<p style=\"text-align: center;\"><span style=\"font-family: 'times new roman', times, serif; font-size: 14pt;\"><strong>Ketvirtadieniais:<\/strong><\/span><\/p>\n<p style=\"text-align: center;\"><span style=\"font-family: 'times new roman', times, serif; font-size: 14pt;\">13:30 \u2013 18:00<\/span><\/p>\n<p>\u00a0<\/p>\n<p style=\"text-align: center;\"><span style=\"font-family: 'times new roman', times, serif; font-size: 14pt;\"><strong>LOGOPED\u0116S GINTAR\u0116S VENCK\u016aNIEN\u0116S (0,25 ET.)<br \/><\/strong><\/span><span style=\"font-family: 'times new roman', times, serif; font-size: 14pt;\"><strong>DARBO GRAFIKAS<br \/>2025\u20132026 m. m.<\/strong><\/span><\/p>\n<table class=\" aligncenter\" width=\"578\">\n<tbody>\n<tr>\n<td style=\"width: 167.812px; text-align: center;\">\n<p><span style=\"font-family: 'times new roman', times, serif; font-size: 14pt;\">Diena<\/span><\/p>\n<\/td>\n<td style=\"width: 129.087px; text-align: center;\">\n<p><span style=\"font-family: 'times new roman', times, serif; font-size: 14pt;\">Kontaktin\u0117s valandos<\/span><\/p>\n<\/td>\n<td style=\"width: 138px; text-align: center;\">\n<p><span style=\"font-family: 'times new roman', times, serif; font-size: 14pt;\">Nekontaktin\u0117s valandos<\/span><\/p>\n<\/td>\n<td style=\"width: 119.1px; text-align: center;\">\n<p><span style=\"font-family: 'times new roman', times, serif; font-size: 14pt;\">Piet\u0173 pertrauka<\/span><\/p>\n<\/td>\n<\/tr>\n<tr>\n<td style=\"width: 167.812px; text-align: center;\">\n<p><span style=\"font-family: 'times new roman', times, serif; font-size: 14pt;\">Penktadienis<\/span><\/p>\n<\/td>\n<td style=\"width: 129.087px; text-align: center;\">\n<p><span style=\"font-family: 'times new roman', times, serif; font-size: 14pt;\">8.30\u201313.00<\/span><\/p>\n<\/td>\n<td style=\"width: 138px; text-align: center;\">\n<p><span style=\"font-family: 'times new roman', times, serif; font-size: 14pt;\">14.00-18.30<\/span><\/p>\n<\/td>\n<td style=\"width: 119.1px; text-align: center;\">\n<p><span style=\"font-family: 'times new roman', times, serif; font-size: 14pt;\">13.00\u201314.00<\/span><\/p>\n<\/td>\n<\/tr>\n<tr>\n<td style=\"width: 167.812px; text-align: center;\">\n<p><span style=\"font-family: 'times new roman', times, serif; font-size: 14pt;\">I\u0161 viso per savait\u0119<\/span><\/p>\n<\/td>\n<td style=\"width: 129.087px; text-align: center;\">\n<p><span style=\"font-family: 'times new roman', times, serif; font-size: 14pt;\">4.30 val.<\/span><\/p>\n<\/td>\n<td style=\"width: 138px; text-align: center;\">\n<p><span style=\"font-family: 'times new roman', times, serif; font-size: 14pt;\">4.30 val.<\/span><\/p>\n<\/td>\n<td style=\"width: 119.1px; text-align: center;\">\n<p style=\"text-align: center;\">\u00a0<\/p>\n<\/td>\n<\/tr>\n<\/tbody>\n<\/table>\n<p>\u00a0<\/p>\n\n\n<p><\/p>\n\n\n\n<p><\/p>\n\n\n<\/div>","protected":false},"excerpt":{"rendered":"<p>LOGOPEDO ROLANDO MOCKAUSDARBO GRAFIKAS2025-2026 m.m. Savait\u0117s diena LAIKAS Pirmadienis 11.00-11.50 12.30-12.50 12.55-13.15 13.20 \u2013 13.35 13.40 &#8211; 14.00 \u00a0 \u00a0 Antradienis 8:55- 9:40\u00a0\u00a0 12:30- 12:50\u00a0 12:55- 13:10 13:15- 13:35\u00a0 13:40- 14:00 \u00a0 \u00a0 Tre\u010diadienis 8:55- 9:40 9:50- 10:35 10:40- 11:50 12:30- 12:45 12:50- 13:10 13:15- 13:40 13:45- 14:00 Ketvirtadienis 8:55- 9:40 11:00- 11:50 12:30- 12:50 &#8230;<\/p>\n","protected":false},"author":1,"featured_media":0,"parent":19,"menu_order":11,"comment_status":"closed","ping_status":"closed","template":"","meta":{"footnotes":""},"class_list":["post-125","page","type-page","status-publish"],"_links":{"self":[{"href":"https:\/\/www.vokes.vilnius.lm.lt\/index.php?rest_route=\/wp\/v2\/pages\/125","targetHints":{"allow":["GET"]}}],"collection":[{"href":"https:\/\/www.vokes.vilnius.lm.lt\/index.php?rest_route=\/wp\/v2\/pages"}],"about":[{"href":"https:\/\/www.vokes.vilnius.lm.lt\/index.php?rest_route=\/wp\/v2\/types\/page"}],"author":[{"embeddable":true,"href":"https:\/\/www.vokes.vilnius.lm.lt\/index.php?rest_route=\/wp\/v2\/users\/1"}],"replies":[{"embeddable":true,"href":"https:\/\/www.vokes.vilnius.lm.lt\/index.php?rest_route=%2Fwp%2Fv2%2Fcomments&post=125"}],"version-history":[{"count":54,"href":"https:\/\/www.vokes.vilnius.lm.lt\/index.php?rest_route=\/wp\/v2\/pages\/125\/revisions"}],"predecessor-version":[{"id":27120,"href":"https:\/\/www.vokes.vilnius.lm.lt\/index.php?rest_route=\/wp\/v2\/pages\/125\/revisions\/27120"}],"up":[{"embeddable":true,"href":"https:\/\/www.vokes.vilnius.lm.lt\/index.php?rest_route=\/wp\/v2\/pages\/19"}],"wp:attachment":[{"href":"https:\/\/www.vokes.vilnius.lm.lt\/index.php?rest_route=%2Fwp%2Fv2%2Fmedia&parent=125"}],"curies":[{"name":"wp","href":"https:\/\/api.w.org\/{rel}","templated":true}]}}