{"id":121,"date":"2012-12-02T14:59:09","date_gmt":"2012-12-02T14:59:09","guid":{"rendered":"http:\/\/www2156.vu.lt\/?page_id=121"},"modified":"2025-11-17T13:09:54","modified_gmt":"2025-11-17T11:09:54","slug":"socialines-pedagoges","status":"publish","type":"page","link":"https:\/\/www.vokes.vilnius.lm.lt\/?page_id=121","title":{"rendered":"Socialinis pedagogas"},"content":{"rendered":"<div class=\"entry\">\n<p style=\"text-align: center;\">&nbsp;<\/p>\n<p style=\"text-align: center;\"><strong><span style=\"font-family: 'times new roman', times, serif;\">TADAS MINDAUGAS MATIJO\u0160AITIS<\/span><\/strong><\/p>\n<p style=\"text-align: center;\"><strong><span style=\"font-family: 'times new roman', times, serif;\">2025\u20132026 M. M. DARBO GRAFIKAS<\/span><\/strong><\/p>\n<table>\n<tbody>\n<tr style=\"height: 22px;\">\n<td style=\"width: 0px; height: 22px;\"><span style=\"font-family: 'times new roman', times, serif; font-size: 12pt;\">&nbsp;<\/span><\/td>\n<td style=\"width: 0px; height: 22px;\"><span style=\"font-family: 'times new roman', times, serif; font-size: 12pt;\">Pirmadienis<\/span><\/td>\n<td style=\"width: 0px; height: 22px;\"><span style=\"font-family: 'times new roman', times, serif; font-size: 12pt;\">Antradienis<\/span><\/td>\n<td style=\"width: 0px; height: 22px;\"><span style=\"font-family: 'times new roman', times, serif; font-size: 12pt;\">Tre\u010diadienis<\/span><\/td>\n<td style=\"width: 0px; height: 22px;\"><span style=\"font-family: 'times new roman', times, serif; font-size: 12pt;\">Ketvirtadienis<\/span><\/td>\n<td style=\"width: 0px; height: 22px;\"><span style=\"font-family: 'times new roman', times, serif; font-size: 12pt;\">Penktadienis<\/span><\/td>\n<\/tr>\n<tr style=\"height: 89px;\">\n<td style=\"width: 0px; height: 89px;\"><span style=\"font-family: 'times new roman', times, serif; font-size: 12pt;\">Kontaktin\u0117s darbo valandos<\/span><\/td>\n<td style=\"width: 0px; height: 89px; text-align: center;\"><span style=\"font-family: 'times new roman', times, serif;\">7.30 &#8211; 13.30<br \/>\n<\/span><\/td>\n<td style=\"width: 0px; height: 89px; text-align: center;\"><span style=\"font-family: 'times new roman', times, serif;\">7.00 &#8211; 11.00<br \/>\n<\/span><\/td>\n<td style=\"width: 0px; height: 89px; text-align: center;\"><span style=\"font-family: 'times new roman', times, serif;\">7.30 &#8211; 13.30<br \/>\n<\/span><\/td>\n<td style=\"width: 0px; height: 89px; text-align: center;\"><span style=\"font-family: 'times new roman', times, serif;\">7.30 &#8211; 13.30<br \/>\n<\/span><\/td>\n<td style=\"width: 0px; height: 89px; text-align: center;\"><span style=\"font-family: 'times new roman', times, serif;\">&#8211;<\/span><\/td>\n<\/tr>\n<tr style=\"height: 67.8px;\">\n<td style=\"width: 0px; height: 67.8px;\"><span style=\"font-family: 'times new roman', times, serif; font-size: 12pt;\">Nekontaktin\u0117s darbo valandos<\/span><\/td>\n<td style=\"width: 0px; height: 67.8px; text-align: center;\"><span style=\"font-family: 'times new roman', times, serif;\">17.00 &#8211; 20.00<\/span><\/td>\n<td style=\"width: 0px; height: 67.8px; text-align: center;\"><span style=\"font-family: 'times new roman', times, serif;\">17.00 &#8211; 20.00<\/span><\/td>\n<td style=\"width: 0px; height: 67.8px; text-align: center;\"><span style=\"font-family: 'times new roman', times, serif;\">13.30 &#8211; 16.00<\/span><\/td>\n<td style=\"width: 0px; height: 67.8px; text-align: center;\"><span style=\"font-family: 'times new roman', times, serif;\">&#8211;<\/span><\/td>\n<td style=\"width: 0px; height: 67.8px; text-align: center;\"><span style=\"font-family: 'times new roman', times, serif;\">8.00 &#8211; 12.30<\/span><\/td>\n<\/tr>\n<tr style=\"height: 89px;\">\n<td style=\"width: 0px; height: 89px;\"><span style=\"font-family: 'times new roman', times, serif; font-size: 12pt;\">I\u0161 viso darbo valand\u0173 skai\u010dius per dien\u0105<\/span><\/td>\n<td style=\"width: 0px; height: 89px; text-align: center;\"><span style=\"font-family: 'times new roman', times, serif;\">8:30 val.<\/span><\/td>\n<td style=\"width: 0px; height: 89px; text-align: center;\"><span style=\"font-family: 'times new roman', times, serif;\">7 val.<\/span><\/td>\n<td style=\"width: 0px; height: 89px; text-align: center;\"><span style=\"font-family: 'times new roman', times, serif;\">8:30 val.<\/span><\/td>\n<td style=\"width: 0px; height: 89px; text-align: center;\"><span style=\"font-family: 'times new roman', times, serif;\">7:30 val.<\/span><\/td>\n<td style=\"width: 0px; height: 89px; text-align: center;\"><span style=\"font-family: 'times new roman', times, serif;\"><span style=\"font-family: 'times new roman', times, serif;\">4:30 val.<\/span><\/span><\/td>\n<\/tr>\n<tr style=\"height: 89px;\">\n<td style=\"width: 0px; height: 89px;\"><span style=\"font-family: 'times new roman', times, serif; font-size: 12pt;\">I\u0161 viso darbo valand\u0173 skai\u010dius per savait\u0119<\/span><\/td>\n<td style=\"width: 0px; height: 89px; text-align: center;\" colspan=\"5\"><span style=\"font-family: 'times new roman', times, serif; font-size: 12pt;\">36<\/span><\/td>\n<\/tr>\n<\/tbody>\n<\/table>\n<p style=\"text-align: center;\">&nbsp;<\/p>\n<\/div>\n","protected":false},"excerpt":{"rendered":"<p>&nbsp; TADAS MINDAUGAS MATIJO\u0160AITIS 2025\u20132026 M. M. DARBO GRAFIKAS &nbsp; Pirmadienis Antradienis Tre\u010diadienis Ketvirtadienis Penktadienis Kontaktin\u0117s darbo valandos 7.30 &#8211; 13.30 7.00 &#8211; 11.00 7.30 &#8211; 13.30 7.30 &#8211; 13.30 &#8211; Nekontaktin\u0117s darbo valandos 17.00 &#8211; 20.00 17.00 &#8211; 20.00 13.30 &#8211; 16.00 &#8211; 8.00 &#8211; 12.30 I\u0161 viso darbo valand\u0173 skai\u010dius per dien\u0105 8:30 &#8230;<\/p>\n","protected":false},"author":1,"featured_media":0,"parent":19,"menu_order":8,"comment_status":"closed","ping_status":"closed","template":"","meta":{"footnotes":""},"class_list":["post-121","page","type-page","status-publish"],"_links":{"self":[{"href":"https:\/\/www.vokes.vilnius.lm.lt\/index.php?rest_route=\/wp\/v2\/pages\/121","targetHints":{"allow":["GET"]}}],"collection":[{"href":"https:\/\/www.vokes.vilnius.lm.lt\/index.php?rest_route=\/wp\/v2\/pages"}],"about":[{"href":"https:\/\/www.vokes.vilnius.lm.lt\/index.php?rest_route=\/wp\/v2\/types\/page"}],"author":[{"embeddable":true,"href":"https:\/\/www.vokes.vilnius.lm.lt\/index.php?rest_route=\/wp\/v2\/users\/1"}],"replies":[{"embeddable":true,"href":"https:\/\/www.vokes.vilnius.lm.lt\/index.php?rest_route=%2Fwp%2Fv2%2Fcomments&post=121"}],"version-history":[{"count":36,"href":"https:\/\/www.vokes.vilnius.lm.lt\/index.php?rest_route=\/wp\/v2\/pages\/121\/revisions"}],"predecessor-version":[{"id":26112,"href":"https:\/\/www.vokes.vilnius.lm.lt\/index.php?rest_route=\/wp\/v2\/pages\/121\/revisions\/26112"}],"up":[{"embeddable":true,"href":"https:\/\/www.vokes.vilnius.lm.lt\/index.php?rest_route=\/wp\/v2\/pages\/19"}],"wp:attachment":[{"href":"https:\/\/www.vokes.vilnius.lm.lt\/index.php?rest_route=%2Fwp%2Fv2%2Fmedia&parent=121"}],"curies":[{"name":"wp","href":"https:\/\/api.w.org\/{rel}","templated":true}]}}