{"id":115,"date":"2012-12-02T14:57:26","date_gmt":"2012-12-02T14:57:26","guid":{"rendered":"http:\/\/www2156.vu.lt\/?page_id=115"},"modified":"2025-10-03T10:40:14","modified_gmt":"2025-10-03T08:40:14","slug":"klasiu-vadovai","status":"publish","type":"page","link":"https:\/\/www.vokes.vilnius.lm.lt\/?page_id=115","title":{"rendered":"Klasi\u0173 aukl\u0117tojai"},"content":{"rendered":"<div class=\"entry\">\n<p style=\"text-align: center;\"><span style=\"font-family: times new roman,times,serif; font-size: 12pt;\"><b>VILNIAUS TRAK\u0172 VOK\u0116S GIMNAZIJO<\/b><b>S KLASI\u0172 AUKL\u0116TOJAI<\/b><\/span><\/p>\n<p><span style=\"font-family: 'times new roman', times, serif; font-size: 14pt;\">1a kl. \u2013&nbsp;Inga Baublien\u0117&nbsp;<a href=\"mailto:rastine@vokes.vilnius.lm.lt\">rastine@vokes.vilnius.lm.lt<\/a><\/span><\/p>\n<p><span style=\"font-family: 'times new roman', times, serif; font-size: 14pt;\">1b kl. \u2013&nbsp;Ieva Valiukien\u0117&nbsp;<a href=\"mailto:rastine@vokes.vilnius.lm.lt\">rastine@vokes.vilnius.lm.l<\/a><\/span><\/p>\n<p><span style=\"font-family: 'times new roman', times, serif; font-size: 14pt;\">2a kl. \u2013&nbsp;Aist\u0117 Vaik\u0161norien\u0117 <a href=\"mailto:rastine@vokes.vilnius.lm.lt\">rastine@vokes.vilnius.lm.lt<\/a><\/span><\/p>\n<p><span style=\"font-family: 'times new roman', times, serif; font-size: 14pt;\">2b kl. \u2013&nbsp;Rasa Kasperavi\u010di\u016bt\u0117&nbsp;<a href=\"mailto:kasperasa@gmail.com\">kasperasa@gmail.com<\/a><\/span><\/p>\n<p><span style=\"font-family: 'times new roman', times, serif; font-size: 14pt;\">2c kl.&nbsp; \u2013&nbsp;Ina Fomenko \u2013 Volodko&nbsp; <a href=\"mailto:rastine@vokes.vilnius.lm.lt\">rastine@vokes.vilnius.lm.lt<\/a><\/span><\/p>\n<p><span style=\"font-family: 'times new roman', times, serif; font-size: 14pt;\">3a kl. \u2013&nbsp;Irma Babachinien\u0117&nbsp;&nbsp;<a href=\"mailto:rastine@vokes.vilnius.lm.lt\">rastine@vokes.vilnius.lm.lt<\/a><\/span><\/p>\n<p><span style=\"font-family: 'times new roman', times, serif; font-size: 14pt;\">3b kl. \u2013&nbsp;Alvyd\u0117 Vinkevi\u010dien\u0117 &nbsp;<a href=\"mailto:rastine@vokes.vilnius.lm.lt\">rastine@vokes.vilnius.lm.lt<\/a><\/span><\/p>\n<p><span style=\"font-family: 'times new roman', times, serif; font-size: 14pt;\">3c kl.&nbsp;\u2013&nbsp;Daiva Adomaitien\u0117&nbsp; <a href=\"mailto:rastine@vokes.vilnius.lm.lt\">rastine@vokes.vilnius.lm.lt<\/a><\/span><\/p>\n<p><span style=\"font-family: 'times new roman', times, serif; font-size: 14pt;\">4a kl. \u2013&nbsp;Gita V\u0117brien\u0117&nbsp;<a href=\"mailto:rastine@vokes.vilnius.lm.lt\">rastine@vokes.vilnius.lm.lt<\/a><\/span><\/p>\n<p><span style=\"font-family: 'times new roman', times, serif; font-size: 14pt;\">4b kl. \u2013&nbsp;Edita \u017dalien\u0117 &nbsp;<a href=\"mailto:rastine@vokes.vilnius.lm.lt\">rastine@vokes.vilnius.lm.lt<\/a><\/span><\/p>\n<p><span style=\"font-family: 'times new roman', times, serif; font-size: 14pt;\">4c kl. \u2013 Aurelija Lanevsk\u0117&nbsp;<a href=\"mailto:rastine@vokes.vilnius.lm.lt\">rastine@vokes.vilnius.lm.lt<\/a><\/span><\/p>\n<p><span style=\"font-family: 'times new roman', times, serif; font-size: 14pt;\">5a \u2013 Ina Razmislevi\u010dien\u0117&nbsp;<a href=\"mailto:rastine@vokes.vilnius.lm.lt\">rastine@vokes.vilnius.lm.lt<\/a><\/span><\/p>\n<p><span style=\"font-family: 'times new roman', times, serif; font-size: 14pt;\">5b \u2013 Jurgita \u010cekatauskait\u0117&nbsp;<a href=\"mailto:rastine@vokes.vilnius.lm.lt\">rastine@vokes.vilnius.lm.lt<\/a><\/span><\/p>\n<p><span style=\"font-family: 'times new roman', times, serif; font-size: 14pt;\">6a kl.&nbsp;\u2013 Inga Orencait\u0117&nbsp;<a href=\"mailto:rastine@vokes.vilnius.lm.lt\">rastine@vokes.vilnius.lm.lt<\/a><\/span><\/p>\n<p><span style=\"font-family: 'times new roman', times, serif; font-size: 14pt;\">6b kl. \u2013 Brigita Petrulyt\u0117&nbsp;<a href=\"mailto:rastine@vokes.vilnius.lm.lt\">rastine@vokes.vilnius.lm.lt<\/a><\/span><\/p>\n<p><span style=\"font-family: 'times new roman', times, serif; font-size: 14pt;\">7a kl. \u2013&nbsp;Irina U\u017edavinien\u0117&nbsp;<a href=\"mailto:rastine@vokes.vilnius.lm.lt\">rastine@vokes.vilnius.lm.lt<\/a><\/span><\/p>\n<p><span style=\"font-family: 'times new roman', times, serif; font-size: 14pt;\">7b kl. \u2013&nbsp;K\u0119stutis Ba\u010dkis&nbsp;<a href=\"mailto:kestutisbackis@gmail.com\">kestutisbackis@gmail.com<\/a><\/span><\/p>\n<p><span style=\"font-family: 'times new roman', times, serif; font-size: 14pt;\">7c kl. \u2013 Farida Gimbickien\u0117&nbsp;<a href=\"mailto:rastine@vokes.vilnius.lm.lt\">rastine@vokes.vilnius.lm.lt<\/a><\/span><\/p>\n<p><span style=\"font-family: 'times new roman', times, serif; font-size: 14pt;\">8a.kl. \u2013&nbsp;Irina Dobrovolskait\u0117&nbsp;<a href=\"mailto:rastine@vokes.vilnius.lm.lt\">rastine@vokes.vilnius.lm.lt<\/a><\/span><\/p>\n<p><span style=\"font-family: 'times new roman', times, serif; font-size: 14pt;\">8b kl. \u2013&nbsp;Tadas Mindaugas Matijo\u0161aitis&nbsp;<a href=\"mailto:rastine@vokes.vilnius.lm.lt\">rastine@vokes.vilnius.lm.lt<\/a><\/span><\/p>\n<p><span style=\"font-family: 'times new roman', times, serif; font-size: 14pt;\">Ia kl. \u2013&nbsp;Renata Kazlauskien\u0117&nbsp;<a href=\"mailto:rastine@vokes.vilnius.lm.lt\">rastine@vokes.vilnius.lm.lt<\/a><\/span><\/p>\n<p><span style=\"font-family: 'times new roman', times, serif; font-size: 14pt;\">Ib kl. \u2013&nbsp;Kristina \u010ciapien\u0117 &nbsp;<a href=\"mailto:kristinabog1@gmail.com\">kristinabog1@gmail.com<\/a><\/span><\/p>\n<p><span style=\"font-family: 'times new roman', times, serif; font-size: 14pt;\">IIa kl. \u2013&nbsp;Agn\u0117 Avi\u017eienien\u0117&nbsp;<a href=\"mailto:agnesseav@yahoo.com\">agnesseav@yahoo.com<\/a><\/span><\/p>\n<p><span style=\"font-family: 'times new roman', times, serif; font-size: 14pt;\">IIb kl. \u2013&nbsp;Asta Bajer\u010di\u016bt\u0117&nbsp; <a href=\"mailto:rastine@vokes.vilnius.lm.lt\">rastine@vokes.vilnius.lm.lt<\/a><\/span><\/p>\n<p><span style=\"font-family: 'times new roman', times, serif; font-size: 14pt;\">III kl. \u2013 Jolanta Chludokien\u0117 <a href=\"mailto:rastine@vokes.vilnius.lm.lt\">rastine@vokes.vilnius.lm.lt<\/a><\/span><\/p>\n<p><span style=\"font-family: 'times new roman', times, serif; font-size: 14pt;\">IV kl. \u2013&nbsp;Janina Urbonavi\u010dien\u0117&nbsp;<a href=\"mailto:rastine@vokes.vilnius.lm.lt\">rastine@vokes.vilnius.lm.lt<\/a><\/span><\/p>\n<p>&nbsp;<\/p>\n<\/div>\n","protected":false},"excerpt":{"rendered":"<p>VILNIAUS TRAK\u0172 VOK\u0116S GIMNAZIJOS KLASI\u0172 AUKL\u0116TOJAI 1a kl. \u2013&nbsp;Inga Baublien\u0117&nbsp;rastine@vokes.vilnius.lm.lt 1b kl. \u2013&nbsp;Ieva Valiukien\u0117&nbsp;rastine@vokes.vilnius.lm.l 2a kl. \u2013&nbsp;Aist\u0117 Vaik\u0161norien\u0117 rastine@vokes.vilnius.lm.lt 2b kl. \u2013&nbsp;Rasa Kasperavi\u010di\u016bt\u0117&nbsp;kasperasa@gmail.com 2c kl.&nbsp; \u2013&nbsp;Ina Fomenko \u2013 Volodko&nbsp; rastine@vokes.vilnius.lm.lt 3a kl. \u2013&nbsp;Irma Babachinien\u0117&nbsp;&nbsp;rastine@vokes.vilnius.lm.lt 3b kl. \u2013&nbsp;Alvyd\u0117 Vinkevi\u010dien\u0117 &nbsp;rastine@vokes.vilnius.lm.lt 3c kl.&nbsp;\u2013&nbsp;Daiva Adomaitien\u0117&nbsp; rastine@vokes.vilnius.lm.lt 4a kl. \u2013&nbsp;Gita V\u0117brien\u0117&nbsp;rastine@vokes.vilnius.lm.lt 4b kl. \u2013&nbsp;Edita \u017dalien\u0117 &nbsp;rastine@vokes.vilnius.lm.lt 4c kl. \u2013 &#8230;<\/p>\n","protected":false},"author":1,"featured_media":0,"parent":19,"menu_order":5,"comment_status":"closed","ping_status":"closed","template":"","meta":{"footnotes":""},"class_list":["post-115","page","type-page","status-publish"],"_links":{"self":[{"href":"https:\/\/www.vokes.vilnius.lm.lt\/index.php?rest_route=\/wp\/v2\/pages\/115","targetHints":{"allow":["GET"]}}],"collection":[{"href":"https:\/\/www.vokes.vilnius.lm.lt\/index.php?rest_route=\/wp\/v2\/pages"}],"about":[{"href":"https:\/\/www.vokes.vilnius.lm.lt\/index.php?rest_route=\/wp\/v2\/types\/page"}],"author":[{"embeddable":true,"href":"https:\/\/www.vokes.vilnius.lm.lt\/index.php?rest_route=\/wp\/v2\/users\/1"}],"replies":[{"embeddable":true,"href":"https:\/\/www.vokes.vilnius.lm.lt\/index.php?rest_route=%2Fwp%2Fv2%2Fcomments&post=115"}],"version-history":[{"count":53,"href":"https:\/\/www.vokes.vilnius.lm.lt\/index.php?rest_route=\/wp\/v2\/pages\/115\/revisions"}],"predecessor-version":[{"id":25721,"href":"https:\/\/www.vokes.vilnius.lm.lt\/index.php?rest_route=\/wp\/v2\/pages\/115\/revisions\/25721"}],"up":[{"embeddable":true,"href":"https:\/\/www.vokes.vilnius.lm.lt\/index.php?rest_route=\/wp\/v2\/pages\/19"}],"wp:attachment":[{"href":"https:\/\/www.vokes.vilnius.lm.lt\/index.php?rest_route=%2Fwp%2Fv2%2Fmedia&parent=115"}],"curies":[{"name":"wp","href":"https:\/\/api.w.org\/{rel}","templated":true}]}}