{"id":111,"date":"2012-12-02T14:56:17","date_gmt":"2012-12-02T14:56:17","guid":{"rendered":"http:\/\/www2156.vu.lt\/?page_id=111"},"modified":"2025-11-13T11:52:29","modified_gmt":"2025-11-13T09:52:29","slug":"mokiniu-savivalda","status":"publish","type":"page","link":"https:\/\/www.vokes.vilnius.lm.lt\/?page_id=111","title":{"rendered":"Mokini\u0173 savivalda"},"content":{"rendered":"<div class=\"entry\">\n<p><span style=\"font-family: 'times new roman', times, serif; font-size: 14pt;\"><strong>MOKINI\u0172 TARYBA<\/strong><\/span><\/p>\n<p><span style=\"font-family: times new roman,times,serif; font-size: 14pt;\"><strong>GABIJA MOROZAIT\u0116&nbsp;\u2013 Mokini\u0173 tarybos pirminink\u0117, IIb kl. mokin\u0117<\/strong><\/span><\/p>\n<p><span style=\"font-family: times new roman,times,serif; font-size: 14pt;\"><strong>GUST\u0116 EGLYNAIT\u0116&nbsp;\u2013 Mokini\u0173 tarybos pirmininko pavaduotoja, Ib kl. mokin\u0117<\/strong><\/span><\/p>\n<p><span style=\"font-family: 'times new roman', times, serif; font-size: 14pt;\"><strong>AGN\u0116 KALA\u0160NIKOVAIT\u0116&nbsp;\u2013 Mokini\u0173 tarybos pirmininko pavaduotoja, III kl. mokin\u0117<\/strong><\/span><\/p>\n<p><span style=\"font-family: times new roman,times,serif; font-size: 14pt;\"><strong>NARIAI: <\/strong><\/span><\/p>\n<ol>\n<li><span style=\"font-family: 'times new roman', times, serif; font-size: 14pt;\">Greta Morozait\u0117 \u2013 5a kl. mokin\u0117<\/span><\/li>\n<li><span style=\"font-family: 'times new roman', times, serif; font-size: 14pt;\">Un\u0117 Daukantait\u0117&nbsp;\u2013 5b kl. mokin\u0117<\/span><\/li>\n<li><span style=\"font-family: 'times new roman', times, serif; font-size: 14pt;\">Mantas Zalieckas&nbsp;\u2013&nbsp; 6a kl. mokinys<\/span><\/li>\n<li><span style=\"font-family: 'times new roman', times, serif; font-size: 14pt;\">Dominykas Bazys&nbsp;\u2013&nbsp; 6b kl. mokinys<\/span><\/li>\n<li><span style=\"font-family: 'times new roman', times, serif; font-size: 14pt;\">Gust\u0117 \u0160imanskyt\u0117&nbsp;\u2013&nbsp; 7a kl. mokin\u0117<\/span><\/li>\n<li><span style=\"font-family: 'times new roman', times, serif; font-size: 14pt;\">Patricija Gvozdait\u0117&nbsp;\u2013&nbsp; 7b kl. mokin\u0117<\/span><\/li>\n<li><span style=\"font-family: 'times new roman', times, serif; font-size: 14pt;\">Samanta \u0160pakovska \u2013 7c kl. mokin\u0117<\/span><\/li>\n<li><span style=\"font-family: 'times new roman', times, serif; font-size: 14pt;\">Eivil\u0117 Pusva\u0161kyt\u0117&nbsp;\u2013 8a kl. mokin\u0117<\/span><\/li>\n<li><span style=\"font-family: 'times new roman', times, serif; font-size: 14pt;\">Elita Bernotavi\u010di\u016bt\u0117&nbsp;\u2013 8b kl. mokin\u0117<\/span><\/li>\n<li><span style=\"font-family: 'times new roman', times, serif; font-size: 14pt;\">Joana Bogdanovi\u010d&nbsp;\u2013 Ia kl. mokin\u0117<\/span><\/li>\n<li><span style=\"font-family: 'times new roman', times, serif; font-size: 14pt;\">Gust\u0117 Eglynait\u0117&nbsp;\u2013 Ib kl. mokin\u0117<\/span><\/li>\n<li><span style=\"font-family: 'times new roman', times, serif; font-size: 14pt;\">Karolina Herman \u2013 IIa kl. mokin\u0117<\/span><\/li>\n<li><span style=\"font-family: 'times new roman', times, serif; font-size: 14pt;\">Viktoras Razma&nbsp;\u2013 IIb kl. mokinys<\/span><\/li>\n<li><span style=\"font-family: 'times new roman', times, serif; font-size: 14pt;\">Agn\u0117 Kala\u0161nikovait\u0117 \u2013 III kl. mokin\u0117<\/span><span style=\"font-family: 'times new roman', times, serif; font-size: 14pt;\"><br \/>\n<\/span><\/li>\n<li><span style=\"font-family: 'times new roman', times, serif; font-size: 14pt;\">Ieva Kamandulyt\u0117&nbsp;\u2013&nbsp; IV kl. mokin\u0117<br \/>\n<\/span><\/li>\n<\/ol>\n<p>&nbsp;<\/p>\n<p><span style=\"font-family: 'times new roman', times, serif; font-size: 14pt;\"><strong>MOKINI\u0172 ATSTOVAI GIMNAZIJOS TARYBOJE<\/strong><\/span><\/p>\n<ol>\n<li><span style=\"font-family: 'times new roman', times, serif; font-size: 14pt;\">Gabija Morozait\u0117&nbsp;\u2013 IIb kl. mokin\u0117<\/span><\/li>\n<li><span style=\"font-family: 'times new roman', times, serif; font-size: 14pt;\">Gust\u0117 Eglynait\u0117&nbsp;\u2013 Ib kl. mokin\u0117<\/span><\/li>\n<li><span style=\"font-family: 'times new roman', times, serif; font-size: 14pt;\">Kamila Nevero \u2013&nbsp; III kl. mokin\u0117<\/span><\/li>\n<li><span style=\"font-family: 'times new roman', times, serif; font-size: 14pt;\">Agn\u0117 Savickait\u0117 \u2013 III kl. mokin\u0117<\/span><\/li>\n<li><span style=\"font-family: 'times new roman', times, serif; font-size: 14pt;\">Agn\u0117 Kala\u0161nikovait\u0117&nbsp;\u2013 III kl. mokin\u0117<\/span><\/li>\n<\/ol>\n<\/div>\n","protected":false},"excerpt":{"rendered":"<p>MOKINI\u0172 TARYBA GABIJA MOROZAIT\u0116&nbsp;\u2013 Mokini\u0173 tarybos pirminink\u0117, IIb kl. mokin\u0117 GUST\u0116 EGLYNAIT\u0116&nbsp;\u2013 Mokini\u0173 tarybos pirmininko pavaduotoja, Ib kl. mokin\u0117 AGN\u0116 KALA\u0160NIKOVAIT\u0116&nbsp;\u2013 Mokini\u0173 tarybos pirmininko pavaduotoja, III kl. mokin\u0117 NARIAI: Greta Morozait\u0117 \u2013 5a kl. mokin\u0117 Un\u0117 Daukantait\u0117&nbsp;\u2013 5b kl. mokin\u0117 Mantas Zalieckas&nbsp;\u2013&nbsp; 6a kl. mokinys Dominykas Bazys&nbsp;\u2013&nbsp; 6b kl. mokinys Gust\u0117 \u0160imanskyt\u0117&nbsp;\u2013&nbsp; 7a kl. mokin\u0117 &#8230;<\/p>\n","protected":false},"author":1,"featured_media":0,"parent":19,"menu_order":3,"comment_status":"closed","ping_status":"closed","template":"","meta":{"footnotes":""},"class_list":["post-111","page","type-page","status-publish"],"_links":{"self":[{"href":"https:\/\/www.vokes.vilnius.lm.lt\/index.php?rest_route=\/wp\/v2\/pages\/111","targetHints":{"allow":["GET"]}}],"collection":[{"href":"https:\/\/www.vokes.vilnius.lm.lt\/index.php?rest_route=\/wp\/v2\/pages"}],"about":[{"href":"https:\/\/www.vokes.vilnius.lm.lt\/index.php?rest_route=\/wp\/v2\/types\/page"}],"author":[{"embeddable":true,"href":"https:\/\/www.vokes.vilnius.lm.lt\/index.php?rest_route=\/wp\/v2\/users\/1"}],"replies":[{"embeddable":true,"href":"https:\/\/www.vokes.vilnius.lm.lt\/index.php?rest_route=%2Fwp%2Fv2%2Fcomments&post=111"}],"version-history":[{"count":41,"href":"https:\/\/www.vokes.vilnius.lm.lt\/index.php?rest_route=\/wp\/v2\/pages\/111\/revisions"}],"predecessor-version":[{"id":26011,"href":"https:\/\/www.vokes.vilnius.lm.lt\/index.php?rest_route=\/wp\/v2\/pages\/111\/revisions\/26011"}],"up":[{"embeddable":true,"href":"https:\/\/www.vokes.vilnius.lm.lt\/index.php?rest_route=\/wp\/v2\/pages\/19"}],"wp:attachment":[{"href":"https:\/\/www.vokes.vilnius.lm.lt\/index.php?rest_route=%2Fwp%2Fv2%2Fmedia&parent=111"}],"curies":[{"name":"wp","href":"https:\/\/api.w.org\/{rel}","templated":true}]}}