{"id":11090,"date":"2018-03-21T15:27:52","date_gmt":"2018-03-21T13:27:52","guid":{"rendered":"http:\/\/www.vokes.vilnius.lm.lt\/?page_id=11090"},"modified":"2026-02-12T10:29:54","modified_gmt":"2026-02-12T08:29:54","slug":"priemimo-tvarka","status":"publish","type":"page","link":"https:\/\/www.vokes.vilnius.lm.lt\/?page_id=11090","title":{"rendered":"PRI\u0116MIMO TVARKA"},"content":{"rendered":"<div class=\"entry\">\n<p style=\"text-align: justify;\"><span style=\"font-family: 'times new roman', times, serif; font-size: 14pt;\"><strong>Pra\u0161ymai <\/strong>per <strong>e. Sistem\u0105 teikiami tais <\/strong>kalendoriniais <strong>metais, kuriais vaikas:<\/strong><\/span><\/p>\n<ul style=\"text-align: justify;\">\n<li><span style=\"font-family: 'times new roman', times, serif; font-size: 14pt;\">Pradeda lankyti mokykl\u0105;<\/span><\/li>\n<li><span style=\"font-family: 'times new roman', times, serif; font-size: 14pt;\">Kei\u010dia ugdymo program\u0105 (pereina i\u0161 4 klas\u0117s \u012f 5 klas\u0119, i\u0161 8 klas\u0117s \u012f I gimn. klas\u0119 ir i\u0161 II gimn. klas\u0117s \u012f III gimn. klas\u0119);<\/span><\/li>\n<li><span style=\"font-family: 'times new roman', times, serif; font-size: 14pt;\">Pereina mokytis \u012f kit\u0105 mokykl\u0105;<\/span><\/li>\n<li><span style=\"font-family: 'times new roman', times, serif; font-size: 14pt;\">Naujai atvyk\u0119 mokiniai.<\/span><\/li>\n<li style=\"text-align: justify;\"><span style=\"font-family: 'times new roman', times, serif; font-size: 14pt;\"><strong>Kaip pateikti pra\u0161ym\u0105 galite pa\u017ei\u016br\u0117ti filmuot\u0105 med\u017eiag\u0105 \u201eKaip u\u017epildyti ir pateikti pra\u0161ym\u0105\u201c&nbsp;<\/strong><a href=\"https:\/\/svietimas.vilnius.lt\/new\/subsystems\/darzeliai\/files\/mokyklos_project.mp4\" target=\"_blank\" rel=\"noopener noreferrer\"><strong>https:\/\/svietimas.vilnius.lt\/new\/subsystems\/darzeliai\/files\/mokyklos_project.mp4<\/strong><\/a><\/span><\/li>\n<\/ul>\n<p style=\"text-align: justify;\"><span style=\"font-family: 'times new roman', times, serif; font-size: 14pt;\">Pri\u0117mimas Vilniaus mieste <strong>vykdomas teritoriniu principu<\/strong>, t.y. remiantis gyventoj\u0173 deklaruota gyvenam\u0105ja vieta. <strong>Faktin\u0117 gyvenamoji <\/strong>vieta jokios <strong>\u012ftakos <\/strong>pri\u0117mimui <strong>neturi (jokios nuomos sutartys negalioja).<\/strong><\/span><\/p>\n<p style=\"text-align: justify;\"><span style=\"font-family: 'times new roman', times, serif; font-size: 14pt;\">Pra\u0161ymai mokytis nagrin\u0117jami mokyklose <strong>gavus visus pirmumo kriterijus patvirtinan\u010dius dokumentus<\/strong>, kurie pateikiami <strong>tik per e.&nbsp;sistem\u0105 <\/strong>pra\u0161ymo pildymo metu, bet <strong>ne v\u0117liau kaip paskutin\u0119 pra\u0161ymams pateikti skirt\u0105 dien\u0105<\/strong>. Dokumentai pateikti ne per e.&nbsp;sistem\u0105 <strong>yra negaliojantys ir negali b\u016bti u\u017eskaitomi<\/strong>.<\/span><\/p>\n<p style=\"text-align: justify;\"><span style=\"font-family: 'times new roman', times, serif; font-size: 14pt;\">Norint <strong>pav\u0117luotai prid\u0117ti dokumentus<\/strong>, gyventojai turi kreiptis \u012f Vilniaus miesto savivaldyb\u0117s tarybos &nbsp;2022 m. vasario 23 d. sprendimu Nr. 1-1351 patvirtint\u0105 nenumatyt\u0173 atvej\u0173 nagrin\u0117jimo komisij\u0105 ir tik gavus teigiam\u0105 sprendim\u0105, dokumentai gali b\u016bti prisegti prie pra\u0161ymo.<\/span><\/p>\n<p style=\"text-align: justify;\"><span style=\"font-family: 'times new roman', times, serif; font-size: 14pt;\"><strong>Pra\u0161ym\u0173 teikimas u\u017esienio \u0161ali\u0173 pilie\u010diams:<\/strong><\/span><\/p>\n<p style=\"text-align: justify;\"><span style=\"font-family: 'times new roman', times, serif; font-size: 14pt;\">Bendrojo ugdymo specialistai padeda pateikti pra\u0161ym\u0105, <strong>tik tais atvejais kai pra\u0161ymo tiek\u0117jas ar \/ ir vaikas neturi asmens kodo. Visais kitais atvejais pra\u0161ymai nebus tenkinami ir bus gr\u0105\u017einami gyventojams.<br \/>\n<\/strong><strong>Prie u\u017epildytos formos reikalingos dokument\u0173 kopijos <\/strong>(leidimo gyventi, pab\u0117g\u0117lio status\u0105 patvirtinantys dokumentai ar pan., pas\u0173 (pagrindinis ir vizos puslapis) bei gimimo liudijim\u0173 kopijos;<\/span><br \/>\n<span style=\"font-family: 'times new roman', times, serif; font-size: 14pt;\"><strong>Atnaujint\u0105 pra\u0161ymo form\u0105 galima <\/strong>rasti tinklalapyje www.svietimas.vilnius.lt skiltyje \u201eAktuali informacija\u201c arba D.U.K.<\/span><br \/>\n<span style=\"font-family: 'times new roman', times, serif; font-size: 14pt;\">Pra\u0161ymo form\u0105 si\u0173sti <a href=\"mailto:savivaldybe@vilnius.lt\"><strong>savivaldybe@vilnius.lt<\/strong><\/a><strong>.<br \/>\n<\/strong><strong>Aktuali\u0105 informacij\u0105 apie pri\u0117mim\u0105 galima rasti <\/strong><strong>&#8211; <\/strong><a href=\"https:\/\/vilnius.lt\/lt\/savivaldybe\/svietimas-kultura-ir-sportas\/informacija-apie-priemima-i-mokyklas\/\" target=\"_blank\" rel=\"noopener noreferrer\"><strong>https:\/\/vilnius.lt\/lt\/savivaldybe\/svietimas-kultura-ir-sportas\/informacija-apie-priemima-i-mokyklas\/<\/strong><\/a><\/span><\/p>\n<p><span style=\"font-family: 'times new roman', times, serif; font-size: 14pt;\"><a href=\"https:\/\/www.vokes.vilnius.lm.lt\/wp-content\/uploads\/2026\/02\/Grafikas-2026g.pdf\" target=\"_blank\" rel=\"noopener noreferrer\">Pri\u0117mimo \u012f Vilniaus miesto savivaldyb\u0117s bendrojo ugdymo mokyklas per e. sistem\u0105 grafikas<\/a><\/span><\/p>\n<p><span style=\"font-family: 'times new roman', times, serif; font-size: 14pt;\"><a href=\"http:\/\/www.vokes.vilnius.lm.lt\/wp-content\/uploads\/2023\/03\/2023_Priemimas_i_darzelius.pdf\" target=\"_blank\" rel=\"noopener noreferrer\">Vaik\u0173 pri\u0117mimo \u012f Vilniaus miesto savivaldyb\u0117s \u0161vietimo \u012fstaig\u0173 ikimokyklinio ir prie\u0161mokyklinio ugdymo grupes organizavimo tvarkos apra\u0161as<\/a><\/span><\/p>\n<p><span style=\"font-family: 'times new roman', times, serif; font-size: 14pt;\"><a href=\"https:\/\/svietimas.vilnius.lt\/new\/subsystems\/darzeliai\/files\/mokyklos_project.mp4\" target=\"_blank\" rel=\"noopener noreferrer\">Registracija \u012f Vilniaus mokyklas&nbsp;(kaip pateikti pra\u0161ym\u0105)<\/a><\/span><\/p>\n<p><span style=\"font-family: 'times new roman', times, serif; font-size: 14pt;\"><a href=\"http:\/\/www.vokes.vilnius.lm.lt\/wp-content\/uploads\/2024\/03\/Vilniaus_miesto_savivaldybes_tarybos_sprendimas_Nenumatytu-atveju-komisija.pdf\" target=\"_blank\" rel=\"noopener noreferrer\">D\u0117l pri\u0117mimo \u012f Vilniaus miesto savivaldyb\u0117s bendrojo ugdymo mokyklas tvarkos apra\u0161e nenumatyt\u0173 atvej\u0173 nagrin\u0117jimo komisijos sudarymo<\/a><\/span><\/p>\n<p style=\"text-align: justify;\"><span style=\"font-family: 'times new roman', times, serif; font-size: 14pt;\"><a href=\"http:\/\/www.vokes.vilnius.lm.lt\/wp-content\/uploads\/2021\/07\/mokyklos_sutarciu_pasirasymo_instrukcija.pdf\" target=\"_blank\" rel=\"noopener noreferrer\">Elektronini\u0173 mokymosi sutar\u010di\u0173 pasira\u0161ymo instrukcija<\/a><\/span><\/p>\n<p><span style=\"font-family: 'times new roman', times, serif; font-size: 14pt;\"><a href=\"https:\/\/www.vokes.vilnius.lm.lt\/wp-content\/uploads\/2026\/02\/AR_2026-02-03.pdf\" target=\"_blank\" rel=\"noopener noreferrer\">Pri\u0117mimo \u012f Vilniaus miesto savivaldyb\u0117s bendrojo ugdymo mokyklas tvarkos apra\u0161as<\/a><\/span><\/p>\n<p style=\"text-align: justify;\"><span style=\"font-family: 'times new roman', times, serif; font-size: 14pt;\"><a href=\"https:\/\/www.vokes.vilnius.lm.lt\/wp-content\/uploads\/2026\/02\/PRIEMIMO-komisijos-darbo-tvarka-2026.pdf\" target=\"_blank\" rel=\"noopener noreferrer\">Pri\u0117mimo Vilniaus Trak\u0173 Vok\u0117s gimnazijos komisijos darbo tvarka<\/a><\/span><\/p>\n<p><span style=\"font-family: 'times new roman', times, serif; font-size: 14pt;\">Pri\u0117mimimo \u012f Vilniaus Trak\u0173 Vok\u0117s gimnazij\u0105 komisijos sud\u0117tis<\/span><\/p>\n<p><span style=\"font-family: 'times new roman', times, serif; font-size: 14pt;\"><a href=\"https:\/\/www.vokes.vilnius.lm.lt\/wp-content\/uploads\/2026\/02\/Gimnazijos_priemimo_tvarkos_aprasas_galutinis.pdf\" target=\"_blank\" rel=\"noopener noreferrer\">Pri\u0117mimo \u012f Vilniaus Trak\u0173 Vok\u0117s gimnazij\u0105 tvarkos apra\u0161as<\/a><\/span><\/p>\n<p><span style=\"font-family: 'times new roman', times, serif; font-size: 14pt;\"><a href=\"https:\/\/www.vokes.vilnius.lm.lt\/wp-content\/uploads\/2026\/02\/1prieda_PRIEMIMO_KRITERIJAI.pdf\" target=\"_blank\" rel=\"noopener noreferrer\">Apra\u0161o priedas pirmumo kriterijai<\/a><\/span><\/p>\n<\/div>\n","protected":false},"excerpt":{"rendered":"<p>Pra\u0161ymai per e. Sistem\u0105 teikiami tais kalendoriniais metais, kuriais vaikas: Pradeda lankyti mokykl\u0105; Kei\u010dia ugdymo program\u0105 (pereina i\u0161 4 klas\u0117s \u012f 5 klas\u0119, i\u0161 8 klas\u0117s \u012f I gimn. klas\u0119 ir i\u0161 II gimn. klas\u0117s \u012f III gimn. klas\u0119); Pereina mokytis \u012f kit\u0105 mokykl\u0105; Naujai atvyk\u0119 mokiniai. Kaip pateikti pra\u0161ym\u0105 galite pa\u017ei\u016br\u0117ti filmuot\u0105 med\u017eiag\u0105 \u201eKaip &#8230;<\/p>\n","protected":false},"author":1,"featured_media":0,"parent":0,"menu_order":3,"comment_status":"closed","ping_status":"closed","template":"","meta":{"footnotes":""},"class_list":["post-11090","page","type-page","status-publish"],"_links":{"self":[{"href":"https:\/\/www.vokes.vilnius.lm.lt\/index.php?rest_route=\/wp\/v2\/pages\/11090","targetHints":{"allow":["GET"]}}],"collection":[{"href":"https:\/\/www.vokes.vilnius.lm.lt\/index.php?rest_route=\/wp\/v2\/pages"}],"about":[{"href":"https:\/\/www.vokes.vilnius.lm.lt\/index.php?rest_route=\/wp\/v2\/types\/page"}],"author":[{"embeddable":true,"href":"https:\/\/www.vokes.vilnius.lm.lt\/index.php?rest_route=\/wp\/v2\/users\/1"}],"replies":[{"embeddable":true,"href":"https:\/\/www.vokes.vilnius.lm.lt\/index.php?rest_route=%2Fwp%2Fv2%2Fcomments&post=11090"}],"version-history":[{"count":92,"href":"https:\/\/www.vokes.vilnius.lm.lt\/index.php?rest_route=\/wp\/v2\/pages\/11090\/revisions"}],"predecessor-version":[{"id":26858,"href":"https:\/\/www.vokes.vilnius.lm.lt\/index.php?rest_route=\/wp\/v2\/pages\/11090\/revisions\/26858"}],"wp:attachment":[{"href":"https:\/\/www.vokes.vilnius.lm.lt\/index.php?rest_route=%2Fwp%2Fv2%2Fmedia&parent=11090"}],"curies":[{"name":"wp","href":"https:\/\/api.w.org\/{rel}","templated":true}]}}