{"id":109,"date":"2012-12-02T14:55:45","date_gmt":"2012-12-02T14:55:45","guid":{"rendered":"http:\/\/www2156.vu.lt\/?page_id=109"},"modified":"2026-01-07T10:11:03","modified_gmt":"2026-01-07T08:11:03","slug":"mokyklos-taryba","status":"publish","type":"page","link":"https:\/\/www.vokes.vilnius.lm.lt\/?page_id=109","title":{"rendered":"Gimnazijos taryba"},"content":{"rendered":"<div class=\"entry\">\n<div><span style=\"font-family: 'times new roman', times, serif; font-size: 14pt;\">Gimnazijos tarybos nariai i\u0161rinkti 2025.02.10<\/span><\/div>\n<div>&nbsp;<\/div>\n<div><span style=\"font-size: 14pt;\"><span style=\"font-family: 'times new roman',times;\">MOKYTOJAI:<br \/>\nTadas Mindaugas Matijo\u0161aitis&nbsp; \u2013 tarybos pirmininkas, socialinis pedagogas<br \/>\nGita V\u0117brien\u0117 \u2013&nbsp;pradini\u0173 klasi\u0173 mokytoja metodinink\u0117<br \/>\nDanut\u0117 Drum\u017elien\u0117&nbsp;\u2013 lietuvi\u0173 kalbos vyr. mokytoja<br \/>\n<\/span><span style=\"font-family: 'times new roman', times, serif;\">Irina U\u017edavinien\u0117<strong> \u2013&nbsp;<\/strong>vokie\u010di\u0173 ir rus\u0173 kalbos mokytoja metodinink\u0117<br \/>\n<\/span><span style=\"font-family: 'times new roman', times, serif;\">Ieva Valiukien\u0117&nbsp;\u2013 pradini\u0173 klasi\u0173 vyr. mokytoja<br \/>\n<\/span><span style=\"font-family: 'times new roman', times, serif;\">Bo\u017eena Macinkevi\u010d&nbsp;\u2013&nbsp;bendruomen\u0117s atstov\u0117, Vilniaus miesto savivaldyb\u0117s Paneri\u0173 seni\u016bnijos seni\u016bn\u0117<\/span><\/span><\/div>\n<p>&nbsp;<\/p>\n<p><span style=\"font-family: 'times new roman', times; font-size: 14pt;\">T\u0116VAI:<br \/>\n<\/span><span style=\"font-size: 14pt;\"><span style=\"font-family: 'times new roman', times, serif;\">Ugn\u0117 Bazien\u0117<br \/>\n<\/span><span style=\"font-family: 'times new roman', times, serif;\">Jolita D\u017eervien\u0117<br \/>\n<\/span><span style=\"font-family: 'times new roman', times, serif;\">Jekaterina Levick\u0117<br \/>\n<\/span><span style=\"font-family: 'times new roman', times, serif;\">Migl\u0117 Poliakuvien\u0117<br \/>\n<\/span><span style=\"font-family: 'times new roman', times, serif;\">Oksana Zajan\u010dkauskien\u0117<\/span><\/span><\/p>\n<p><span style=\"font-family: 'times new roman', times; font-size: 14pt;\"><br \/>\n<\/span><\/p>\n<div><span style=\"font-family: 'times new roman', times; font-size: 14pt;\">MOKINIAI:<\/span><\/div>\n<div><span style=\"font-family: 'times new roman', times; font-size: 14pt;\">Gabija Morozait\u0117&nbsp;\u2013 IIb kl. mokin\u0117<br \/>\nGust\u0117 Eglynait\u0117&nbsp;\u2013 Ib kl. mokin\u0117<br \/>\nKamila Nevero&nbsp;\u2013 III kl. mokin\u0117<br \/>\nAgn\u0117 Savickait\u0117&nbsp;\u2013 III kl. mokin\u0117<br \/>\nAgn\u0117 Kala\u0161nikovait\u0117&nbsp;\u2013 III kl. mokin\u0117<br \/>\n<\/span><\/div>\n<div>&nbsp;<\/div>\n<p><span style=\"font-size: 14pt;\"><a href=\"http:\/\/www.vokes.vilnius.lm.lt\/wp-content\/uploads\/2026\/01\/MT_darbo_reglamentas_2016-02-19.pdf\" target=\"_blank\" rel=\"noopener noreferrer\"><span style=\"font-family: 'times new roman', times;\">&nbsp;GIMNAZIJOS TARYBOS DARBO REGLAMENTAS<\/span><\/a><\/span><\/p>\n<\/div>\n","protected":false},"excerpt":{"rendered":"<p>Gimnazijos tarybos nariai i\u0161rinkti 2025.02.10 &nbsp; MOKYTOJAI: Tadas Mindaugas Matijo\u0161aitis&nbsp; \u2013 tarybos pirmininkas, socialinis pedagogas Gita V\u0117brien\u0117 \u2013&nbsp;pradini\u0173 klasi\u0173 mokytoja metodinink\u0117 Danut\u0117 Drum\u017elien\u0117&nbsp;\u2013 lietuvi\u0173 kalbos vyr. mokytoja Irina U\u017edavinien\u0117 \u2013&nbsp;vokie\u010di\u0173 ir rus\u0173 kalbos mokytoja metodinink\u0117 Ieva Valiukien\u0117&nbsp;\u2013 pradini\u0173 klasi\u0173 vyr. mokytoja Bo\u017eena Macinkevi\u010d&nbsp;\u2013&nbsp;bendruomen\u0117s atstov\u0117, Vilniaus miesto savivaldyb\u0117s Paneri\u0173 seni\u016bnijos seni\u016bn\u0117 &nbsp; T\u0116VAI: Ugn\u0117 Bazien\u0117 Jolita &#8230;<\/p>\n","protected":false},"author":1,"featured_media":0,"parent":19,"menu_order":2,"comment_status":"closed","ping_status":"closed","template":"","meta":{"footnotes":""},"class_list":["post-109","page","type-page","status-publish"],"_links":{"self":[{"href":"https:\/\/www.vokes.vilnius.lm.lt\/index.php?rest_route=\/wp\/v2\/pages\/109","targetHints":{"allow":["GET"]}}],"collection":[{"href":"https:\/\/www.vokes.vilnius.lm.lt\/index.php?rest_route=\/wp\/v2\/pages"}],"about":[{"href":"https:\/\/www.vokes.vilnius.lm.lt\/index.php?rest_route=\/wp\/v2\/types\/page"}],"author":[{"embeddable":true,"href":"https:\/\/www.vokes.vilnius.lm.lt\/index.php?rest_route=\/wp\/v2\/users\/1"}],"replies":[{"embeddable":true,"href":"https:\/\/www.vokes.vilnius.lm.lt\/index.php?rest_route=%2Fwp%2Fv2%2Fcomments&post=109"}],"version-history":[{"count":44,"href":"https:\/\/www.vokes.vilnius.lm.lt\/index.php?rest_route=\/wp\/v2\/pages\/109\/revisions"}],"predecessor-version":[{"id":26403,"href":"https:\/\/www.vokes.vilnius.lm.lt\/index.php?rest_route=\/wp\/v2\/pages\/109\/revisions\/26403"}],"up":[{"embeddable":true,"href":"https:\/\/www.vokes.vilnius.lm.lt\/index.php?rest_route=\/wp\/v2\/pages\/19"}],"wp:attachment":[{"href":"https:\/\/www.vokes.vilnius.lm.lt\/index.php?rest_route=%2Fwp%2Fv2%2Fmedia&parent=109"}],"curies":[{"name":"wp","href":"https:\/\/api.w.org\/{rel}","templated":true}]}}