{"id":102,"date":"2012-12-02T14:52:22","date_gmt":"2012-12-02T14:52:22","guid":{"rendered":"http:\/\/www2156.vu.lt\/?page_id=102"},"modified":"2025-12-11T12:35:15","modified_gmt":"2025-12-11T10:35:15","slug":"padekos-mokytojams-ir-moksleiviams","status":"publish","type":"page","link":"https:\/\/www.vokes.vilnius.lm.lt\/?page_id=102","title":{"rendered":"Pad\u0117kos"},"content":{"rendered":"<div class=\"entry\">\n<p><span style=\"font-size: 14pt;\"><a href=\"http:\/\/www.vokes.vilnius.lm.lt\/wp-content\/uploads\/2025\/05\/Vilniaus-Traku-Vokes-gimnazija.pdf\" target=\"_blank\" rel=\"noopener noreferrer\"><span style=\"font-family: 'times new roman', times, serif;\">Vilniaus miesto 3\u20134 klasi\u0173 mokini\u0173 diktanto konkurso \u201eMa\u017e\u0173j\u0173 diktantas\u201d II etape I vieta<\/span><\/a><\/span><\/p>\n<p><span style=\"font-size: 14pt;\"><a href=\"http:\/\/www.vokes.vilnius.lm.lt\/wp-content\/uploads\/2025\/01\/img20250124_10092330-e1737706312145.jpg\" target=\"_blank\" rel=\"noopener noreferrer\"><span style=\"font-family: 'times new roman', times, serif;\">\u201eVilnius yra mokykla\u201c<\/span><\/a><\/span><\/p>\n<p><span style=\"font-size: 14pt;\"><a href=\"http:\/\/www.vokes.vilnius.lm.lt\/wp-content\/uploads\/2024\/11\/Pyrag\u0173-dienos-PAD\u0116KA-Vilniaus-Trak\u0173-Vok\u0117s-gimnazija.pdf\" target=\"_blank\" rel=\"noopener noreferrer\"><span style=\"font-family: 'times new roman', times, serif;\">Pad\u0117ka u\u017e dalyvavim\u0105 Pyrag\u0173 dienoje ir param\u0105 iniciatyvai \u201eNiekieno vaikai\u201d<\/span><\/a><\/span><\/p>\n<p><span style=\"font-size: 14pt;\"><a href=\"http:\/\/www.vokes.vilnius.lm.lt\/wp-content\/uploads\/2024\/03\/01.jpg\" target=\"_blank\" rel=\"noopener noreferrer\"><span style=\"font-family: 'times new roman', times, serif;\">II vieta Vilniaus miesto informatikos olimpiadoje A. Urliuk<\/span><\/a><\/span><\/p>\n<p><span style=\"font-size: 14pt;\"><a href=\"http:\/\/www.vokes.vilnius.lm.lt\/wp-content\/uploads\/2024\/03\/02.jpg\" target=\"_blank\" rel=\"noopener noreferrer\"><span style=\"font-family: 'times new roman', times, serif;\">III vieta Vilniaus miesto informatikos olimpiadoje M.&nbsp;Gruzdzevi\u010dius<\/span><\/a><\/span><\/p>\n<p><span style=\"font-size: 14pt;\"><a href=\"http:\/\/www.vokes.vilnius.lm.lt\/wp-content\/uploads\/2023\/03\/img20230317_09431802.pdf\" target=\"_blank\" rel=\"noopener noreferrer\"><span style=\"font-family: 'times new roman', times, serif;\">III vieta Vilniaus miesto informatikos olimpiadoje A. Urliuk<\/span><\/a><\/span><\/p>\n<p><span style=\"font-size: 14pt;\"><a href=\"http:\/\/www.vokes.vilnius.lm.lt\/wp-content\/uploads\/2023\/01\/Vilt\u0117s-II-vieta.pdf\" target=\"_blank\" rel=\"noopener noreferrer\"><span style=\"font-family: 'times new roman', times, serif;\">II vieta floristikos konkurse \u201eD\u016bzgiam Kal\u0117das sode!\u201d<\/span><\/a><\/span><\/p>\n<p><span style=\"font-size: 14pt;\"><a href=\"http:\/\/www.vokes.vilnius.lm.lt\/wp-content\/uploads\/2023\/01\/Pad\u0117ka-V.pdf\" target=\"_blank\" rel=\"noopener noreferrer\"><span style=\"font-family: 'times new roman', times, serif;\">Lankytoj\u0173 prizas \u201eD\u016bzgiam Kal\u0117das sode\u201d<\/span><\/a><\/span><\/p>\n<p><span style=\"font-size: 14pt;\"><a href=\"http:\/\/www.vokes.vilnius.lm.lt\/wp-content\/uploads\/2025\/12\/Nupie\u0161k-man-av\u012f_page-0001.jpg\" target=\"_blank\" rel=\"noopener noreferrer\"><span style=\"font-family: 'times new roman', times, serif;\">Pad\u0117ka \u201eNupie\u0161k man av\u012f\u201c<\/span><\/a><\/span><\/p>\n<p>&nbsp;<\/p>\n<\/div>\n","protected":false},"excerpt":{"rendered":"<p>Vilniaus miesto 3\u20134 klasi\u0173 mokini\u0173 diktanto konkurso \u201eMa\u017e\u0173j\u0173 diktantas\u201d II etape I vieta \u201eVilnius yra mokykla\u201c Pad\u0117ka u\u017e dalyvavim\u0105 Pyrag\u0173 dienoje ir param\u0105 iniciatyvai \u201eNiekieno vaikai\u201d II vieta Vilniaus miesto informatikos olimpiadoje A. Urliuk III vieta Vilniaus miesto informatikos olimpiadoje M.&nbsp;Gruzdzevi\u010dius III vieta Vilniaus miesto informatikos olimpiadoje A. Urliuk II vieta floristikos konkurse \u201eD\u016bzgiam Kal\u0117das &#8230;<\/p>\n","protected":false},"author":1,"featured_media":0,"parent":18,"menu_order":3,"comment_status":"closed","ping_status":"closed","template":"","meta":{"footnotes":""},"class_list":["post-102","page","type-page","status-publish"],"_links":{"self":[{"href":"https:\/\/www.vokes.vilnius.lm.lt\/index.php?rest_route=\/wp\/v2\/pages\/102","targetHints":{"allow":["GET"]}}],"collection":[{"href":"https:\/\/www.vokes.vilnius.lm.lt\/index.php?rest_route=\/wp\/v2\/pages"}],"about":[{"href":"https:\/\/www.vokes.vilnius.lm.lt\/index.php?rest_route=\/wp\/v2\/types\/page"}],"author":[{"embeddable":true,"href":"https:\/\/www.vokes.vilnius.lm.lt\/index.php?rest_route=\/wp\/v2\/users\/1"}],"replies":[{"embeddable":true,"href":"https:\/\/www.vokes.vilnius.lm.lt\/index.php?rest_route=%2Fwp%2Fv2%2Fcomments&post=102"}],"version-history":[{"count":107,"href":"https:\/\/www.vokes.vilnius.lm.lt\/index.php?rest_route=\/wp\/v2\/pages\/102\/revisions"}],"predecessor-version":[{"id":26236,"href":"https:\/\/www.vokes.vilnius.lm.lt\/index.php?rest_route=\/wp\/v2\/pages\/102\/revisions\/26236"}],"up":[{"embeddable":true,"href":"https:\/\/www.vokes.vilnius.lm.lt\/index.php?rest_route=\/wp\/v2\/pages\/18"}],"wp:attachment":[{"href":"https:\/\/www.vokes.vilnius.lm.lt\/index.php?rest_route=%2Fwp%2Fv2%2Fmedia&parent=102"}],"curies":[{"name":"wp","href":"https:\/\/api.w.org\/{rel}","templated":true}]}}