{"id":100,"date":"2012-12-02T14:51:44","date_gmt":"2012-12-02T14:51:44","guid":{"rendered":"http:\/\/www2156.vu.lt\/?page_id=100"},"modified":"2025-12-11T12:54:24","modified_gmt":"2025-12-11T10:54:24","slug":"sporto","status":"publish","type":"page","link":"https:\/\/www.vokes.vilnius.lm.lt\/?page_id=100","title":{"rendered":"Sporto"},"content":{"rendered":"<div class=\"entry\">\n<p style=\"text-align: left;\"><span style=\"font-family: 'times new roman', times, serif; font-size: 14pt;\"><strong>Sporto pasiekimai 2024-2025 m.m.<\/strong><\/span><\/p>\n<ul>\n<li><span style=\"font-family: 'times new roman', times, serif; font-size: 14pt;\">Gimnazijos mokini\u0173 komanda (mokyt. K\u0119stutis Ba\u010dkis) Lietuvos jaunimo l\u0117k\u0161\u010diasvyd\u017eio \u010dempionate Kaune u\u017e\u0117m\u0117 dvi pirmas, dvi antras, vien\u0105 tre\u010di\u0105, vien\u0105 ketvirt\u0105 vietas.<\/span><\/li>\n<li><span style=\"font-family: 'times new roman', times, serif; font-size: 14pt;\">Gimnazijos mokini\u0173 komanda&nbsp; (mokyt. K\u0119stutis Ba\u010dkis) \u201eVilniaus Frisbee\u201c turnyre u\u017e\u0117m\u0117 dvi pirmas, vien\u0105 antr\u0105 vietas.<\/span><\/li>\n<li><span style=\"font-family: 'times new roman', times, serif; font-size: 14pt;\">Gimnazijos 4 klasi\u0173 mokini\u0173 komanda (mokyt. K\u0119stutis Ba\u010dkis, Aist\u0117 Vaik\u0161norien\u0117, Rasa Kasperavi\u010di\u016bt\u0117) Vilniaus miesto \u201eDr\u0105s\u016bs, stipr\u016bs, vikr\u016bs\u201c var\u017eyb\u0173 finaliniame etape u\u017e\u0117m\u0117 antr\u0105 viet\u0105.<\/span><\/li>\n<\/ul>\n<p style=\"text-align: left;\">&nbsp;<\/p>\n<p style=\"text-align: left;\"><span style=\"font-family: 'times new roman', times, serif; font-size: 14pt;\"><strong>Sporto pasiekimai 2023-2024 m.m.<\/strong><\/span><\/p>\n<ul>\n<li><span style=\"font-family: 'times new roman', times, serif; font-size: 14pt;\">Gimnazijos vaikin\u0173 komanda (treneris Rimantas \u010caikauskas) Lietuvos \u010dempionate U-10 i\u0161kovojo III viet\u0105 (bronzos medalis)<\/span><\/li>\n<li><span style=\"font-family: 'times new roman', times, serif; font-size: 14pt;\">Gimnazijos vaikin\u0173 komanda (treneris Rimantas \u010caikauskas) Lietuvos \u010dempionate U-12 i\u0161kovojo II viet\u0105 (sidabro medalis)<\/span><\/li>\n<li><span style=\"font-family: 'times new roman', times, serif; font-size: 14pt;\">Gimnazijos vaikin\u0173 komanda (treneris Rimantas \u010caikauskas) Lietuvos \u010dempionate U-16 i\u0161kovojo V viet\u0105<\/span><\/li>\n<li><span style=\"font-family: 'times new roman', times, serif; font-size: 14pt;\">Gimnazijos mokiniai Nedas Razma, Danielius Petkevi\u010d, Leonardas Kazakovas (mokyt. Rimantas \u010caikauskas) Lietuvos \u017eol\u0117s riedulio \u010dempionate u\u017e\u0117m\u0117 II viet\u0105.<\/span><\/li>\n<li><span style=\"font-family: 'times new roman', times, serif; font-size: 14pt;\">Gimnazijos mokiniai Leonardas Kazakovas, Danielius Petkevi\u010d, Nedas Razma \u2013 Lietuvos vice\u010dempionai.<\/span><\/li>\n<li><span style=\"font-family: 'times new roman', times, serif; font-size: 14pt;\">Gimnazijos mokiniai Nedas Razma, Danielius Petkevi\u010d, Leonardas Kazakovas yra Lietuvos \u017eol\u0117s riedulio nacionalin\u0117s rinktin\u0117s \u017eaid\u0117jai.<\/span><\/li>\n<li><span style=\"font-family: 'times new roman', times, serif; font-size: 14pt;\">Gimnazijos mokini\u0173 komanda (mokyt. K\u0119stutis Ba\u010dkis) Lietuvos l\u0117k\u0161\u010diasvyd\u017eio \u010dempionate u\u017e\u0117m\u0117 VIII viet\u0105.<\/span><\/li>\n<li><span style=\"font-family: 'times new roman', times, serif; font-size: 14pt;\">Gimnazijos mokini\u0173 komanda (mokyt. K\u0119stutis Ba\u010dkis) Lietuvos moksleivi\u0173 l\u0117k\u0161\u010diasvyd\u017eio jaunimo \u010dempionate (mergin\u0173, vaikin\u0173 pogrupiai) u\u017e\u0117m\u0117 tris pirmas, vien\u0105 antr\u0105 ir vien\u0105 tre\u010di\u0105 vietas.<\/span><\/li>\n<li><span style=\"font-family: 'times new roman', times, serif; font-size: 14pt;\">Gimnazijos mokini\u0173 komanda (mokyt. K\u0119stutis Ba\u010dkis) Vilniaus moksleivi\u0173 l\u0117k\u0161\u010diasvyd\u017eio taur\u0117s var\u017eybose u\u017e\u0117m\u0117 II &#8211; III vietas.<\/span><\/li>\n<\/ul>\n<p style=\"text-align: left;\">&nbsp;<\/p>\n<\/div>\n","protected":false},"excerpt":{"rendered":"<p>Sporto pasiekimai 2024-2025 m.m. Gimnazijos mokini\u0173 komanda (mokyt. K\u0119stutis Ba\u010dkis) Lietuvos jaunimo l\u0117k\u0161\u010diasvyd\u017eio \u010dempionate Kaune u\u017e\u0117m\u0117 dvi pirmas, dvi antras, vien\u0105 tre\u010di\u0105, vien\u0105 ketvirt\u0105 vietas. Gimnazijos mokini\u0173 komanda&nbsp; (mokyt. K\u0119stutis Ba\u010dkis) \u201eVilniaus Frisbee\u201c turnyre u\u017e\u0117m\u0117 dvi pirmas, vien\u0105 antr\u0105 vietas. Gimnazijos 4 klasi\u0173 mokini\u0173 komanda (mokyt. K\u0119stutis Ba\u010dkis, Aist\u0117 Vaik\u0161norien\u0117, Rasa Kasperavi\u010di\u016bt\u0117) Vilniaus miesto \u201eDr\u0105s\u016bs, &#8230;<\/p>\n","protected":false},"author":1,"featured_media":0,"parent":18,"menu_order":2,"comment_status":"closed","ping_status":"closed","template":"","meta":{"footnotes":""},"class_list":["post-100","page","type-page","status-publish"],"_links":{"self":[{"href":"https:\/\/www.vokes.vilnius.lm.lt\/index.php?rest_route=\/wp\/v2\/pages\/100","targetHints":{"allow":["GET"]}}],"collection":[{"href":"https:\/\/www.vokes.vilnius.lm.lt\/index.php?rest_route=\/wp\/v2\/pages"}],"about":[{"href":"https:\/\/www.vokes.vilnius.lm.lt\/index.php?rest_route=\/wp\/v2\/types\/page"}],"author":[{"embeddable":true,"href":"https:\/\/www.vokes.vilnius.lm.lt\/index.php?rest_route=\/wp\/v2\/users\/1"}],"replies":[{"embeddable":true,"href":"https:\/\/www.vokes.vilnius.lm.lt\/index.php?rest_route=%2Fwp%2Fv2%2Fcomments&post=100"}],"version-history":[{"count":39,"href":"https:\/\/www.vokes.vilnius.lm.lt\/index.php?rest_route=\/wp\/v2\/pages\/100\/revisions"}],"predecessor-version":[{"id":26241,"href":"https:\/\/www.vokes.vilnius.lm.lt\/index.php?rest_route=\/wp\/v2\/pages\/100\/revisions\/26241"}],"up":[{"embeddable":true,"href":"https:\/\/www.vokes.vilnius.lm.lt\/index.php?rest_route=\/wp\/v2\/pages\/18"}],"wp:attachment":[{"href":"https:\/\/www.vokes.vilnius.lm.lt\/index.php?rest_route=%2Fwp%2Fv2%2Fmedia&parent=100"}],"curies":[{"name":"wp","href":"https:\/\/api.w.org\/{rel}","templated":true}]}}